{"id":17212,"date":"2021-08-18T12:42:50","date_gmt":"2021-08-18T10:42:50","guid":{"rendered":"https:\/\/sklep.hewalex.pl\/?post_type=product&#038;p=17212"},"modified":"2026-04-09T07:48:33","modified_gmt":"2026-04-09T05:48:33","slug":"bluza-robocza-emerton-z-logo-hewalex","status":"publish","type":"product","link":"https:\/\/sklep.hewalex.pl\/pl\/produkt\/bluza-robocza-emerton-z-logo-hewalex\/","title":{"rendered":"Bluza Emerton"},"content":{"rendered":"","protected":false},"excerpt":{"rendered":"<p>Wygodna i bardzo wytrzyma\u0142a kurtka robocza Emerton. Miejscami wzmacniana materia\u0142em poliestrowym 600D. Posiada wentylacj\u0119 pod pachami, podw\u00f3jne wzmocnienia na \u0142okciach, r\u0119kawy zako\u0144czone s\u0105 elastycznym \u015bci\u0105gaczem. Tabel\u0119 rozmiar\u00f3w odzie\u017cy roboczej Emerton znajdziesz <strong><a href=\"https:\/\/sklep.hewalex.pl\/wp-content\/uploads\/2021\/08\/rozmiary-szorty.pdf\" target=\"_blank\" rel=\"noopener\">tutaj\u00a0\u00a0<\/a><\/strong><\/p>\n<div class=\"description woocommerce-product-details__short-description\">\n<p>Czas realizacji zam\u00f3wienia: 10 dni roboczych<\/p>\n<\/div>\n","protected":false},"featured_media":35806,"comment_status":"closed","ping_status":"closed","template":"","meta":[],"product_brand":[],"product_cat":[232],"product_tag":[],"class_list":{"0":"post-17212","1":"product","2":"type-product","3":"status-publish","4":"has-post-thumbnail","6":"product_cat-gadzety","7":"product_shipping_class-box","9":"first","10":"instock","11":"taxable","12":"shipping-taxable","13":"purchasable","14":"product-type-variable"},"_links":{"self":[{"href":"https:\/\/sklep.hewalex.pl\/pl\/wp-json\/wp\/v2\/product\/17212","targetHints":{"allow":["GET"]}}],"collection":[{"href":"https:\/\/sklep.hewalex.pl\/pl\/wp-json\/wp\/v2\/product"}],"about":[{"href":"https:\/\/sklep.hewalex.pl\/pl\/wp-json\/wp\/v2\/types\/product"}],"replies":[{"embeddable":true,"href":"https:\/\/sklep.hewalex.pl\/pl\/wp-json\/wp\/v2\/comments?post=17212"}],"wp:featuredmedia":[{"embeddable":true,"href":"https:\/\/sklep.hewalex.pl\/pl\/wp-json\/wp\/v2\/media\/35806"}],"wp:attachment":[{"href":"https:\/\/sklep.hewalex.pl\/pl\/wp-json\/wp\/v2\/media?parent=17212"}],"wp:term":[{"taxonomy":"product_brand","embeddable":true,"href":"https:\/\/sklep.hewalex.pl\/pl\/wp-json\/wp\/v2\/product_brand?post=17212"},{"taxonomy":"product_cat","embeddable":true,"href":"https:\/\/sklep.hewalex.pl\/pl\/wp-json\/wp\/v2\/product_cat?post=17212"},{"taxonomy":"product_tag","embeddable":true,"href":"https:\/\/sklep.hewalex.pl\/pl\/wp-json\/wp\/v2\/product_tag?post=17212"}],"curies":[{"name":"wp","href":"https:\/\/api.w.org\/{rel}","templated":true}]}}