{"id":17085,"date":"2021-08-13T16:43:36","date_gmt":"2021-08-13T14:43:36","guid":{"rendered":"https:\/\/sklep.hewalex.pl\/?post_type=product&#038;p=17085"},"modified":"2026-04-21T14:48:09","modified_gmt":"2026-04-21T12:48:09","slug":"spodnie-robocze-od-pasa-emerton-z-logo-hewalex","status":"publish","type":"product","link":"https:\/\/sklep.hewalex.pl\/pl\/produkt\/spodnie-robocze-od-pasa-emerton-z-logo-hewalex\/","title":{"rendered":"Spodnie robocze Emerton"},"content":{"rendered":"","protected":false},"excerpt":{"rendered":"<p>Wygodne i wytrzyma\u0142e spodnie robocze Emerton. Miejscami wzmacniane materia\u0142em poliestrowym 600D. Posiadaj\u0105 podw\u00f3jne wzmocnienia na kolanach umo\u017cliwiaj\u0105ce w\u0142o\u017cenie nakolannik\u00f3w oraz p\u0119telk\u0119 na m\u0142otek. Tabel\u0119 rozmiar\u00f3w odzie\u017cy roboczej Emerton znajdziesz <strong><a href=\"https:\/\/sklep.hewalex.pl\/wp-content\/uploads\/2021\/08\/rozmiary-szorty.pdf\" target=\"_blank\" rel=\"noopener\">tutaj<\/a><\/strong><\/p>\n<div class=\"description woocommerce-product-details__short-description\">\n<p>Czas realizacji zam\u00f3wienia: 10 dni roboczych<\/p>\n<\/div>\n","protected":false},"featured_media":35803,"comment_status":"closed","ping_status":"closed","template":"","meta":[],"product_brand":[],"product_cat":[232],"product_tag":[],"class_list":{"0":"post-17085","1":"product","2":"type-product","3":"status-publish","4":"has-post-thumbnail","6":"product_cat-gadzety","7":"product_shipping_class-box","9":"first","10":"instock","11":"taxable","12":"shipping-taxable","13":"purchasable","14":"product-type-variable"},"_links":{"self":[{"href":"https:\/\/sklep.hewalex.pl\/pl\/wp-json\/wp\/v2\/product\/17085","targetHints":{"allow":["GET"]}}],"collection":[{"href":"https:\/\/sklep.hewalex.pl\/pl\/wp-json\/wp\/v2\/product"}],"about":[{"href":"https:\/\/sklep.hewalex.pl\/pl\/wp-json\/wp\/v2\/types\/product"}],"replies":[{"embeddable":true,"href":"https:\/\/sklep.hewalex.pl\/pl\/wp-json\/wp\/v2\/comments?post=17085"}],"wp:featuredmedia":[{"embeddable":true,"href":"https:\/\/sklep.hewalex.pl\/pl\/wp-json\/wp\/v2\/media\/35803"}],"wp:attachment":[{"href":"https:\/\/sklep.hewalex.pl\/pl\/wp-json\/wp\/v2\/media?parent=17085"}],"wp:term":[{"taxonomy":"product_brand","embeddable":true,"href":"https:\/\/sklep.hewalex.pl\/pl\/wp-json\/wp\/v2\/product_brand?post=17085"},{"taxonomy":"product_cat","embeddable":true,"href":"https:\/\/sklep.hewalex.pl\/pl\/wp-json\/wp\/v2\/product_cat?post=17085"},{"taxonomy":"product_tag","embeddable":true,"href":"https:\/\/sklep.hewalex.pl\/pl\/wp-json\/wp\/v2\/product_tag?post=17085"}],"curies":[{"name":"wp","href":"https:\/\/api.w.org\/{rel}","templated":true}]}}