{"id":16791,"date":"2021-10-26T15:13:20","date_gmt":"2021-10-26T13:13:20","guid":{"rendered":"https:\/\/sklep.hewalex.pl\/?post_type=product&#038;p=16791"},"modified":"2026-04-21T18:03:05","modified_gmt":"2026-04-21T16:03:05","slug":"grzalka-selfa-60kw-400v-6-4","status":"publish","type":"product","link":"https:\/\/sklep.hewalex.pl\/pl\/produkt\/grzalka-selfa-60kw-400v-6-4\/","title":{"rendered":"Grza\u0142ka SELFA 6,0KW-400V-6\/4\u2033"},"content":{"rendered":"","protected":false},"excerpt":{"rendered":"<p>Grza\u0142ka elektryczna przeznaczona jest do podgrzewania ciep\u0142ej wody u\u017cytkowej lub wody grzewczej. Mo\u017cliwe jest zastosowanie grza\u0142ki w zbiornikach wyposa\u017conych w kr\u00f3ciec 6\/4\u2033.\u00a0 Wbudowany termostat pozwala na nastaw\u0119 temperatury podgrzewanej wody od 5 do 65<sup>o<\/sup>C. Napi\u0119cie zasilaj\u0105ce 230V\/400V~. Grza\u0142ka wyposa\u017cona jest w 5m przew\u00f3d zasilaj\u0105cy.<\/p>\n","protected":false},"featured_media":20582,"comment_status":"closed","ping_status":"closed","template":"","meta":[],"product_brand":[],"product_cat":[167,172],"product_tag":[],"class_list":{"0":"post-16791","1":"product","2":"type-product","3":"status-publish","4":"has-post-thumbnail","6":"product_cat-pompy-ciepla-pcco","7":"product_cat-osprzet-dodatkowy-pompy-ciepla-pcco","8":"product_shipping_class-box","10":"first","11":"instock","12":"taxable","13":"shipping-taxable","14":"purchasable","15":"product-type-simple"},"_links":{"self":[{"href":"https:\/\/sklep.hewalex.pl\/pl\/wp-json\/wp\/v2\/product\/16791","targetHints":{"allow":["GET"]}}],"collection":[{"href":"https:\/\/sklep.hewalex.pl\/pl\/wp-json\/wp\/v2\/product"}],"about":[{"href":"https:\/\/sklep.hewalex.pl\/pl\/wp-json\/wp\/v2\/types\/product"}],"replies":[{"embeddable":true,"href":"https:\/\/sklep.hewalex.pl\/pl\/wp-json\/wp\/v2\/comments?post=16791"}],"wp:featuredmedia":[{"embeddable":true,"href":"https:\/\/sklep.hewalex.pl\/pl\/wp-json\/wp\/v2\/media\/20582"}],"wp:attachment":[{"href":"https:\/\/sklep.hewalex.pl\/pl\/wp-json\/wp\/v2\/media?parent=16791"}],"wp:term":[{"taxonomy":"product_brand","embeddable":true,"href":"https:\/\/sklep.hewalex.pl\/pl\/wp-json\/wp\/v2\/product_brand?post=16791"},{"taxonomy":"product_cat","embeddable":true,"href":"https:\/\/sklep.hewalex.pl\/pl\/wp-json\/wp\/v2\/product_cat?post=16791"},{"taxonomy":"product_tag","embeddable":true,"href":"https:\/\/sklep.hewalex.pl\/pl\/wp-json\/wp\/v2\/product_tag?post=16791"}],"curies":[{"name":"wp","href":"https:\/\/api.w.org\/{rel}","templated":true}]}}