{"id":1374,"date":"2018-06-21T09:52:56","date_gmt":"2018-06-21T08:52:56","guid":{"rendered":"https:\/\/sklep.hewalex.pl\/?post_type=product&#038;p=1374"},"modified":"2026-04-15T01:30:53","modified_gmt":"2026-04-14T23:30:53","slug":"pilot-p5","status":"publish","type":"product","link":"https:\/\/sklep.hewalex.pl\/pl\/produkt\/pilot-p5\/","title":{"rendered":"Pilot P5"},"content":{"rendered":"<p>Liczba obs\u0142ugiwanych gniazd: 5<br \/>\nZasilanie: bateryjne 3V DC (3V CR2032 dodawane w zestawie)<br \/>\nCz\u0119stotliwo\u015b\u0107 pracy urz\u0105dzenia: 433,92 Hz<br \/>\nOpis anteny: wewn\u0119trzna o wzmocnieniu max. 2dBi<br \/>\nPrzybli\u017cony zasi\u0119g: 15 m<\/p>\n<p><img decoding=\"async\" class=\"alignnone size-full wp-image-9559\" src=\"https:\/\/sklep.hewalex.pl\/wp-content\/uploads\/2020\/11\/Image20201118090434.jpg\" alt=\"\" width=\"1100\" height=\"563\" srcset=\"https:\/\/sklep.hewalex.pl\/wp-content\/uploads\/2020\/11\/Image20201118090434.jpg 1100w, https:\/\/sklep.hewalex.pl\/wp-content\/uploads\/2020\/11\/Image20201118090434-600x307.jpg 600w, https:\/\/sklep.hewalex.pl\/wp-content\/uploads\/2020\/11\/Image20201118090434-700x358.jpg 700w, https:\/\/sklep.hewalex.pl\/wp-content\/uploads\/2020\/11\/Image20201118090434-768x393.jpg 768w, https:\/\/sklep.hewalex.pl\/wp-content\/uploads\/2020\/11\/Image20201118090434-640x328.jpg 640w, https:\/\/sklep.hewalex.pl\/wp-content\/uploads\/2020\/11\/Image20201118090434-400x205.jpg 400w, https:\/\/sklep.hewalex.pl\/wp-content\/uploads\/2020\/11\/Image20201118090434-450x231.jpg 450w\" sizes=\"(max-width: 1100px) 100vw, 1100px\" \/><\/p>\n<p><em>Schemat systemu OPTI-ENER w maksymalnej konfiguracji z modu\u0142ami rozszerzaj\u0105cymi<\/em><\/p>\n<h4><\/h4>\n<p><iframe loading=\"lazy\" title=\"Hewalex OPTI-ENER - animacja\" width=\"1140\" height=\"641\" src=\"https:\/\/www.youtube.com\/embed\/OZ0HqCH9Xi4?feature=oembed&#038;enablejsapi=1&#038;origin=https:\/\/sklep.hewalex.pl\" frameborder=\"0\" allow=\"accelerometer; autoplay; clipboard-write; encrypted-media; gyroscope; picture-in-picture; web-share\" referrerpolicy=\"strict-origin-when-cross-origin\" allowfullscreen><\/iframe><\/p>\n<h4>Oddawanie energii z fotowoltaiki<\/h4>\n<p><iframe loading=\"lazy\" title=\"Opti-Home - oddawanie energii z fotowoltaiki\" width=\"1140\" height=\"641\" src=\"https:\/\/www.youtube.com\/embed\/r4v2mi-90E4?feature=oembed&#038;enablejsapi=1&#038;origin=https:\/\/sklep.hewalex.pl\" frameborder=\"0\" allow=\"accelerometer; autoplay; clipboard-write; encrypted-media; gyroscope; picture-in-picture; web-share\" referrerpolicy=\"strict-origin-when-cross-origin\" allowfullscreen><\/iframe><\/p>\n<p><img decoding=\"async\" class=\" wp-image-1324\" src=\"https:\/\/sklep.hewalex.pl\/wp-content\/uploads\/2018\/05\/pdf-ico-300x300.png\" alt=\"\" width=\"44\" height=\"44\" \/><a href=\"https:\/\/sklep.hewalex.pl\/wp-content\/uploads\/2018\/06\/Hewalex_OPTI-HOME_instrukcja-montazu_17.06.2020_rev1.pdf\">Hewalex OPTI-HOME &#8211; instrukcja monta\u017cu 17.06.2020<\/a><\/p>\n","protected":false},"excerpt":{"rendered":"<p>Pilot umo\u017cliwia r\u0119czne w\u0142\u0105czanie gniazd G1 i mo\u017ce by\u0107 sparowany jednocze\u015bnie z pi\u0119cioma niezale\u017cnymi grupami gniazd.<\/p>\n","protected":false},"featured_media":1381,"comment_status":"closed","ping_status":"closed","template":"","meta":[],"product_brand":[],"product_cat":[180,107],"product_tag":[],"class_list":{"0":"post-1374","1":"product","2":"type-product","3":"status-publish","4":"has-post-thumbnail","6":"product_cat-system-opti-ener","7":"product_cat-akcesoria","8":"product_shipping_class-box","10":"first","11":"instock","12":"taxable","13":"shipping-taxable","14":"purchasable","15":"product-type-simple"},"_links":{"self":[{"href":"https:\/\/sklep.hewalex.pl\/pl\/wp-json\/wp\/v2\/product\/1374","targetHints":{"allow":["GET"]}}],"collection":[{"href":"https:\/\/sklep.hewalex.pl\/pl\/wp-json\/wp\/v2\/product"}],"about":[{"href":"https:\/\/sklep.hewalex.pl\/pl\/wp-json\/wp\/v2\/types\/product"}],"replies":[{"embeddable":true,"href":"https:\/\/sklep.hewalex.pl\/pl\/wp-json\/wp\/v2\/comments?post=1374"}],"wp:featuredmedia":[{"embeddable":true,"href":"https:\/\/sklep.hewalex.pl\/pl\/wp-json\/wp\/v2\/media\/1381"}],"wp:attachment":[{"href":"https:\/\/sklep.hewalex.pl\/pl\/wp-json\/wp\/v2\/media?parent=1374"}],"wp:term":[{"taxonomy":"product_brand","embeddable":true,"href":"https:\/\/sklep.hewalex.pl\/pl\/wp-json\/wp\/v2\/product_brand?post=1374"},{"taxonomy":"product_cat","embeddable":true,"href":"https:\/\/sklep.hewalex.pl\/pl\/wp-json\/wp\/v2\/product_cat?post=1374"},{"taxonomy":"product_tag","embeddable":true,"href":"https:\/\/sklep.hewalex.pl\/pl\/wp-json\/wp\/v2\/product_tag?post=1374"}],"curies":[{"name":"wp","href":"https:\/\/api.w.org\/{rel}","templated":true}]}}