{"id":1368,"date":"2018-06-21T09:00:01","date_gmt":"2018-06-21T08:00:01","guid":{"rendered":"https:\/\/sklep.hewalex.pl\/?post_type=product&#038;p=1368"},"modified":"2026-04-21T16:15:52","modified_gmt":"2026-04-21T14:15:52","slug":"gniazdo-zdalnie-sterowane-g1","status":"publish","type":"product","link":"https:\/\/sklep.hewalex.pl\/pl\/produkt\/gniazdo-zdalnie-sterowane-g1\/","title":{"rendered":"Gniazdo zdalnie sterowane G1"},"content":{"rendered":"<p>Maksymalne obci\u0105\u017cenie pr\u0105dowe: 16 A<br \/>\nNapi\u0119cie zasilania: 190-240 V<br \/>\nCz\u0119stotliwo\u015b\u0107 sieci: 50 Hz<br \/>\nOpis anteny: wewn\u0119trzna o wzmocnieniu max. 2dBi<br \/>\nPrzybli\u017cony zasi\u0119g: 60 m<\/p>\n<p>&nbsp;<\/p>\n<p><img decoding=\"async\" class=\"alignnone wp-image-40860 size-full\" src=\"https:\/\/sklep.hewalex.pl\/wp-content\/uploads\/2018\/06\/schemat_gniazdo-g1.jpg\" alt=\"\" width=\"1200\" height=\"594\" srcset=\"https:\/\/sklep.hewalex.pl\/wp-content\/uploads\/2018\/06\/schemat_gniazdo-g1.jpg 1200w, https:\/\/sklep.hewalex.pl\/wp-content\/uploads\/2018\/06\/schemat_gniazdo-g1-700x347.jpg 700w, https:\/\/sklep.hewalex.pl\/wp-content\/uploads\/2018\/06\/schemat_gniazdo-g1-768x380.jpg 768w, https:\/\/sklep.hewalex.pl\/wp-content\/uploads\/2018\/06\/schemat_gniazdo-g1-640x317.jpg 640w, https:\/\/sklep.hewalex.pl\/wp-content\/uploads\/2018\/06\/schemat_gniazdo-g1-400x198.jpg 400w, https:\/\/sklep.hewalex.pl\/wp-content\/uploads\/2018\/06\/schemat_gniazdo-g1-600x297.jpg 600w\" sizes=\"(max-width: 1200px) 100vw, 1200px\" \/><\/p>\n<p><em>Schemat systemu OPTI-ENER w maksymalnej konfiguracji z modu\u0142ami rozszerzaj\u0105cymi<\/em><\/p>\n<p>&nbsp;<\/p>\n<p><iframe loading=\"lazy\" title=\"Hewalex OPTI-ENER - animacja\" width=\"1140\" height=\"641\" src=\"https:\/\/www.youtube.com\/embed\/OZ0HqCH9Xi4?feature=oembed&#038;enablejsapi=1&#038;origin=https:\/\/sklep.hewalex.pl\" frameborder=\"0\" allow=\"accelerometer; autoplay; clipboard-write; encrypted-media; gyroscope; picture-in-picture; web-share\" referrerpolicy=\"strict-origin-when-cross-origin\" allowfullscreen><\/iframe><\/p>\n<h4 class=\"heading-primary\" style=\"margin-top: 40px;margin-bottom: 20px\">Oddawanie energii z fotowoltaiki<\/h4>\n<p><iframe loading=\"lazy\" title=\"Opti-Home - oddawanie energii z fotowoltaiki\" width=\"1140\" height=\"641\" src=\"https:\/\/www.youtube.com\/embed\/r4v2mi-90E4?feature=oembed&#038;enablejsapi=1&#038;origin=https:\/\/sklep.hewalex.pl\" frameborder=\"0\" allow=\"accelerometer; autoplay; clipboard-write; encrypted-media; gyroscope; picture-in-picture; web-share\" referrerpolicy=\"strict-origin-when-cross-origin\" allowfullscreen><\/iframe><\/p>\n<p>Do pobrania:<\/p>\n<p><img decoding=\"async\" class=\" wp-image-1324\" src=\"https:\/\/sklep.hewalex.pl\/wp-content\/uploads\/2018\/05\/pdf-ico-300x300.png\" alt=\"\" width=\"44\" height=\"44\" \/><a href=\"https:\/\/sklep.hewalex.pl\/wp-content\/uploads\/2018\/06\/Hewalex_OPTI-HOME_instrukcja-montazu_17.06.2020_rev1.pdf\">Hewalex OPTI-HOME &#8211; instrukcja monta\u017cu 17.06.2020<\/a><\/p>\n<p>&nbsp;<\/p>\n","protected":false},"excerpt":{"rendered":"<p>Gniazdo G1 jest odpowiedzialne za w\u0142\u0105czanie\/wy\u0142\u0105czanie urz\u0105dze\u0144 elektrycznych na podstawie sygna\u0142u z OPTI-ENER 1.0 oraz OPTI-ENER 2.0. Sterowanie odbywa si\u0119 automatycznie na podstawie nadwy\u017cki energii oraz programu czasowego lub r\u0119cznie za pomoc\u0105 platformy internetowej, aplikacji Ekontrol lub pilota P5.<\/p>\n","protected":false},"featured_media":1377,"comment_status":"closed","ping_status":"closed","template":"","meta":[],"product_brand":[],"product_cat":[180,107],"product_tag":[],"class_list":{"0":"post-1368","1":"product","2":"type-product","3":"status-publish","4":"has-post-thumbnail","6":"product_cat-system-opti-ener","7":"product_cat-akcesoria","8":"product_shipping_class-box","10":"first","11":"instock","12":"downloadable","13":"taxable","14":"shipping-taxable","15":"purchasable","16":"product-type-simple"},"_links":{"self":[{"href":"https:\/\/sklep.hewalex.pl\/pl\/wp-json\/wp\/v2\/product\/1368","targetHints":{"allow":["GET"]}}],"collection":[{"href":"https:\/\/sklep.hewalex.pl\/pl\/wp-json\/wp\/v2\/product"}],"about":[{"href":"https:\/\/sklep.hewalex.pl\/pl\/wp-json\/wp\/v2\/types\/product"}],"replies":[{"embeddable":true,"href":"https:\/\/sklep.hewalex.pl\/pl\/wp-json\/wp\/v2\/comments?post=1368"}],"wp:featuredmedia":[{"embeddable":true,"href":"https:\/\/sklep.hewalex.pl\/pl\/wp-json\/wp\/v2\/media\/1377"}],"wp:attachment":[{"href":"https:\/\/sklep.hewalex.pl\/pl\/wp-json\/wp\/v2\/media?parent=1368"}],"wp:term":[{"taxonomy":"product_brand","embeddable":true,"href":"https:\/\/sklep.hewalex.pl\/pl\/wp-json\/wp\/v2\/product_brand?post=1368"},{"taxonomy":"product_cat","embeddable":true,"href":"https:\/\/sklep.hewalex.pl\/pl\/wp-json\/wp\/v2\/product_cat?post=1368"},{"taxonomy":"product_tag","embeddable":true,"href":"https:\/\/sklep.hewalex.pl\/pl\/wp-json\/wp\/v2\/product_tag?post=1368"}],"curies":[{"name":"wp","href":"https:\/\/api.w.org\/{rel}","templated":true}]}}