{"id":12666,"date":"2021-04-08T07:34:32","date_gmt":"2021-04-08T05:34:32","guid":{"rendered":"https:\/\/sklep.hewalex.pl\/?post_type=product&#038;p=12666"},"modified":"2026-04-12T17:17:51","modified_gmt":"2026-04-12T15:17:51","slug":"anoda-do-podgrzewaczy-z-pompa-ciepla-2w300-3w300-serii-sk-k","status":"publish","type":"product","link":"https:\/\/sklep.hewalex.pl\/pl\/produkt\/anoda-do-podgrzewaczy-z-pompa-ciepla-2w300-3w300-serii-sk-k\/","title":{"rendered":"Anoda do podgrzewaczy z pomp\u0105 ciep\u0142a 2W300, 3W300 , serii SK, K"},"content":{"rendered":"<div class=\"row\">\n<h2>Pliki do pobrania:<\/h2>\n<p><img decoding=\"async\" class=\" wp-image-1324\" src=\"http:\/\/sklep.hewalex.pl\/wp-content\/uploads\/2018\/05\/pdf-ico-300x300.png\" alt=\"\" width=\"34\" height=\"34\" \/> <a href=\"https:\/\/sklep.hewalex.pl\/wp-content\/uploads\/2021\/04\/anoda-do-podgrzewaczy-z-pompa-ciepla-2w300-3w300.pdf\">Anoda do podgrzewaczy z pomp\u0105 ciep\u0142a 2W300, 3W300<\/a><\/p>\n<\/div>\n","protected":false},"excerpt":{"rendered":"<p>Element eksploatacyjny zasobnik\u00f3w i podgrzewaczy stalowych emaliowanych, zapewniaj\u0105cy dodatkow\u0105 ochron\u0119 przed korozj\u0105. Zaleca si\u0119 kontrol\u0119 stanu anody co najmniej raz na dwa lata i jej wymian\u0119 w przypadku stwierdzenia zu\u017cycia w stopniu wi\u0119kszym ni\u017c 1\/2 pocz\u0105tkowej obj\u0119to\u015bci. Regularna i udokumentowana zmiana anody mo\u017ce by\u0107 warunkiem utrzymania gwarancji urz\u0105dzenia.<br \/>\n\u015arednica i d\u0142ugo\u015b\u0107 pr\u0119ta: 21 x 320mm<br \/>\nRodzaj gwintu: 3\/4&#8221;<br \/>\nPrzeznaczenie: Zasobniki HEWALEX, seria SK \/ K (2W300 \/ 3W300)<\/p>\n","protected":false},"featured_media":41451,"comment_status":"closed","ping_status":"closed","template":"","meta":[],"product_brand":[],"product_cat":[379,378,295],"product_tag":[],"class_list":{"0":"post-12666","1":"product","2":"type-product","3":"status-publish","4":"has-post-thumbnail","6":"product_cat-anody-pompy-ciepla-pcwu","7":"product_cat-pompy-ciepla-pcwu-czesci-zamienne","8":"product_cat-czesci-zamienne","9":"product_shipping_class-box","11":"first","12":"instock","13":"taxable","14":"shipping-taxable","15":"purchasable","16":"product-type-simple"},"_links":{"self":[{"href":"https:\/\/sklep.hewalex.pl\/pl\/wp-json\/wp\/v2\/product\/12666","targetHints":{"allow":["GET"]}}],"collection":[{"href":"https:\/\/sklep.hewalex.pl\/pl\/wp-json\/wp\/v2\/product"}],"about":[{"href":"https:\/\/sklep.hewalex.pl\/pl\/wp-json\/wp\/v2\/types\/product"}],"replies":[{"embeddable":true,"href":"https:\/\/sklep.hewalex.pl\/pl\/wp-json\/wp\/v2\/comments?post=12666"}],"wp:featuredmedia":[{"embeddable":true,"href":"https:\/\/sklep.hewalex.pl\/pl\/wp-json\/wp\/v2\/media\/41451"}],"wp:attachment":[{"href":"https:\/\/sklep.hewalex.pl\/pl\/wp-json\/wp\/v2\/media?parent=12666"}],"wp:term":[{"taxonomy":"product_brand","embeddable":true,"href":"https:\/\/sklep.hewalex.pl\/pl\/wp-json\/wp\/v2\/product_brand?post=12666"},{"taxonomy":"product_cat","embeddable":true,"href":"https:\/\/sklep.hewalex.pl\/pl\/wp-json\/wp\/v2\/product_cat?post=12666"},{"taxonomy":"product_tag","embeddable":true,"href":"https:\/\/sklep.hewalex.pl\/pl\/wp-json\/wp\/v2\/product_tag?post=12666"}],"curies":[{"name":"wp","href":"https:\/\/api.w.org\/{rel}","templated":true}]}}