{"id":11472,"date":"2021-03-08T14:52:20","date_gmt":"2021-03-08T13:52:20","guid":{"rendered":"https:\/\/sklep.hewalex.pl\/?post_type=product&#038;p=11472"},"modified":"2026-04-06T11:17:29","modified_gmt":"2026-04-06T09:17:29","slug":"konektor-mc4-para-qc4-10-1500v","status":"publish","type":"product","link":"https:\/\/sklep.hewalex.pl\/pl\/produkt\/konektor-mc4-para-qc4-10-1500v\/","title":{"rendered":"KONEKTOR QC4.10 1500V (PARA)"},"content":{"rendered":"","protected":false},"excerpt":{"rendered":"<p>Konektor QC4 s\u0142u\u017cy m.in. do \u0142\u0105czenia paneli fotowoltaicznych i uzupe\u0142niania po\u0142\u0105cze\u0144 w szeregach.<\/p>\n<p>UWAGA! Konektor\u00f3w QC4 nie mo\u017cna \u0142\u0105czy\u0107 w jednym po\u0142\u0105czeniu z konektorami MC4.<\/p>\n","protected":false},"featured_media":18722,"comment_status":"closed","ping_status":"closed","template":"","meta":[],"product_brand":[],"product_cat":[360,123],"product_tag":[],"class_list":{"0":"post-11472","1":"product","2":"type-product","3":"status-publish","4":"has-post-thumbnail","6":"product_cat-fotowoltaika-wyprzedaz","7":"product_cat-wyprzedaz","8":"product_shipping_class-box","10":"first","11":"instock","12":"taxable","13":"shipping-taxable","14":"purchasable","15":"product-type-simple"},"_links":{"self":[{"href":"https:\/\/sklep.hewalex.pl\/pl\/wp-json\/wp\/v2\/product\/11472","targetHints":{"allow":["GET"]}}],"collection":[{"href":"https:\/\/sklep.hewalex.pl\/pl\/wp-json\/wp\/v2\/product"}],"about":[{"href":"https:\/\/sklep.hewalex.pl\/pl\/wp-json\/wp\/v2\/types\/product"}],"replies":[{"embeddable":true,"href":"https:\/\/sklep.hewalex.pl\/pl\/wp-json\/wp\/v2\/comments?post=11472"}],"wp:featuredmedia":[{"embeddable":true,"href":"https:\/\/sklep.hewalex.pl\/pl\/wp-json\/wp\/v2\/media\/18722"}],"wp:attachment":[{"href":"https:\/\/sklep.hewalex.pl\/pl\/wp-json\/wp\/v2\/media?parent=11472"}],"wp:term":[{"taxonomy":"product_brand","embeddable":true,"href":"https:\/\/sklep.hewalex.pl\/pl\/wp-json\/wp\/v2\/product_brand?post=11472"},{"taxonomy":"product_cat","embeddable":true,"href":"https:\/\/sklep.hewalex.pl\/pl\/wp-json\/wp\/v2\/product_cat?post=11472"},{"taxonomy":"product_tag","embeddable":true,"href":"https:\/\/sklep.hewalex.pl\/pl\/wp-json\/wp\/v2\/product_tag?post=11472"}],"curies":[{"name":"wp","href":"https:\/\/api.w.org\/{rel}","templated":true}]}}