{"id":1109,"date":"2018-03-12T08:16:42","date_gmt":"2018-03-12T07:16:42","guid":{"rendered":"http:\/\/sklep.hewalex.pl\/?post_type=product&#038;p=1109"},"modified":"2026-05-05T06:15:44","modified_gmt":"2026-05-05T04:15:44","slug":"modul-opti-temp","status":"publish","type":"product","link":"https:\/\/sklep.hewalex.pl\/pl\/produkt\/modul-opti-temp\/","title":{"rendered":"Modu\u0142 OPTI-TEMP"},"content":{"rendered":"<p>Przy rozbudowie systemu OPTI-ENER EMS o modu\u0142 OPTI-TEMP mo\u017cliwe jest pod\u0142\u0105czenie grza\u0142ek, kt\u00f3rych moc jest p\u0142ynnie regulowana w zakresie:<\/p>\n<ul>\n<li>od 0 do 6 kW dla grza\u0142ki tr\u00f3jfazowej pod\u0142\u0105czonej bezpo\u015brednio do modu\u0142u OPTI-TEMP,<\/li>\n<li>od 0 do 2 kW dla grza\u0142ki jednofazowej pod\u0142\u0105czonej bezpo\u015brednio do modu\u0142u OPTI-TEMP,<\/li>\n<li>od 0 do 20 kW dla dw\u00f3ch grza\u0142ek tr\u00f3jfazowych i jednej grza\u0142ki jednofazowej pod\u0142\u0105czonych do sterownika OPTI-ENER oraz modu\u0142u OPTI-TEMP<\/li>\n<\/ul>\n<p>Modu\u0142\u00a0OPTI-TEMP\u00a0pozwala wykorzystywa\u0107 bie\u017c\u0105ce, zmienne nadwy\u017cki energii elektrycznej wytwarzanej z instalacji fotowoltaicznej, poprzez p\u0142ynne sterowanie moc\u0105 grza\u0142ki.<br \/>\nW sk\u0142ad produktu wchodzi modu\u0142 OPTI-TEMP, czujnik temperatury zanurzeniowy NTC 10 k\u03a9, kt\u00f3ry dokonuje pomiaru temperatury wody oraz przew\u00f3d zasilaj\u0105cy.<\/p>\n<p>Dodatkow\u0105 zalet\u0105 modu\u0142u OPTI-TEMP jest rozszerzenie liczby sterowanych urz\u0105dze\u0144 elektrycznych za pomoc\u0105 dw\u00f3ch styk\u00f3w bezpotencja\u0142owych. Ca\u0142kowita liczba sterowanych urz\u0105dze\u0144 elektrycznych wynosi 6 (OPTI-ENER: 4 + OPTI-TEMP: 2).<\/p>\n<p>Modu\u0142\u00a0OPTI-TEMP\u00a0jest pod\u0142\u0105czany do centralnej jednostki\u00a0OPTI-ENER 2.0\/2.0 DIN\u00a0dwu\u017cy\u0142owym przewodem komunikacyjnym. Inn\u0105 mo\u017cliwo\u015bci\u0105 po\u0142\u0105czenia ze sob\u0105 sterownik\u00f3w jest wykorzystanie <a href=\"https:\/\/www.hewalex.pl\/oferta\/dodatkowe-akcesoria-opti-ener\/modul-radiowy-g931.html\">modu\u0142u radiowego G931<\/a>. Zaleca si\u0119 jego wykorzystanie, je\u015bli nie ma mo\u017cliwo\u015bci po\u0142\u0105czenia urz\u0105dze\u0144 bezpo\u015brednio przewodem pomi\u0119dzy centraln\u0105 jednostk\u0105\u00a0OPTI-ENER 2.0\/2.0 DIN\u00a0a modu\u0142em\u00a0OPTI-TEMP.<\/p>\n<p>&nbsp;<\/p>\n<p><strong>Funkcje realizowane przez Modu\u0142 OPTI-TEMP<\/strong><\/p>\n<ul>\n<li>p\u0142ynna regulacja mocy\u00a0grza\u0142ek elektrycznych (od 0 do 20 kW) pod\u0142\u0105czonych do podgrzewacza wody, wykorzystuj\u0105c nadwy\u017ck\u0119 energii elektrycznej,<\/li>\n<li>funkcja napi\u0119ciowa, polegaj\u0105ca na obni\u017ceniu napi\u0119cia w sieci elektrycznej, zapewniaj\u0105c ci\u0105g\u0142\u0105 prac\u0119 inwertera fotowoltaicznego,<\/li>\n<li>mo\u017cliwo\u015b\u0107 wyboru\u00a0trzech temperatur, do kt\u00f3rych b\u0119dzie podgrzewana woda<br \/>\nw podgrzewaczu \u00a0\u2013 EKO, KOMFORT, MAX,<\/li>\n<li>2 styki bezpotencja\u0142owe zwi\u0119kszaj\u0105 liczb\u0119 urz\u0105dze\u0144 sterowanych przez system OPTI-ENER \u2013 z 4 do\u00a06 urz\u0105dze\u0144,<\/li>\n<li>dodatkowo istnieje mo\u017cliwo\u015b\u0107\u00a0r\u0119cznego w\u0142\u0105czania\u00a0dw\u00f3ch pod\u0142\u0105czonych urz\u0105dze\u0144, wykorzystuj\u0105c przyciski na panelu modu\u0142u.<\/li>\n<\/ul>\n<p>&nbsp;<\/p>\n<h2>Do pobrania:<\/h2>\n<p><img decoding=\"async\" class=\" wp-image-1324\" src=\"http:\/\/sklep.hewalex.pl\/wp-content\/uploads\/2018\/05\/pdf-ico-300x300.png\" alt=\"\" width=\"34\" height=\"34\" \/> <a href=\"https:\/\/sklep.hewalex.pl\/wp-content\/uploads\/2018\/03\/Hewalex_OPTI-TEMP_Instrukcja-montazu-i-obslugi_9095.pdf\">Instrukcja monta\u017cu i obs\u0142ugi \u2013 modu\u0142 OPTI-TEMP<\/a><\/p>\n","protected":false},"excerpt":{"rendered":"<p>Modu\u0142 dodatkowy OPTI-TEMP stanowi opcjonalne rozszerzenie systemu do zarz\u0105dzania energi\u0105 OPTI-ENER EMS kt\u00f3rego producentem jest polska firma Hewalex. Pozwala zagospodarowa\u0107 nadwy\u017cki energii elektrycznej wytwarzanej w instalacji z OZE np. poprzez podgrzewanie ciep\u0142ej wody u\u017cytkowej.<\/p>\n","protected":false},"featured_media":44817,"comment_status":"closed","ping_status":"closed","template":"","meta":[],"product_brand":[],"product_cat":[107,180],"product_tag":[115],"class_list":{"0":"post-1109","1":"product","2":"type-product","3":"status-publish","4":"has-post-thumbnail","6":"product_cat-akcesoria","7":"product_cat-system-opti-ener","8":"product_tag-opti-temp","9":"product_shipping_class-box","11":"first","12":"instock","13":"taxable","14":"shipping-taxable","15":"purchasable","16":"product-type-simple"},"_links":{"self":[{"href":"https:\/\/sklep.hewalex.pl\/pl\/wp-json\/wp\/v2\/product\/1109","targetHints":{"allow":["GET"]}}],"collection":[{"href":"https:\/\/sklep.hewalex.pl\/pl\/wp-json\/wp\/v2\/product"}],"about":[{"href":"https:\/\/sklep.hewalex.pl\/pl\/wp-json\/wp\/v2\/types\/product"}],"replies":[{"embeddable":true,"href":"https:\/\/sklep.hewalex.pl\/pl\/wp-json\/wp\/v2\/comments?post=1109"}],"wp:featuredmedia":[{"embeddable":true,"href":"https:\/\/sklep.hewalex.pl\/pl\/wp-json\/wp\/v2\/media\/44817"}],"wp:attachment":[{"href":"https:\/\/sklep.hewalex.pl\/pl\/wp-json\/wp\/v2\/media?parent=1109"}],"wp:term":[{"taxonomy":"product_brand","embeddable":true,"href":"https:\/\/sklep.hewalex.pl\/pl\/wp-json\/wp\/v2\/product_brand?post=1109"},{"taxonomy":"product_cat","embeddable":true,"href":"https:\/\/sklep.hewalex.pl\/pl\/wp-json\/wp\/v2\/product_cat?post=1109"},{"taxonomy":"product_tag","embeddable":true,"href":"https:\/\/sklep.hewalex.pl\/pl\/wp-json\/wp\/v2\/product_tag?post=1109"}],"curies":[{"name":"wp","href":"https:\/\/api.w.org\/{rel}","templated":true}]}}