{"id":10240,"date":"2020-12-28T13:36:26","date_gmt":"2020-12-28T12:36:26","guid":{"rendered":"https:\/\/sklep.hewalex.pl\/?post_type=product&#038;p=10240"},"modified":"2026-04-26T21:02:37","modified_gmt":"2026-04-26T19:02:37","slug":"zlaczka-izolacyjna-gwgz-3-4-pa66-gf30","status":"publish","type":"product","link":"https:\/\/sklep.hewalex.pl\/pl\/produkt\/zlaczka-izolacyjna-gwgz-3-4-pa66-gf30\/","title":{"rendered":"Z\u0142\u0105czka izolacyjna GwGz 3\/4&#8243; PA66 GF30"},"content":{"rendered":"","protected":false},"excerpt":{"rendered":"<p>Z\u0142\u0105czka powinna by\u0107 stosowana w przypadku instalacji metalowych (np. miedzianych lub stalowych) jako izolacja zbiornika. Zapobiega korozji elektrochemicznej zbiornika w przypadku wadliwej pracy instalacji uziemiaj\u0105cej lub urz\u0105dze\u0144 elektrycznych maj\u0105cych kontakt z instalacj\u0105 wodn\u0105. Maksymalna temperatura pracy: kr\u00f3tki czas: 170\u00b0C, d\u0142ugi czas: 110\u00b0C<\/p>\n","protected":false},"featured_media":10244,"comment_status":"closed","ping_status":"closed","template":"","meta":[],"product_brand":[],"product_cat":[192,220],"product_tag":[],"class_list":{"0":"post-10240","1":"product","2":"type-product","3":"status-publish","4":"has-post-thumbnail","6":"product_cat-pompy-ciepla-pcwu","7":"product_cat-osprzet-dodatkowy-pompy-pcwu","8":"product_shipping_class-box","10":"first","11":"instock","12":"taxable","13":"shipping-taxable","14":"purchasable","15":"product-type-simple"},"_links":{"self":[{"href":"https:\/\/sklep.hewalex.pl\/pl\/wp-json\/wp\/v2\/product\/10240","targetHints":{"allow":["GET"]}}],"collection":[{"href":"https:\/\/sklep.hewalex.pl\/pl\/wp-json\/wp\/v2\/product"}],"about":[{"href":"https:\/\/sklep.hewalex.pl\/pl\/wp-json\/wp\/v2\/types\/product"}],"replies":[{"embeddable":true,"href":"https:\/\/sklep.hewalex.pl\/pl\/wp-json\/wp\/v2\/comments?post=10240"}],"wp:featuredmedia":[{"embeddable":true,"href":"https:\/\/sklep.hewalex.pl\/pl\/wp-json\/wp\/v2\/media\/10244"}],"wp:attachment":[{"href":"https:\/\/sklep.hewalex.pl\/pl\/wp-json\/wp\/v2\/media?parent=10240"}],"wp:term":[{"taxonomy":"product_brand","embeddable":true,"href":"https:\/\/sklep.hewalex.pl\/pl\/wp-json\/wp\/v2\/product_brand?post=10240"},{"taxonomy":"product_cat","embeddable":true,"href":"https:\/\/sklep.hewalex.pl\/pl\/wp-json\/wp\/v2\/product_cat?post=10240"},{"taxonomy":"product_tag","embeddable":true,"href":"https:\/\/sklep.hewalex.pl\/pl\/wp-json\/wp\/v2\/product_tag?post=10240"}],"curies":[{"name":"wp","href":"https:\/\/api.w.org\/{rel}","templated":true}]}}