{"id":10236,"date":"2020-12-28T13:37:28","date_gmt":"2020-12-28T12:37:28","guid":{"rendered":"https:\/\/sklep.hewalex.pl\/?post_type=product&#038;p=10236"},"modified":"2026-04-07T10:32:23","modified_gmt":"2026-04-07T08:32:23","slug":"zestaw-wentylacyjny-pompy-ciepla","status":"publish","type":"product","link":"https:\/\/sklep.hewalex.pl\/pl\/produkt\/zestaw-wentylacyjny-pompy-ciepla\/","title":{"rendered":"Zestaw wentylacyjny pompy ciep\u0142a"},"content":{"rendered":"<p>W sk\u0142ad zestawu wentylacyjnego wchodz\u0105 nast\u0119puj\u0105ce elementy:<\/p>\n<ul class=\"defaultList\">\n<li>Przew\u00f3d elastyczny dn160 d\u0142ugo\u015b\u0107 5 m: 1 szt.<\/li>\n<li>Przepustnica dn160 z obej\u015bciem:\u00a0<strong>1 szt.<\/strong><\/li>\n<li>Dysza dn150 dalekiego zasi\u0119gu regulowana: 1 szt.<\/li>\n<li>Mikroguma samoprzylepna 5&#215;15 d\u0142ugo\u015b\u0107 470 mm: 4 szt.<\/li>\n<li>\u0141\u0105cznik przewodu elastycznego DN160: 4 szt.<\/li>\n<\/ul>\n<p>Zestaw przeznaczony jest do pomp ciep\u0142a typoszeregu PCWU.<\/p>\n<p>&nbsp;<\/p>\n<h2>Do pobrania:<\/h2>\n<p><a href=\"https:\/\/sklep.hewalex.pl\/wp-content\/uploads\/2020\/12\/Instrukcja-zestaw-wentylacyjny-do-pompy-ciepla_05-08-2025.pdf\"><img decoding=\"async\" class=\" wp-image-1324\" src=\"http:\/\/sklep.hewalex.pl\/wp-content\/uploads\/2018\/05\/pdf-ico-300x300.png\" alt=\"\" width=\"34\" height=\"34\" \/> Instrukcja &#8211; Zestaw wentylacyjny pompy ciep\u0142a<\/a><\/p>\n","protected":false},"excerpt":{"rendered":"<p>Zestaw wentylacyjny przystosowany jest do wykonania instalacji wentylacyjnej pompy ciep\u0142a.\u00a0Powietrze zasysane jest z zewn\u0105trz, natomiast za pomoc\u0105 przepustnicy (z r\u0119czn\u0105 nastaw\u0105 po\u0142o\u017cenia) mo\u017cemy t\u0142oczy\u0107 je opcjonalnie na zewn\u0105trz budynku lub do pomieszczenia. Je\u017celi potrzebne jest zastosowanie dw\u00f3ch przepustnic (po stronia ssania i t\u0142oczenia powietrza), nale\u017cy wybra\u0107 zestaw wentylacyjny rozszerzony.<\/p>\n<p>Zastosowanie zestawu wentylacyjnego pozwala na niezale\u017cne od pomieszczenia pobieranie powietrza do pracy, co jest istotne tak\u017ce przy ma\u0142ej kubaturze, b\u0105d\u017a przy zwi\u0119kszonym zanieczyszczeniu wewn\u0105trz pomieszczenia. Sch\u0142odzone powietrze usuwane z pompy ciep\u0142a, mo\u017cna tak\u017ce wykorzysta\u0107 do okresowego (i darmowego) ch\u0142odzenia pomieszcze\u0144 w budynku.<\/p>\n","protected":false},"featured_media":10238,"comment_status":"closed","ping_status":"closed","template":"","meta":[],"product_brand":[],"product_cat":[192,220],"product_tag":[],"class_list":{"0":"post-10236","1":"product","2":"type-product","3":"status-publish","4":"has-post-thumbnail","6":"product_cat-pompy-ciepla-pcwu","7":"product_cat-osprzet-dodatkowy-pompy-pcwu","8":"product_shipping_class-box","10":"first","11":"instock","12":"taxable","13":"shipping-taxable","14":"purchasable","15":"product-type-simple"},"_links":{"self":[{"href":"https:\/\/sklep.hewalex.pl\/pl\/wp-json\/wp\/v2\/product\/10236","targetHints":{"allow":["GET"]}}],"collection":[{"href":"https:\/\/sklep.hewalex.pl\/pl\/wp-json\/wp\/v2\/product"}],"about":[{"href":"https:\/\/sklep.hewalex.pl\/pl\/wp-json\/wp\/v2\/types\/product"}],"replies":[{"embeddable":true,"href":"https:\/\/sklep.hewalex.pl\/pl\/wp-json\/wp\/v2\/comments?post=10236"}],"wp:featuredmedia":[{"embeddable":true,"href":"https:\/\/sklep.hewalex.pl\/pl\/wp-json\/wp\/v2\/media\/10238"}],"wp:attachment":[{"href":"https:\/\/sklep.hewalex.pl\/pl\/wp-json\/wp\/v2\/media?parent=10236"}],"wp:term":[{"taxonomy":"product_brand","embeddable":true,"href":"https:\/\/sklep.hewalex.pl\/pl\/wp-json\/wp\/v2\/product_brand?post=10236"},{"taxonomy":"product_cat","embeddable":true,"href":"https:\/\/sklep.hewalex.pl\/pl\/wp-json\/wp\/v2\/product_cat?post=10236"},{"taxonomy":"product_tag","embeddable":true,"href":"https:\/\/sklep.hewalex.pl\/pl\/wp-json\/wp\/v2\/product_tag?post=10236"}],"curies":[{"name":"wp","href":"https:\/\/api.w.org\/{rel}","templated":true}]}}