{"id":10227,"date":"2020-12-28T13:41:15","date_gmt":"2020-12-28T12:41:15","guid":{"rendered":"https:\/\/sklep.hewalex.pl\/?post_type=product&#038;p=10227"},"modified":"2026-04-26T19:17:17","modified_gmt":"2026-04-26T17:17:17","slug":"przewod-elastyczny-dn160-dl-5m","status":"publish","type":"product","link":"https:\/\/sklep.hewalex.pl\/pl\/produkt\/przewod-elastyczny-dn160-dl-5m\/","title":{"rendered":"Przew\u00f3d elastyczny DN160 d\u0142. 5m"},"content":{"rendered":"<h2>Do pobrania:<\/h2>\n<p><a href=\"https:\/\/sklep.hewalex.pl\/wp-content\/uploads\/2020\/12\/Instrukcja-obslugi-przewodu-elastycznego-DN160-DL.-5m__05-08-2025.pdf\"><img decoding=\"async\" class=\" wp-image-1324\" src=\"http:\/\/sklep.hewalex.pl\/wp-content\/uploads\/2018\/05\/pdf-ico-300x300.png\" alt=\"\" width=\"34\" height=\"34\" \/> Instrukcja &#8211; Przew\u00f3d elastyczny DN160 d\u0142. 5m<\/a><\/p>\n","protected":false},"excerpt":{"rendered":"<p>Przew\u00f3d elastyczny s\u0142u\u017cy do transportu powietrza w systemie instalacji zasysaj\u0105cej i wydmuchuj\u0105cej powietrze z pompy ciep\u0142a. Przy monta\u017cu nale\u017cy zwr\u00f3ci\u0107 uwag\u0119, aby przew\u00f3d by\u0142 maksymalnie naci\u0105gni\u0119ty. Rura o maksymalnej d\u0142ugo\u015bci (po rozci\u0105gni\u0119ciu) 5 m nadaje si\u0119 do ci\u0119cia na kr\u00f3tsze odcinki. W zestawie znajduj\u0105 si\u0119 dwa \u0142\u0105czniki przewodu elastycznego DN160 i dwie mikrogumy samoprzylepne 5 mm do na\u0142o\u017cenia na kr\u00f3ciec dn150.<\/p>\n","protected":false},"featured_media":10229,"comment_status":"closed","ping_status":"closed","template":"","meta":[],"product_brand":[],"product_cat":[192,220],"product_tag":[],"class_list":{"0":"post-10227","1":"product","2":"type-product","3":"status-publish","4":"has-post-thumbnail","6":"product_cat-pompy-ciepla-pcwu","7":"product_cat-osprzet-dodatkowy-pompy-pcwu","8":"product_shipping_class-box","10":"first","11":"instock","12":"taxable","13":"shipping-taxable","14":"purchasable","15":"product-type-simple"},"_links":{"self":[{"href":"https:\/\/sklep.hewalex.pl\/pl\/wp-json\/wp\/v2\/product\/10227","targetHints":{"allow":["GET"]}}],"collection":[{"href":"https:\/\/sklep.hewalex.pl\/pl\/wp-json\/wp\/v2\/product"}],"about":[{"href":"https:\/\/sklep.hewalex.pl\/pl\/wp-json\/wp\/v2\/types\/product"}],"replies":[{"embeddable":true,"href":"https:\/\/sklep.hewalex.pl\/pl\/wp-json\/wp\/v2\/comments?post=10227"}],"wp:featuredmedia":[{"embeddable":true,"href":"https:\/\/sklep.hewalex.pl\/pl\/wp-json\/wp\/v2\/media\/10229"}],"wp:attachment":[{"href":"https:\/\/sklep.hewalex.pl\/pl\/wp-json\/wp\/v2\/media?parent=10227"}],"wp:term":[{"taxonomy":"product_brand","embeddable":true,"href":"https:\/\/sklep.hewalex.pl\/pl\/wp-json\/wp\/v2\/product_brand?post=10227"},{"taxonomy":"product_cat","embeddable":true,"href":"https:\/\/sklep.hewalex.pl\/pl\/wp-json\/wp\/v2\/product_cat?post=10227"},{"taxonomy":"product_tag","embeddable":true,"href":"https:\/\/sklep.hewalex.pl\/pl\/wp-json\/wp\/v2\/product_tag?post=10227"}],"curies":[{"name":"wp","href":"https:\/\/api.w.org\/{rel}","templated":true}]}}