{"id":10219,"date":"2020-12-28T13:35:26","date_gmt":"2020-12-28T12:35:26","guid":{"rendered":"https:\/\/sklep.hewalex.pl\/?post_type=product&#038;p=10219"},"modified":"2026-04-26T21:02:26","modified_gmt":"2026-04-26T19:02:26","slug":"dysza-dn150-dalekiego-zasiegu-regulowana","status":"publish","type":"product","link":"https:\/\/sklep.hewalex.pl\/pl\/produkt\/dysza-dn150-dalekiego-zasiegu-regulowana\/","title":{"rendered":"Dysza DN150 dalekiego zasi\u0119gu regulowana"},"content":{"rendered":"<h2>Do pobrania:<\/h2>\n<p><a href=\"https:\/\/sklep.hewalex.pl\/wp-content\/uploads\/2020\/12\/Insktrukcja_Dysza-dalekiego-zasiegu_05-08-2025.pdf\"><img decoding=\"async\" class=\" wp-image-1324\" src=\"http:\/\/sklep.hewalex.pl\/wp-content\/uploads\/2018\/05\/pdf-ico-300x300.png\" alt=\"\" width=\"34\" height=\"34\" \/> Instrukcja &#8211; Dysza DN150 dalekiego zasi\u0119gu regulowana<\/a><\/p>\n","protected":false},"excerpt":{"rendered":"<p>Dysza nawiewna przeznaczona jest do zastosowania w instalacjach wentylacyjnych wykorzystuj\u0105cych powietrze usuwane z pomp ciep\u0142a PCWU. Dysza sk\u0142ada si\u0119 z kr\u00f3\u0107ca monta\u017cowego, wewn\u0105trz kt\u00f3rego znajduje si\u0119 ruchomy element dostarczaj\u0105cy powietrze, wykonany z ABS w kolorze bia\u0142ym. Ruchomy element dyszy ma zakres ruchu 30 stopni od osi centralnej i mo\u017ce by\u0107 regulowany w dowolnym kierunku przy regulacji manualnej.<\/p>\n","protected":false},"featured_media":10217,"comment_status":"closed","ping_status":"closed","template":"","meta":[],"product_brand":[],"product_cat":[192,220],"product_tag":[],"class_list":{"0":"post-10219","1":"product","2":"type-product","3":"status-publish","4":"has-post-thumbnail","6":"product_cat-pompy-ciepla-pcwu","7":"product_cat-osprzet-dodatkowy-pompy-pcwu","8":"product_shipping_class-box","10":"first","11":"instock","12":"taxable","13":"shipping-taxable","14":"purchasable","15":"product-type-simple"},"_links":{"self":[{"href":"https:\/\/sklep.hewalex.pl\/pl\/wp-json\/wp\/v2\/product\/10219","targetHints":{"allow":["GET"]}}],"collection":[{"href":"https:\/\/sklep.hewalex.pl\/pl\/wp-json\/wp\/v2\/product"}],"about":[{"href":"https:\/\/sklep.hewalex.pl\/pl\/wp-json\/wp\/v2\/types\/product"}],"replies":[{"embeddable":true,"href":"https:\/\/sklep.hewalex.pl\/pl\/wp-json\/wp\/v2\/comments?post=10219"}],"wp:featuredmedia":[{"embeddable":true,"href":"https:\/\/sklep.hewalex.pl\/pl\/wp-json\/wp\/v2\/media\/10217"}],"wp:attachment":[{"href":"https:\/\/sklep.hewalex.pl\/pl\/wp-json\/wp\/v2\/media?parent=10219"}],"wp:term":[{"taxonomy":"product_brand","embeddable":true,"href":"https:\/\/sklep.hewalex.pl\/pl\/wp-json\/wp\/v2\/product_brand?post=10219"},{"taxonomy":"product_cat","embeddable":true,"href":"https:\/\/sklep.hewalex.pl\/pl\/wp-json\/wp\/v2\/product_cat?post=10219"},{"taxonomy":"product_tag","embeddable":true,"href":"https:\/\/sklep.hewalex.pl\/pl\/wp-json\/wp\/v2\/product_tag?post=10219"}],"curies":[{"name":"wp","href":"https:\/\/api.w.org\/{rel}","templated":true}]}}