{"id":10135,"date":"2020-12-28T13:34:20","date_gmt":"2020-12-28T12:34:20","guid":{"rendered":"https:\/\/sklep.hewalex.pl\/?post_type=product&#038;p=10135"},"modified":"2026-04-07T08:47:12","modified_gmt":"2026-04-07T06:47:12","slug":"uchwyt-scienny-pcwu-25-kw","status":"publish","type":"product","link":"https:\/\/sklep.hewalex.pl\/pl\/produkt\/uchwyt-scienny-pcwu-25-kw\/","title":{"rendered":"Uchwyt \u015bcienny PCWU"},"content":{"rendered":"<p>Uchwyt nale\u017cy zamontowa\u0107 na \u015bcianie za pomoc\u0105 element\u00f3w mocuj\u0105cych wybranych we w\u0142asnym zakresie stosownie do materia\u0142u strop\u00f3w i \u015bcian. Kotwy z zestawu nadaj\u0105 si\u0119 do monta\u017cu w betonie. Zestaw jest kompletny tj. posiada wszystkie \u015bruby do z\u0142o\u017cenia uchwytu i zamontowania pompy ciep\u0142a, kotwy do betonu i wibroizolatory do wyeliminowania drga\u0144 urz\u0105dzenia.<\/p>\n<p>&nbsp;<\/p>\n<p><img decoding=\"async\" class=\" wp-image-1324\" src=\"http:\/\/sklep.hewalex.pl\/wp-content\/uploads\/2018\/05\/pdf-ico-300x300.png\" alt=\"\" width=\"34\" height=\"34\" \/> <a href=\"https:\/\/sklep.hewalex.pl\/wp-content\/uploads\/2020\/12\/instrukcja-montazu-uchwytu-sciennego-pcco-1.pdf\">Instrukcja monta\u017cu uchwytu \u015bciennego PCWU 2,5 kW<\/a><\/p>\n","protected":false},"excerpt":{"rendered":"<p><strong>Uchwyt \u015bcienny PCWU<\/strong> jest przeznaczony do monta\u017cu modu\u0142owej pompy ciep\u0142a wody u\u017cytkowej PCWU 2,5kW oraz PCWU 3,0kW. Zapewnia stabilny i trwa\u0142y monta\u017c urz\u0105dzenia.<\/p>\n","protected":false},"featured_media":10144,"comment_status":"closed","ping_status":"closed","template":"","meta":[],"product_brand":[],"product_cat":[192,220],"product_tag":[],"class_list":{"0":"post-10135","1":"product","2":"type-product","3":"status-publish","4":"has-post-thumbnail","6":"product_cat-pompy-ciepla-pcwu","7":"product_cat-osprzet-dodatkowy-pompy-pcwu","8":"product_shipping_class-box","10":"first","11":"instock","12":"taxable","13":"shipping-taxable","14":"purchasable","15":"product-type-simple"},"_links":{"self":[{"href":"https:\/\/sklep.hewalex.pl\/pl\/wp-json\/wp\/v2\/product\/10135","targetHints":{"allow":["GET"]}}],"collection":[{"href":"https:\/\/sklep.hewalex.pl\/pl\/wp-json\/wp\/v2\/product"}],"about":[{"href":"https:\/\/sklep.hewalex.pl\/pl\/wp-json\/wp\/v2\/types\/product"}],"replies":[{"embeddable":true,"href":"https:\/\/sklep.hewalex.pl\/pl\/wp-json\/wp\/v2\/comments?post=10135"}],"wp:featuredmedia":[{"embeddable":true,"href":"https:\/\/sklep.hewalex.pl\/pl\/wp-json\/wp\/v2\/media\/10144"}],"wp:attachment":[{"href":"https:\/\/sklep.hewalex.pl\/pl\/wp-json\/wp\/v2\/media?parent=10135"}],"wp:term":[{"taxonomy":"product_brand","embeddable":true,"href":"https:\/\/sklep.hewalex.pl\/pl\/wp-json\/wp\/v2\/product_brand?post=10135"},{"taxonomy":"product_cat","embeddable":true,"href":"https:\/\/sklep.hewalex.pl\/pl\/wp-json\/wp\/v2\/product_cat?post=10135"},{"taxonomy":"product_tag","embeddable":true,"href":"https:\/\/sklep.hewalex.pl\/pl\/wp-json\/wp\/v2\/product_tag?post=10135"}],"curies":[{"name":"wp","href":"https:\/\/api.w.org\/{rel}","templated":true}]}}