{"id":10003,"date":"2020-12-08T09:46:15","date_gmt":"2020-12-08T08:46:15","guid":{"rendered":"https:\/\/sklep.hewalex.pl\/?post_type=product&#038;p=10003"},"modified":"2026-03-09T11:45:07","modified_gmt":"2026-03-09T10:45:07","slug":"podgrzewacz-dual-hx200-120-z-izolacja","status":"publish","type":"product","link":"https:\/\/sklep.hewalex.pl\/pl\/produkt\/podgrzewacz-dual-hx200-120-z-izolacja\/","title":{"rendered":"Podgrzewacz DUAL HX200\/120 z izolacj\u0105"},"content":{"rendered":"<p>Zasobnik buforowy spe\u0142nia funkcj\u0119 bufora ciep\u0142a i sprz\u0119g\u0142a hydraulicznego istotnego dla zapewnienia stabilnej pracy pompy ciep\u0142a, w tym: ograniczenia liczby rozruch\u00f3w i spe\u0142nienia warunku minimalnego nat\u0119\u017cenia przep\u0142ywu wody, szczeg\u00f3lnie przy ograniczaniu odbioru ciep\u0142a w systemie grzewczym przez zawory regulacyjne. Zapewnia tak\u017ce odpowiednie warunki dla pracy pompy ciep\u0142a w trybie rozmra\u017cania.<\/p>\n<p>W wariancie tradycyjnym zachodzi konieczno\u015b\u0107 zabudowy oddzielnie podgrzewacza pojemno\u015bciowego CWU oraz zasobnika buforowego CO. W zwi\u0105zku z tym wymagane jest dok\u0142adne zaplanowanie rozmieszczenia tych urz\u0105dze\u0144 w kot\u0142owni wraz z pod\u0142\u0105czeniem przewod\u00f3w wody u\u017cytkowej i grzewczej. Zasobnik buforowy CO zale\u017cnie od pojemno\u015bci i typu jest instalowany na pod\u0142odze lub \u015bcianie. Przy zastosowaniu podgrzewacza DUAL HX200\/120, obydwa urz\u0105dzenia znajduj\u0105 si\u0119 w jednej obudowie.<\/p>\n<p>&nbsp;<\/p>\n<p><img decoding=\"async\" class=\" wp-image-1324\" src=\"http:\/\/sklep.hewalex.pl\/wp-content\/uploads\/2018\/05\/pdf-ico-300x300.png\" alt=\"\" width=\"34\" height=\"34\" \/> <a href=\"https:\/\/sklep.hewalex.pl\/wp-content\/uploads\/2020\/12\/instrukcja-obslugi-podgrzewacza-dual-hx200120.pdf\">Instrukcja obs\u0142ugi podgrzewacza DUAL HX200\/120<\/a><\/p>\n<p><img decoding=\"async\" class=\" wp-image-1324\" src=\"http:\/\/sklep.hewalex.pl\/wp-content\/uploads\/2018\/05\/pdf-ico-300x300.png\" alt=\"\" width=\"34\" height=\"34\" \/> <a href=\"https:\/\/sklep.hewalex.pl\/wp-content\/uploads\/2020\/12\/etykieta-produktu-podgrzewacz-dual-hx200120.pdf\">Etykieta produktu &#8211; Podgrzewacz DUAL HX200\/120<\/a><\/p>\n","protected":false},"excerpt":{"rendered":"<p>Podgrzewacz DUAL to kompletne rozwi\u0105zanie zapewniaj\u0105ce podgrzewanie ciep\u0142ej wody u\u017cytkowej oraz p\u0142ynn\u0105 wsp\u00f3\u0142prac\u0119 pompy ciep\u0142a z instalacj\u0105 grzewcz\u0105. Podgrzewacz sk\u0142ada si\u0119 z zasobnika CWU o pojemno\u015bci 200 litr\u00f3w oraz zasobnika buforowego wody grzewczej o pojemno\u015bci 120l. Przeznaczony jest do pracy w zamkni\u0119tych uk\u0142adach grzewczych m.in. z pompami ciep\u0142a serii PCCO. Rozwi\u0105zanie eliminuje potrzeb\u0119 stosowania 2 oddzielnych urz\u0105dze\u0144 \u2013 podgrzewacza CWU i zasobnika buforowego CO.<br \/>\nRozwi\u0105zanie dedykowane jest dla pomp ciep\u0142a ze spr\u0119\u017cark\u0105 inwerterow\u0105 o nominalnej mocy grzewczej (A7W35) nie wi\u0119kszej ni\u017c 11kW.<br \/>\nKompletny podgrzewacz DUAL HX200\/120 sk\u0142ada si\u0119 z 2 element\u00f3w zam\u00f3wieniowych:<\/p>\n<p>Nr zam. 81.50.11: Podgrzewacz DUAL HX200\/120 (bez izolacji)<br \/>\nNr zam. 81.50.12: Izolacja do podgrzewacza DUAL HX200\/120<\/p>\n","protected":false},"featured_media":9924,"comment_status":"closed","ping_status":"closed","template":"","meta":[],"product_brand":[],"product_cat":[167,170],"product_tag":[293,294],"class_list":{"0":"post-10003","1":"product","2":"type-product","3":"status-publish","4":"has-post-thumbnail","6":"product_cat-pompy-ciepla-pcco","7":"product_cat-podgrzewacze-bufory","8":"product_tag-81-50-11","9":"product_tag-81-50-12","10":"product_shipping_class-pallet","12":"first","13":"instock","14":"taxable","15":"shipping-taxable","16":"purchasable","17":"product-type-woosb"},"_links":{"self":[{"href":"https:\/\/sklep.hewalex.pl\/pl\/wp-json\/wp\/v2\/product\/10003","targetHints":{"allow":["GET"]}}],"collection":[{"href":"https:\/\/sklep.hewalex.pl\/pl\/wp-json\/wp\/v2\/product"}],"about":[{"href":"https:\/\/sklep.hewalex.pl\/pl\/wp-json\/wp\/v2\/types\/product"}],"replies":[{"embeddable":true,"href":"https:\/\/sklep.hewalex.pl\/pl\/wp-json\/wp\/v2\/comments?post=10003"}],"wp:featuredmedia":[{"embeddable":true,"href":"https:\/\/sklep.hewalex.pl\/pl\/wp-json\/wp\/v2\/media\/9924"}],"wp:attachment":[{"href":"https:\/\/sklep.hewalex.pl\/pl\/wp-json\/wp\/v2\/media?parent=10003"}],"wp:term":[{"taxonomy":"product_brand","embeddable":true,"href":"https:\/\/sklep.hewalex.pl\/pl\/wp-json\/wp\/v2\/product_brand?post=10003"},{"taxonomy":"product_cat","embeddable":true,"href":"https:\/\/sklep.hewalex.pl\/pl\/wp-json\/wp\/v2\/product_cat?post=10003"},{"taxonomy":"product_tag","embeddable":true,"href":"https:\/\/sklep.hewalex.pl\/pl\/wp-json\/wp\/v2\/product_tag?post=10003"}],"curies":[{"name":"wp","href":"https:\/\/api.w.org\/{rel}","templated":true}]}}