{"id":1068,"date":"2018-02-27T00:00:08","date_gmt":"2018-02-26T23:00:08","guid":{"rendered":"http:\/\/sklep.hewalex.pl\/?page_id=1068"},"modified":"2021-02-01T13:33:59","modified_gmt":"2021-02-01T12:33:59","slug":"privacy-policy","status":"publish","type":"page","link":"https:\/\/sklep.hewalex.pl\/pl\/privacy-policy\/","title":{"rendered":"Polityka prywatno\u015bci"},"content":{"rendered":"<div class=\"wpb-content-wrapper\"><div class=\"vc_row wpb_row row top-row wpb_custom_034b39d9bc6c6b310d69e39f0ccf274f\"><div class=\"vc_column_container col-md-12\"><div class=\"wpb_wrapper vc_column-inner\">\r\n\t<div class=\"wpb_text_column wpb_content_element wpb_custom_7c91d232724f73626cc933bd95b25ff0\" >\r\n\t\t<div class=\"wpb_wrapper\">\r\n\t\t\t<div class=\"alignright\"><a href=\"https:\/\/sklep.hewalex.pl\/wp-content\/uploads\/2021\/02\/Hewalex-polityka-prywatnosci.pdf.pdf\" target=\"_blank\" rel=\"noopener noreferrer\"><img decoding=\"async\" class=\"alignright wp-image-1324\" src=\"http:\/\/sklep.hewalex.pl\/wp-content\/uploads\/2018\/05\/pdf-ico-150x150.png\" alt=\"pobierz jako pdf\" width=\"50\" height=\"50\" \/><\/a><\/div>\n<h2>Polityka prywatno\u015bci i cookies<\/h2>\n<ol>\n<li><strong>Ochrona danych osobowych<\/strong>\n<ol>\n<li>Dane osobowe U\u017cytkownik\u00f3w b\u0119d\u0105 przetwarzane przez Sprzedawc\u0119, jako administratora danych osobowych, w celu \u015bwiadczenia us\u0142ug przez Sprzedawc\u0119, jak r\u00f3wnie\u017c, pod warunkiem uzyskania zgody U\u017cytkownika, w celach marketingowych zwi\u0105zanych z funkcjonowaniem przedsi\u0119biorstwa Sprzedawcy. Przetwarzanie zbieranych danych odbywa si\u0119 zgodnie z przepisami Rozporz\u0105dzenia Parlamentu Europejskiego i Rady (UE) 2016\/679 z dnia 27 kwietnia 2016 r. w sprawie ochrony os\u00f3b fizycznych w zwi\u0105zku z przetwarzaniem danych osobowych i w sprawie swobodnego przep\u0142ywu takich danych oraz uchylenia dyrektywy 95\/46\/WE (Og\u00f3lne rozporz\u0105dzenie o ochronie danych)<\/li>\n<li>Administratorem danych osobowych [adres sklepu internetowego], czyli odpowiedzialnym za zapewnienie bezpiecze\u0144stwa danych osobowych jest:<br \/>\n&#8222;Hewalex\u201d sp. z.o.o. sp.k. z siedzib\u0105 ul. S\u0142owackiego 33, 43-502 Czechowice-Dziedzice, KRS 0000335766, NIP 6521703641, REGON 241298398.<\/li>\n<li>Administrator w chwili rejestracji oraz sk\u0142adnia zam\u00f3wienia, wymaga podania nast\u0119puj\u0105cych danych osobowych:\n<ul>\n<li>imi\u0119 i nazwisko<\/li>\n<li>adres zamieszkania (korespondencyjny)<\/li>\n<li>adres e-mail<\/li>\n<li>nr telefonu<\/li>\n<li>NIP<\/li>\n<\/ul>\n<\/li>\n<li>Podanie przez U\u017cytkownika swoich danych osobowych jest dobrowolne. Jednak\u017ce brak zgody na przetwarzanie przez Sprzedawc\u0119 danych osobowych mo\u017ce uniemo\u017cliwia\u0107 Sprzedawcy \u015bwiadczenie us\u0142ug drog\u0105 elektroniczn\u0105 oraz dokonywanie przez U\u017cytkownika zakup\u00f3w w Sklepie.<\/li>\n<li>Dane osobowe U\u017cytkownika mog\u0105 by\u0107 udost\u0119pniane podmiotom uprawnionym do ich otrzymania na mocy obowi\u0105zuj\u0105cych przepis\u00f3w prawa, w tym w\u0142a\u015bciwym organom wymiaru sprawiedliwo\u015bci. Dane osobowe U\u017cytkownik\u00f3w mog\u0105 by\u0107 tak\u017ce przekazywane \u2013 w niezb\u0119dnym i wymaganym zakresie &#8211; podmiotom trzecim, w tym podmiotom wykonuj\u0105cym na zlecenie Sprzedawcy czynno\u015bci zwi\u0105zane z zawart\u0105 z Klientem Umow\u0105, m. in. podmiotom realizuj\u0105cym dostawy zam\u00f3wionych towar\u00f3w.<\/li>\n<li>Sprzedawca zapewnia U\u017cytkownikom, kt\u00f3rych dane osobowe przetwarza, realizacj\u0119 uprawnie\u0144 wynikaj\u0105cych z ustawy o ochronie danych osobowych, w tym prawa dost\u0119pu do tre\u015bci w\u0142asnych danych osobowych i ich poprawiania oraz prawa do kontroli przetwarzania w\u0142asnych danych osobowych na zasadach opisanych w przedmiotowej ustawie.<\/li>\n<li>W ramach realizacji prawa do kontroli przetwarzania w\u0142asnych danych osobowych, U\u017cytkownik ma w szczeg\u00f3lno\u015bci prawo do wniesienia pisemnego, umotywowanego \u017c\u0105dania zaprzestania przetwarzania jego danych ze wzgl\u0119du na jego szczeg\u00f3ln\u0105 sytuacj\u0119, a tak\u017ce wniesienia sprzeciwu wobec przetwarzania jego danych, kontaktuj\u0105c si\u0119 z ,,Hewalex Sp. z o.o. Sp.k.\u201d:\n<ul>\n<li>listownie na adres: Hewalex Sp. z o.o. Sp. k., ul. S\u0142owackiego 33, 43-502 Czechowice-Dziedzice<\/li>\n<li>telefonicznie od poniedzia\u0142ku do pi\u0105tku w godz. 8-16, na nr telefonu 32 214 17 10;<\/li>\n<li>pisz\u0105c na adres e-mail: hewalex@hewalex.pl.<\/li>\n<\/ul>\n<\/li>\n<li>Poufne informacje dotycz\u0105ce U\u017cytkownik\u00f3w, w tym dane osobowe U\u017cytkownik\u00f3w s\u0105 chronione przez Sprzedawc\u0119 przed ich udost\u0119pnieniem osobom nieupowa\u017cnionym, a tak\u017ce innymi przypadkami ich ujawnienia albo utraty oraz przed zniszczeniem lub nieuprawnion\u0105 modyfikacj\u0105 wskazanych danych oraz informacji poprzez stosowanie odpowiednich zabezpiecze\u0144 technicznych i organizacyjnych.<\/li>\n<li>Dost\u0119p do danych osobowych maj\u0105 tylko pracownicy, kt\u00f3rzy podpisali stosowne o\u015bwiadczenie, zobowi\u0105zuj\u0105ce do ochrony danych osobowych.<\/li>\n<li>Dane niezb\u0119dne do dostarczenia przesy\u0142ki (imi\u0119 i nazwisko oraz adres ), przekazywane s\u0105 podmiotom odpowiedzialnym za dostarczenie przesy\u0142ki tj. GLS, Poczcie Polskiej lub innej firmie<br \/>\nprzewozowej.<\/li>\n<\/ol>\n<\/li>\n<\/ol>\n<p>&nbsp;<\/p>\n<ol>\n<li><strong>Polityka plik\u00f3w cookies<\/strong>\n<ol>\n<li>Zgodnie z przepisami ustawy Prawo telekomunikacyjne z dnia 16 lipca 2004 r. (Dz. U. 2004 nr 171 poz. 1800, tj. z dnia 15 wrze\u015bnia 2017 r., Dz.U. z 2017 r. poz. 1907) Sklep wykorzystuje pliki cookies.<\/li>\n<li>Pliki cookies (tzw. &#8222;ciasteczka&#8221;) stanowi\u0105 dane informatyczne, w szczeg\u00f3lno\u015bci pliki tekstowe, wysy\u0142ane przez serwer WWW, kt\u00f3re przechowywane s\u0105 w urz\u0105dzeniu ko\u0144cowym U\u017cytkownika i przeznaczone s\u0105 do korzystania ze stron internetowych Sklepu. Cookies zawieraj\u0105 nazw\u0119 strony internetowej, z kt\u00f3rej pochodz\u0105, czas przechowywania ich na urz\u0105dzeniu ko\u0144cowym oraz unikalny numer. Domy\u015blne parametry plik\u00f3w cookies pozwalaj\u0105 na odczytanie informacji w nich zawartych<br \/>\njedynie serwerowi, kt\u00f3ry je utworzy\u0142.<\/li>\n<li>Pliki cookies wykorzystywane s\u0105 w celu:\n<ul>\n<li>dostosowania zawarto\u015bci stron internetowych Sklepu do preferencji U\u017cytkownika oraz optymalizacji korzystania ze stron internetowych; w szczeg\u00f3lno\u015bci pliki te pozwalaj\u0105 rozpozna\u0107 urz\u0105dzenie U\u017cytkownika i odpowiednio wy\u015bwietli\u0107 stron\u0119 internetow\u0105, dostosowan\u0105 do jego indywidualnych potrzeb;<\/li>\n<li>analityczno-statystycznych (analiza zachowa\u0144 U\u017cytkownik\u00f3w na stronie Sklepu, marketingowych oraz w celu dopasowania tre\u015bci do indywidualnych potrzeb Klient\u00f3w);<\/li>\n<li>poprawnej konfiguracji wybranych funkcji Sklepu, umo\u017cliwiaj\u0105c w szczeg\u00f3lno\u015bci weryfikacj\u0119 autentyczno\u015bci sesji przegl\u0105darki;<\/li>\n<li>utrzymania sesji U\u017cytkownika, dzi\u0119ki kt\u00f3rej U\u017cytkownik nie musi na ka\u017cdej podstronie Sklepu ponownie wpisywa\u0107 loginu i has\u0142a.<\/li>\n<\/ul>\n<\/li>\n<li>W wielu przypadkach oprogramowanie s\u0142u\u017c\u0105ce do przegl\u0105dania stron internetowych (przegl\u0105darka internetowa) domy\u015blnie dopuszcza przechowywanie plik\u00f3w cookies w urz\u0105dzeniu ko\u0144cowym U\u017cytkownika.<\/li>\n<li>U\u017cytkownik mo\u017ce samodzielnie i w ka\u017cdym czasie zmieni\u0107 ustawienia dotycz\u0105ce plik\u00f3w cookies, okre\u015blaj\u0105c warunki ich przechowywania lub uzyskiwania dost\u0119pu przez pliki cookies do urz\u0105dzenia U\u017cytkownika. Zmiany ustawie\u0144, o kt\u00f3rych mowa w zdaniu poprzednim, U\u017cytkownik mo\u017ce dokona\u0107 za pomoc\u0105 ustawie\u0144 oprogramowania zainstalowanego w wykorzystywanym przez niego telekomunikacyjnym urz\u0105dzeniu ko\u0144cowym lub konfiguracji us\u0142ugi. Ustawienia te mog\u0105 zosta\u0107 zmienione w szczeg\u00f3lno\u015bci w taki spos\u00f3b, aby blokowa\u0107 automatyczn\u0105 obs\u0142ug\u0119 plik\u00f3w cookies w<br \/>\nustawieniach przegl\u0105darki internetowej b\u0105d\u017a informowa\u0107 o ich ka\u017cdorazowym zamieszczeniu cookies na urz\u0105dzeniu U\u017cytkownika. Szczeg\u00f3\u0142owe informacje o mo\u017cliwo\u015bci i sposobach obs\u0142ugi plik\u00f3w cookies dost\u0119pne s\u0105 w ustawieniach oprogramowania (przegl\u0105darki internetowej).<\/li>\n<li>Pliki cookies zamieszczane w urz\u0105dzeniu ko\u0144cowym U\u017cytkownika i wykorzystywane mog\u0105 by\u0107 r\u00f3wnie\u017c przez wsp\u00f3\u0142pracuj\u0105cych ze Sprzedawc\u0105 reklamodawc\u00f3w oraz partner\u00f3w.<\/li>\n<li>U\u017cytkownik mo\u017ce w ka\u017cdej chwili usun\u0105\u0107 pliki cookies korzystaj\u0105c z dost\u0119pnych funkcji w przegl\u0105darce internetowej, kt\u00f3rej u\u017cywa.<\/li>\n<li>Ograniczenie stosowania plik\u00f3w cookies, mo\u017ce wp\u0142yn\u0105\u0107 na niekt\u00f3re funkcjonalno\u015bci dost\u0119pne na stronie internetowej Sklepu. Nieakceptowanie plik\u00f3w cookies mo\u017ce jednak spowodowa\u0107 utrudnienia w korzystaniu ze Sklepu. Korzystanie przez U\u017cytkownika z przegl\u0105darki, kt\u00f3rej ustawienia zezwalaj\u0105 na zapisywanie plik\u00f3w cookies na komputerze lub innym urz\u0105dzeniu U\u017cytkownika, oznacza wyra\u017cenie zgody na zapisywanie powy\u017cszych plik\u00f3w na tym komputerze lub innym urz\u0105dzeniu.<\/li>\n<li>Korzystamy z narz\u0119dzi analitycznych Google Analytics, kt\u00f3re zbieraj\u0105 informacje na temat Twoich odwiedzin strony, takie jak podstrony, kt\u00f3re wy\u015bwietli\u0142e\u015b, czas, jaki sp\u0119dzi\u0142e\u015b na stronie czy przej\u015bcia pomi\u0119dzy poszczeg\u00f3lnymi podstronami. W tym celu wykorzystywane s\u0105 pliki cookies firmy Google LLC dotycz\u0105ce us\u0142ugi Google Analytics.<\/li>\n<li>Korzystamy z narz\u0119dzia Google AdWords w celu prowadzenia kampanii remarketingowych. W tym celu wykorzystywane s\u0105 pliki cookies firmy Google LLC dotycz\u0105ce us\u0142ugi Google AdWords. W ramach ustawie\u0144 plik\u00f3w cookies mo\u017cesz zadecydowa\u0107, czy wyra\u017casz zgod\u0119 na wykorzystywanie w Twoim przypadku takich plik\u00f3w cookies, czy nie.<\/li>\n<\/ol>\n<\/li>\n<\/ol>\n\r\n\t\t<\/div>\r\n\t<\/div>\r\n<\/div><\/div><\/div>\n<\/div>","protected":false},"excerpt":{"rendered":"Polityka prywatno\u015bci i cookies Ochrona danych osobowych Dane osobowe U\u017cytkownik\u00f3w b\u0119d\u0105 przetwarzane przez Sprzedawc\u0119, jako administratora danych osobowych, w celu \u015bwiadczenia us\u0142ug przez Sprzedawc\u0119, jak r\u00f3wnie\u017c, pod warunkiem uzyskania zgody U\u017cytkownika, w celach marketingowych zwi\u0105zanych z funkcjonowaniem przedsi\u0119biorstwa Sprzedawcy. Przetwarzanie zbieranych danych odbywa si\u0119 zgodnie z przepisami Rozporz\u0105dzenia Parlamentu Europejskiego i Rady (UE) 2016\/679 z [...]","protected":false},"author":2,"featured_media":0,"parent":0,"menu_order":0,"comment_status":"closed","ping_status":"closed","template":"","meta":{"footnotes":""},"class_list":["post-1068","page","type-page","status-publish","hentry"],"_links":{"self":[{"href":"https:\/\/sklep.hewalex.pl\/pl\/wp-json\/wp\/v2\/pages\/1068","targetHints":{"allow":["GET"]}}],"collection":[{"href":"https:\/\/sklep.hewalex.pl\/pl\/wp-json\/wp\/v2\/pages"}],"about":[{"href":"https:\/\/sklep.hewalex.pl\/pl\/wp-json\/wp\/v2\/types\/page"}],"author":[{"embeddable":true,"href":"https:\/\/sklep.hewalex.pl\/pl\/wp-json\/wp\/v2\/users\/2"}],"replies":[{"embeddable":true,"href":"https:\/\/sklep.hewalex.pl\/pl\/wp-json\/wp\/v2\/comments?post=1068"}],"version-history":[{"count":13,"href":"https:\/\/sklep.hewalex.pl\/pl\/wp-json\/wp\/v2\/pages\/1068\/revisions"}],"predecessor-version":[{"id":10598,"href":"https:\/\/sklep.hewalex.pl\/pl\/wp-json\/wp\/v2\/pages\/1068\/revisions\/10598"}],"wp:attachment":[{"href":"https:\/\/sklep.hewalex.pl\/pl\/wp-json\/wp\/v2\/media?parent=1068"}],"curies":[{"name":"wp","href":"https:\/\/api.w.org\/{rel}","templated":true}]}}