{"id":1066,"date":"2018-02-26T23:57:32","date_gmt":"2018-02-26T22:57:32","guid":{"rendered":"http:\/\/sklep.hewalex.pl\/?page_id=1066"},"modified":"2024-11-05T08:20:19","modified_gmt":"2024-11-05T07:20:19","slug":"payment-delivery","status":"publish","type":"page","link":"https:\/\/sklep.hewalex.pl\/pl\/payment-delivery\/","title":{"rendered":"P\u0142atno\u015b\u0107 i dostawa"},"content":{"rendered":"<div class=\"wpb-content-wrapper\"><div class=\"vc_row wpb_row row top-row vc_custom_1527160996694 wpb_custom_034b39d9bc6c6b310d69e39f0ccf274f\"><div class=\"vc_column_container col-md-12\"><div class=\"wpb_wrapper vc_column-inner\">\r\n\t<div class=\"wpb_text_column wpb_content_element vc_custom_1527160410064 wpb_custom_7c91d232724f73626cc933bd95b25ff0\" >\r\n\t\t<div class=\"wpb_wrapper\">\r\n\t\t\t<h2><strong>Formy dostawy<\/strong> zam\u00f3wionego towaru<\/h2>\n\r\n\t\t<\/div>\r\n\t<\/div>\r\n<div class=\"vc_row wpb_row vc_inner row vc_custom_1527160333359 vc_row-has-fill\"><div class=\"vc_column_container col-md-5\"><div class=\"wpb_wrapper vc_column-inner\">\r\n\t<div class=\"wpb_single_image wpb_content_element vc_align_left wpb_content_element  wpb_custom_81a4f7ef9830bf958462581aa01150fb\"><div class=\"wpb_wrapper\">\r\n\t\t\t\r\n\t\t\t<div class=\"vc_single_image-wrapper   vc_box_border_grey\"><img decoding=\"async\" width=\"848\" height=\"566\" src=\"https:\/\/sklep.hewalex.pl\/wp-content\/uploads\/2018\/05\/delivery.jpg\" class=\"vc_single_image-img attachment-full\" alt=\"\" title=\"\" srcset=\"https:\/\/sklep.hewalex.pl\/wp-content\/uploads\/2018\/05\/delivery.jpg 848w, https:\/\/sklep.hewalex.pl\/wp-content\/uploads\/2018\/05\/delivery-600x400.jpg 600w, https:\/\/sklep.hewalex.pl\/wp-content\/uploads\/2018\/05\/delivery-768x513.jpg 768w, https:\/\/sklep.hewalex.pl\/wp-content\/uploads\/2018\/05\/delivery-700x467.jpg 700w\" sizes=\"(max-width: 848px) 100vw, 848px\" \/><\/div>\r\n\t\t<\/div>\r\n\t<\/div>\r\n<\/div><\/div><div class=\"vc_column_container col-md-7\"><div class=\"wpb_wrapper vc_column-inner\"><div class=\"porto-feature-box wpb_content_element \"><div class=\"feature-box feature-box-style-2\"><div class=\"feature-box-icon\"><i class=\"icon-image\" style=\"font-size:14px\"><img decoding=\"async\" alt=\"\" src=\"\/\/sklep.hewalex.pl\/wp-content\/uploads\/2018\/05\/car.png\"><\/i><\/div><div class=\"feature-box-info\">\r\n\t<div class=\"wpb_text_column wpb_content_element vc_custom_1527162764798 wpb_custom_7c91d232724f73626cc933bd95b25ff0\" >\r\n\t\t<div class=\"wpb_wrapper\">\r\n\t\t\t<p>Dostawa towaru odbywa si\u0119 na terenie Polski za pomoc\u0105 przesy\u0142ki kurierskiej na adres wskazany przy zam\u00f3wieniu. Koszty wysy\u0142ki zale\u017cne s\u0105 od sposobu dostawy i pokrywane przez kupuj\u0105cego przy sk\u0142adaniu zam\u00f3wienia. Wysy\u0142ka towaru odbywa si\u0119 po dokonaniu przez kupuj\u0105cego przedp\u0142aty za pomoc\u0105 jednej z wybranych form p\u0142atno\u015bci. Termin wysy\u0142ki zgodnie <a href=\"\/terms-and-conditions\">regulaminem sklepu<\/a>, wynosi 14 dni od dnia zaksi\u0119gowania \u015brodk\u00f3w.<\/p>\n\r\n\t\t<\/div>\r\n\t<\/div>\r\n<\/div><\/div><\/div><div class=\"porto-feature-box wpb_content_element \"><div class=\"feature-box feature-box-style-2\"><div class=\"feature-box-icon\"><i class=\"icon-image\" style=\"font-size:14px\"><img decoding=\"async\" alt=\"\" src=\"\/\/sklep.hewalex.pl\/wp-content\/uploads\/2018\/05\/company.png\"><\/i><\/div><div class=\"feature-box-info\">\r\n\t<div class=\"wpb_text_column wpb_content_element wpb_custom_7c91d232724f73626cc933bd95b25ff0\" >\r\n\t\t<div class=\"wpb_wrapper\">\r\n\t\t\t<p>Dost\u0119pna jest tak\u017ce opcja odbioru osobistego zam\u00f3wionego towaru, w siedzibie firmy Hewalex Sp. z o.o. Sp.K. w Czechowicach-Dziedzicach przy ulicy S\u0142owackiego 33. Odbi\u00f3r osobisty jest mo\u017cliwy po dokonaniu przez kupuj\u0105cego przedp\u0142aty za pomoc\u0105 jednej z wybranych form p\u0142atno\u015bci. Termin odbioru towaru zgodnie regulaminem sklepu, wynosi 14 dni od dnia zaksi\u0119gowania \u015brodk\u00f3w i jest mo\u017cliwy w dni robocze w godzinach 8.00-16.00.<\/p>\n\r\n\t\t<\/div>\r\n\t<\/div>\r\n<\/div><\/div><\/div><\/div><\/div><\/div><\/div><\/div><\/div><div class=\"vc_row wpb_row row top-row vc_custom_1527161156023 wpb_custom_034b39d9bc6c6b310d69e39f0ccf274f\"><div class=\"vc_column_container col-md-12\"><div class=\"wpb_wrapper vc_column-inner\">\r\n\t<div class=\"wpb_text_column wpb_content_element vc_custom_1527160938868 wpb_custom_7c91d232724f73626cc933bd95b25ff0\" >\r\n\t\t<div class=\"wpb_wrapper\">\r\n\t\t\t<h2><strong>Formy p\u0142atno\u015bci<\/strong> za zam\u00f3wiony towar<\/h2>\n\r\n\t\t<\/div>\r\n\t<\/div>\r\n<div class=\"vc_row wpb_row vc_inner row vc_custom_1527160333359 vc_row-has-fill\"><div class=\"vc_column_container col-md-5\"><div class=\"wpb_wrapper vc_column-inner\">\r\n\t<div class=\"wpb_single_image wpb_content_element vc_align_left wpb_content_element  wpb_custom_81a4f7ef9830bf958462581aa01150fb\"><div class=\"wpb_wrapper\">\r\n\t\t\t\r\n\t\t\t<div class=\"vc_single_image-wrapper   vc_box_border_grey\"><img decoding=\"async\" width=\"848\" height=\"566\" src=\"https:\/\/sklep.hewalex.pl\/wp-content\/uploads\/2018\/05\/payment.jpg\" class=\"vc_single_image-img attachment-full\" alt=\"\" title=\"\" srcset=\"https:\/\/sklep.hewalex.pl\/wp-content\/uploads\/2018\/05\/payment.jpg 848w, https:\/\/sklep.hewalex.pl\/wp-content\/uploads\/2018\/05\/payment-600x400.jpg 600w, https:\/\/sklep.hewalex.pl\/wp-content\/uploads\/2018\/05\/payment-768x513.jpg 768w, https:\/\/sklep.hewalex.pl\/wp-content\/uploads\/2018\/05\/payment-700x467.jpg 700w\" sizes=\"(max-width: 848px) 100vw, 848px\" \/><\/div>\r\n\t\t<\/div>\r\n\t<\/div>\r\n<\/div><\/div><div class=\"vc_column_container col-md-7\"><div class=\"wpb_wrapper vc_column-inner\"><div class=\"porto-feature-box wpb_content_element \"><div class=\"feature-box feature-box-style-2\"><div class=\"feature-box-icon\"><i class=\"icon-image\" style=\"font-size:14px\"><img decoding=\"async\" alt=\"\" src=\"\/\/sklep.hewalex.pl\/wp-content\/uploads\/2018\/05\/payment-online.png\"><\/i><\/div><div class=\"feature-box-info\">\r\n\t<div class=\"wpb_text_column wpb_content_element vc_custom_1527163836225 wpb_custom_7c91d232724f73626cc933bd95b25ff0\" >\r\n\t\t<div class=\"wpb_wrapper\">\r\n\t\t\t<p>Dokonanie wp\u0142aty zgodnie z kwot\u0105 zam\u00f3wienia jest mo\u017cliwe za pomoc\u0105 systemu p\u0142atno\u015bci internetowych Przelewy24 w toku sk\u0142adania zam\u00f3wienia towaru.<br \/>\n<img decoding=\"async\" class=\"alignright size-full wp-image-1314\" src=\"http:\/\/sklep.hewalex.pl\/wp-content\/uploads\/2018\/05\/przelewy24.png\" alt=\"\" width=\"160\" height=\"54\" \/><\/p>\n\r\n\t\t<\/div>\r\n\t<\/div>\r\n<\/div><\/div><\/div><div class=\"porto-feature-box wpb_content_element \"><div class=\"feature-box feature-box-style-2\"><div class=\"feature-box-icon\"><i class=\"icon-image\" style=\"font-size:14px\"><img decoding=\"async\" alt=\"\" src=\"\/\/sklep.hewalex.pl\/wp-content\/uploads\/2018\/05\/payment-offline.png\"><\/i><\/div><div class=\"feature-box-info\">\r\n\t<div class=\"wpb_text_column wpb_content_element vc_custom_1663570041407 wpb_custom_7c91d232724f73626cc933bd95b25ff0\" >\r\n\t\t<div class=\"wpb_wrapper\">\r\n\t\t\t<p>Dokonanie wp\u0142aty zgodnie z kwot\u0105 zam\u00f3wienia jest mo\u017cliwe bezpo\u015brednio na nasze konto bankowe. UWAGA: w tytule p\u0142atno\u015bci nale\u017cy\u00a0 u\u017cy\u0107 numeru zam\u00f3wienia.<\/p>\n<p><b>Dane konta dla przelewu:<\/b><br \/>\n<b>Nr konta:\u00a0 <\/b>PL09 1050 1070 1000 0090 8166 6175<br \/>\n<b>W\u0142a\u015bciciel konta:\u00a0 <\/b>Hewalex Sp. z o.o. Sp.K.<br \/>\nul. S\u0142owackiego 33, 43-502 Czechowice-Dziedzice<\/p>\n<p>UWAGA: dokonanie przedp\u0142aty jest konieczne tak\u017ce przy wyborze opcji odbioru osobistego w siedzibie firmy<\/p>\n\r\n\t\t<\/div>\r\n\t<\/div>\r\n<\/div><\/div><\/div><\/div><\/div><\/div><\/div><\/div><\/div>\n<\/div>","protected":false},"excerpt":{"rendered":"Formy dostawy zam\u00f3wionego towaru Dostawa towaru odbywa si\u0119 na terenie Polski za pomoc\u0105 przesy\u0142ki kurierskiej na adres wskazany przy zam\u00f3wieniu. Koszty wysy\u0142ki zale\u017cne s\u0105 od sposobu dostawy i pokrywane przez kupuj\u0105cego przy sk\u0142adaniu zam\u00f3wienia. Wysy\u0142ka towaru odbywa si\u0119 po dokonaniu przez kupuj\u0105cego przedp\u0142aty za pomoc\u0105 jednej z wybranych form p\u0142atno\u015bci. Termin wysy\u0142ki zgodnie regulaminem sklepu, [...]","protected":false},"author":2,"featured_media":0,"parent":0,"menu_order":0,"comment_status":"closed","ping_status":"closed","template":"","meta":{"footnotes":""},"class_list":["post-1066","page","type-page","status-publish","hentry"],"_links":{"self":[{"href":"https:\/\/sklep.hewalex.pl\/pl\/wp-json\/wp\/v2\/pages\/1066","targetHints":{"allow":["GET"]}}],"collection":[{"href":"https:\/\/sklep.hewalex.pl\/pl\/wp-json\/wp\/v2\/pages"}],"about":[{"href":"https:\/\/sklep.hewalex.pl\/pl\/wp-json\/wp\/v2\/types\/page"}],"author":[{"embeddable":true,"href":"https:\/\/sklep.hewalex.pl\/pl\/wp-json\/wp\/v2\/users\/2"}],"replies":[{"embeddable":true,"href":"https:\/\/sklep.hewalex.pl\/pl\/wp-json\/wp\/v2\/comments?post=1066"}],"version-history":[{"count":43,"href":"https:\/\/sklep.hewalex.pl\/pl\/wp-json\/wp\/v2\/pages\/1066\/revisions"}],"predecessor-version":[{"id":40708,"href":"https:\/\/sklep.hewalex.pl\/pl\/wp-json\/wp\/v2\/pages\/1066\/revisions\/40708"}],"wp:attachment":[{"href":"https:\/\/sklep.hewalex.pl\/pl\/wp-json\/wp\/v2\/media?parent=1066"}],"curies":[{"name":"wp","href":"https:\/\/api.w.org\/{rel}","templated":true}]}}