{"id":6256,"date":"2020-06-30T06:55:47","date_gmt":"2020-06-30T04:55:47","guid":{"rendered":"https:\/\/sklep.hewalex.pl\/?post_type=product&#038;p=6256"},"modified":"2026-04-28T01:02:05","modified_gmt":"2026-04-27T23:02:05","slug":"czujnik-temperatury-3m-teflon","status":"publish","type":"product","link":"https:\/\/sklep.hewalex.pl\/en\/product\/czujnik-temperatury-3m-teflon\/","title":{"rendered":"Czujnik temperatury KS 3m"},"content":{"rendered":"","protected":false},"excerpt":{"rendered":"<p>Czujnik ten jest przeznaczony do kolektor\u00f3w s\u0142onecznych, dzi\u0119ki izolacji teflonowej jest odporny na bardzo wysokie temperatury i promieniowanie UV.<\/p>","protected":false},"featured_media":12568,"comment_status":"closed","ping_status":"closed","template":"","meta":[],"product_brand":[],"product_cat":[295,377,371],"product_tag":[],"class_list":{"0":"post-6256","1":"product","2":"type-product","3":"status-publish","4":"has-post-thumbnail","6":"product_cat-czesci-zamienne","7":"product_cat-czujniki","8":"product_cat-technika-solarna-czesci-zamienne","9":"product_shipping_class-box","11":"first","12":"instock","13":"taxable","14":"shipping-taxable","15":"purchasable","16":"product-type-simple"},"_links":{"self":[{"href":"https:\/\/sklep.hewalex.pl\/en\/wp-json\/wp\/v2\/product\/6256","targetHints":{"allow":["GET"]}}],"collection":[{"href":"https:\/\/sklep.hewalex.pl\/en\/wp-json\/wp\/v2\/product"}],"about":[{"href":"https:\/\/sklep.hewalex.pl\/en\/wp-json\/wp\/v2\/types\/product"}],"replies":[{"embeddable":true,"href":"https:\/\/sklep.hewalex.pl\/en\/wp-json\/wp\/v2\/comments?post=6256"}],"wp:featuredmedia":[{"embeddable":true,"href":"https:\/\/sklep.hewalex.pl\/en\/wp-json\/wp\/v2\/media\/12568"}],"wp:attachment":[{"href":"https:\/\/sklep.hewalex.pl\/en\/wp-json\/wp\/v2\/media?parent=6256"}],"wp:term":[{"taxonomy":"product_brand","embeddable":true,"href":"https:\/\/sklep.hewalex.pl\/en\/wp-json\/wp\/v2\/product_brand?post=6256"},{"taxonomy":"product_cat","embeddable":true,"href":"https:\/\/sklep.hewalex.pl\/en\/wp-json\/wp\/v2\/product_cat?post=6256"},{"taxonomy":"product_tag","embeddable":true,"href":"https:\/\/sklep.hewalex.pl\/en\/wp-json\/wp\/v2\/product_tag?post=6256"}],"curies":[{"name":"wp","href":"https:\/\/api.w.org\/{rel}","templated":true}]}}