{"id":6242,"date":"2020-06-29T14:34:35","date_gmt":"2020-06-29T12:34:35","guid":{"rendered":"https:\/\/sklep.hewalex.pl\/?post_type=product&#038;p=6242"},"modified":"2026-04-11T15:17:01","modified_gmt":"2026-04-11T13:17:01","slug":"czujnik-temperatury-3-m-oczkowy","status":"publish","type":"product","link":"https:\/\/sklep.hewalex.pl\/en\/product\/czujnik-temperatury-3-m-oczkowy\/","title":{"rendered":"Czujnik temperatury d\u0142. 3m z oczkiem"},"content":{"rendered":"","protected":false},"excerpt":{"rendered":"<p>Czujnik przeznaczony jest do pomiaru temperatury wody przy monta\u017cu na kr\u00f3\u0107cach dolnej w\u0119\u017cownicy podgrzewacza wody. Drugim zastosowaniem jest pomiar temperatury na powrocie czynnika grzewczego (glikol) przy monta\u017cu w grupie pompowej.<\/p>","protected":false},"featured_media":6243,"comment_status":"closed","ping_status":"closed","template":"","meta":[],"product_brand":[],"product_cat":[377,371,295],"product_tag":[],"class_list":{"0":"post-6242","1":"product","2":"type-product","3":"status-publish","4":"has-post-thumbnail","6":"product_cat-czujniki","7":"product_cat-technika-solarna-czesci-zamienne","8":"product_cat-czesci-zamienne","9":"product_shipping_class-box","11":"first","12":"instock","13":"taxable","14":"shipping-taxable","15":"purchasable","16":"product-type-simple"},"_links":{"self":[{"href":"https:\/\/sklep.hewalex.pl\/en\/wp-json\/wp\/v2\/product\/6242","targetHints":{"allow":["GET"]}}],"collection":[{"href":"https:\/\/sklep.hewalex.pl\/en\/wp-json\/wp\/v2\/product"}],"about":[{"href":"https:\/\/sklep.hewalex.pl\/en\/wp-json\/wp\/v2\/types\/product"}],"replies":[{"embeddable":true,"href":"https:\/\/sklep.hewalex.pl\/en\/wp-json\/wp\/v2\/comments?post=6242"}],"wp:featuredmedia":[{"embeddable":true,"href":"https:\/\/sklep.hewalex.pl\/en\/wp-json\/wp\/v2\/media\/6243"}],"wp:attachment":[{"href":"https:\/\/sklep.hewalex.pl\/en\/wp-json\/wp\/v2\/media?parent=6242"}],"wp:term":[{"taxonomy":"product_brand","embeddable":true,"href":"https:\/\/sklep.hewalex.pl\/en\/wp-json\/wp\/v2\/product_brand?post=6242"},{"taxonomy":"product_cat","embeddable":true,"href":"https:\/\/sklep.hewalex.pl\/en\/wp-json\/wp\/v2\/product_cat?post=6242"},{"taxonomy":"product_tag","embeddable":true,"href":"https:\/\/sklep.hewalex.pl\/en\/wp-json\/wp\/v2\/product_tag?post=6242"}],"curies":[{"name":"wp","href":"https:\/\/api.w.org\/{rel}","templated":true}]}}