{"id":6229,"date":"2020-06-29T13:28:43","date_gmt":"2020-06-29T11:28:43","guid":{"rendered":"https:\/\/sklep.hewalex.pl\/?post_type=product&#038;p=6229"},"modified":"2026-04-11T16:46:53","modified_gmt":"2026-04-11T14:46:53","slug":"sterownik-g-422-p09","status":"publish","type":"product","link":"https:\/\/sklep.hewalex.pl\/en\/product\/sterownik-g-422-p09\/","title":{"rendered":"Sterownik solarny G422-P09"},"content":{"rendered":"<p><strong>Liczba wej\u015b\u0107 czujnik\u00f3w temperatury:<\/strong> 6<br \/>\n<strong>Liczba czujnik\u00f3w temperatury do\u0142\u0105czona do sterownika:<\/strong> brak<br \/>\n<strong>Maks. liczba obs\u0142ugiwancyh urz\u0105dze\u0144:<\/strong> 3<br \/>\n<strong>Spos\u00f3b obslugi sterownika:<\/strong> panel dotykowy z wy\u015bwietlaczem LCD<br \/>\n<strong>Spos\u00f3b monta\u017cu:<\/strong> w grupie pompowej serii ZPS18<br \/>\n<strong>Przew\u00f3d zasilania do\u0142\u0105czony do sterownika:<\/strong> brak<\/p>\n<h2>Pliki do pobrania:<\/h2>\n<p><a href=\"https:\/\/sklep.hewalex.pl\/wp-content\/uploads\/2025\/02\/Hewalex_Sterowniki-G-422-P09_P09A_Instrukcja_PL_9036.pdf\"><img decoding=\"async\" class=\"wp-image-1324\" src=\"http:\/\/sklep.hewalex.pl\/wp-content\/uploads\/2018\/05\/pdf-ico-300x300.png\" alt=\"\" width=\"34\" height=\"34\" \/> Instrukcja obs\u0142ugi sterownika G422-P09-P09a<\/a><\/p>\n<p><img decoding=\"async\" class=\"wp-image-1324\" src=\"http:\/\/sklep.hewalex.pl\/wp-content\/uploads\/2018\/05\/pdf-ico-300x300.png\" alt=\"\" width=\"34\" height=\"34\" \/> <a href=\"https:\/\/sklep.hewalex.pl\/wp-content\/uploads\/2020\/06\/porownanie-funkcji-sterownikow-g422-i-g425.pdf\">Por\u00f3wnanie funkcji sterownik\u00f3w G422 i G425<\/a><\/p>","protected":false},"excerpt":{"rendered":"<p>Sterownik <strong>G422<\/strong> to nowoczesne urz\u0105dzenie umo\u017cliwiaj\u0105ce wsp\u00f3\u0142prac\u0119 z pompami sta\u0142oobrotowymi i elektronicznie regulowanymi. Zgodny z dyrektyw\u0105 ErP, wspiera efektywno\u015b\u0107 energetyczn\u0105. Dodatkowo, pozwala na pod\u0142\u0105czenie czujnika ci\u015bnienia w instalacji solarnej oraz zdalne monitorowanie przez system EKONTROL. Jest cz\u0119\u015bci\u0105 zespo\u0142\u00f3w ZPS 18e-01 ECO, ZPS 18-02 ECO i ZPS 28-01 ECO. Wersja GH26 to odpowiednik G422 do monta\u017cu na \u015bcianie. <strong>G422-P09<\/strong> oferuje szeroki zakres funkcji, w tym solarne wspomaganie centralnego ogrzewania.<\/p>","protected":false},"featured_media":41345,"comment_status":"closed","ping_status":"closed","template":"","meta":[],"product_brand":[],"product_cat":[375,371,295],"product_tag":[],"class_list":{"0":"post-6229","1":"product","2":"type-product","3":"status-publish","4":"has-post-thumbnail","6":"product_cat-sterowniki-czesci-zamienne","7":"product_cat-technika-solarna-czesci-zamienne","8":"product_cat-czesci-zamienne","9":"product_shipping_class-box","11":"first","12":"instock","13":"taxable","14":"shipping-taxable","15":"purchasable","16":"product-type-simple"},"_links":{"self":[{"href":"https:\/\/sklep.hewalex.pl\/en\/wp-json\/wp\/v2\/product\/6229","targetHints":{"allow":["GET"]}}],"collection":[{"href":"https:\/\/sklep.hewalex.pl\/en\/wp-json\/wp\/v2\/product"}],"about":[{"href":"https:\/\/sklep.hewalex.pl\/en\/wp-json\/wp\/v2\/types\/product"}],"replies":[{"embeddable":true,"href":"https:\/\/sklep.hewalex.pl\/en\/wp-json\/wp\/v2\/comments?post=6229"}],"wp:featuredmedia":[{"embeddable":true,"href":"https:\/\/sklep.hewalex.pl\/en\/wp-json\/wp\/v2\/media\/41345"}],"wp:attachment":[{"href":"https:\/\/sklep.hewalex.pl\/en\/wp-json\/wp\/v2\/media?parent=6229"}],"wp:term":[{"taxonomy":"product_brand","embeddable":true,"href":"https:\/\/sklep.hewalex.pl\/en\/wp-json\/wp\/v2\/product_brand?post=6229"},{"taxonomy":"product_cat","embeddable":true,"href":"https:\/\/sklep.hewalex.pl\/en\/wp-json\/wp\/v2\/product_cat?post=6229"},{"taxonomy":"product_tag","embeddable":true,"href":"https:\/\/sklep.hewalex.pl\/en\/wp-json\/wp\/v2\/product_tag?post=6229"}],"curies":[{"name":"wp","href":"https:\/\/api.w.org\/{rel}","templated":true}]}}