{"id":5169,"date":"2020-05-19T14:06:24","date_gmt":"2020-05-19T13:06:24","guid":{"rendered":"https:\/\/sklep.hewalex.pl\/?post_type=product&#038;p=5169"},"modified":"2026-04-10T10:48:56","modified_gmt":"2026-04-10T08:48:56","slug":"pcwu-300ek-25kw","status":"publish","type":"product","link":"https:\/\/sklep.hewalex.pl\/en\/product\/pcwu-300ek-25kw\/","title":{"rendered":"PCWU 300eK-2,5kW"},"content":{"rendered":"<p>Pompa ciep\u0142a <strong>PCWU 300eK-2,5kW<\/strong> mo\u017ce stanowi\u0107 samodzielne lub wsp\u00f3\u0142pracuj\u0105ce z innym \u017ar\u00f3d\u0142em ciep\u0142a urz\u0105dzenie, przeznaczone do podgrzewania ciep\u0142ej wody u\u017cytkowej. Samodzielnie jest w stanie pokrywa\u0107 typowe potrzeby 4-6 os\u00f3b w budynku mieszkalnym lub wi\u0119kszej ilo\u015bci os\u00f3b w budynku biurowym itp. Znajduje zastosowanie w nowych i modernizowanych budynkach (np. zast\u0119puj\u0105c bojler elektryczny). Wbudowana w\u0119\u017cownica pozwala na pod\u0142\u0105czenie kot\u0142a grzewczego i wyeliminowanie dodatkowego podgrzewacza pojemno\u015bciowego. Pompa ciep\u0142a mo\u017ce pracowa\u0107 przez wi\u0119ksz\u0105 cz\u0119\u015b\u0107 roku, ekonomicznie do temperatury zewn\u0119trznej rz\u0119du -5\u00b0C. Najcz\u0119\u015bciej miejscem zabudowy jest pomieszczenie gospodarcze lub piwnica. Kr\u00f3\u0107ce powietrzne pozwalaj\u0105 na pod\u0142\u0105czenie przewod\u00f3w wentylacyjnych dla pracy niezale\u017cnej od powietrza w pomieszczeniu, a tak\u017ce dla okresowego ch\u0142odzenia pomieszcze\u0144.<\/p>\n<h2>Zalety pompy ciep\u0142a:<\/h2>\n<ul>\n<li>\n<p class=\"heading-primary mt-xlg\">niskie koszty eksploatacyjne,<\/p>\n<\/li>\n<li>\n<p class=\"heading-primary mt-xlg\">wsp\u00f3\u0142praca z konwencjonalnym \u017ar\u00f3d\u0142em ciep\u0142a,<\/p>\n<\/li>\n<li>\n<p class=\"heading-primary mt-xlg\">zaawansowany sterownik G426 z szerokim zakresem funkcji,<\/p>\n<\/li>\n<li>\n<p class=\"heading-primary mt-xlg\">podgrzewacz wykonany w sprawdzonej technologii pow\u0142ok emaliowanych,<\/p>\n<\/li>\n<li>\n<p class=\"heading-primary mt-xlg\">5-letnia gwarancja w standardzie.<\/p>\n<\/li>\n<\/ul>\n<h2>Pliki do pobrania:<\/h2>\n<p><img decoding=\"async\" class=\"wp-image-1324\" src=\"http:\/\/sklep.hewalex.pl\/wp-content\/uploads\/2018\/05\/pdf-ico-300x300.png\" alt=\"\" width=\"34\" height=\"34\" \/> <a href=\"https:\/\/sklep.hewalex.pl\/wp-content\/uploads\/2020\/05\/HEWALEX_PCWU_zintegrowane_karta-produktu_29-06-2022.pdf\">Karta produktu Hewalex PCWU 300eK-2,5kW<\/a><\/p>\n<p><img decoding=\"async\" class=\"wp-image-1324\" src=\"http:\/\/sklep.hewalex.pl\/wp-content\/uploads\/2018\/05\/pdf-ico-300x300.png\" alt=\"\" width=\"34\" height=\"34\" \/> <a href=\"https:\/\/sklep.hewalex.pl\/wp-content\/uploads\/2020\/05\/Etykieta-Hewalex-PCWU-300eK-25kW-28.02.2022.pdf\">Etykieta Hewalex PCWU 300eK-2,5kW<\/a><\/p>\n<p><img decoding=\"async\" class=\"wp-image-1324\" src=\"http:\/\/sklep.hewalex.pl\/wp-content\/uploads\/2018\/05\/pdf-ico-300x300.png\" alt=\"\" width=\"34\" height=\"34\" \/>\u00a0<a href=\"https:\/\/sklep.hewalex.pl\/wp-content\/uploads\/2022\/05\/HEWALEX_PCWU_200eK__300eK_-_25kW_instrukcja_uzytkownika_02-03-2022.pdf\">Instrukcja obs\u0142ugi podgrzewacza z pomp\u0105 ciep\u0142a PCWU 2,5kW &#8211; U\u017bYTKOWNIK<\/a><\/p>\n<p><img decoding=\"async\" class=\"wp-image-1324\" src=\"http:\/\/sklep.hewalex.pl\/wp-content\/uploads\/2018\/05\/pdf-ico-300x300.png\" alt=\"\" width=\"34\" height=\"34\" \/> <a href=\"https:\/\/sklep.hewalex.pl\/wp-content\/uploads\/2020\/05\/HEWALEX_PCWU_200eK__300eK_-_25kW_instrukcja_instalatora-22-06-2022.pdf\">Instrukcja obs\u0142ugi podgrzewacza z pomp\u0105 ciep\u0142a PCWU 2,5kW &#8211; INSTALATOR<\/a><\/p>","protected":false},"excerpt":{"rendered":"<div>\n<p>Pompa ciep\u0142a typu powietrze\/woda o mocy\u00a0<strong>2,5 kW<\/strong>\u00a0posiada zintegrowany podgrzewacz ciep\u0142ej wody u\u017cytkowej o pojemno\u015bci\u00a0<strong>300 litr\u00f3w<\/strong>\u00a0wykonany ze stali emaliowanej, z dodatkow\u0105 w\u0119\u017cownic\u0105 grzejn\u0105. Sterownik\u00a0<strong>G426<\/strong>\u00a0posiada rozszerzony zakres funkcji.<\/p>\n<\/div>","protected":false},"featured_media":5162,"comment_status":"closed","ping_status":"closed","template":"","meta":[],"product_brand":[],"product_cat":[192,222],"product_tag":[],"class_list":{"0":"post-5169","1":"product","2":"type-product","3":"status-publish","4":"has-post-thumbnail","6":"product_cat-pompy-ciepla-pcwu","7":"product_cat-podgrzewacze_z_pompa_ciepla_pcwu","8":"product_shipping_class-pallet","10":"first","11":"instock","12":"taxable","13":"shipping-taxable","14":"purchasable","15":"product-type-simple"},"_links":{"self":[{"href":"https:\/\/sklep.hewalex.pl\/en\/wp-json\/wp\/v2\/product\/5169","targetHints":{"allow":["GET"]}}],"collection":[{"href":"https:\/\/sklep.hewalex.pl\/en\/wp-json\/wp\/v2\/product"}],"about":[{"href":"https:\/\/sklep.hewalex.pl\/en\/wp-json\/wp\/v2\/types\/product"}],"replies":[{"embeddable":true,"href":"https:\/\/sklep.hewalex.pl\/en\/wp-json\/wp\/v2\/comments?post=5169"}],"wp:featuredmedia":[{"embeddable":true,"href":"https:\/\/sklep.hewalex.pl\/en\/wp-json\/wp\/v2\/media\/5162"}],"wp:attachment":[{"href":"https:\/\/sklep.hewalex.pl\/en\/wp-json\/wp\/v2\/media?parent=5169"}],"wp:term":[{"taxonomy":"product_brand","embeddable":true,"href":"https:\/\/sklep.hewalex.pl\/en\/wp-json\/wp\/v2\/product_brand?post=5169"},{"taxonomy":"product_cat","embeddable":true,"href":"https:\/\/sklep.hewalex.pl\/en\/wp-json\/wp\/v2\/product_cat?post=5169"},{"taxonomy":"product_tag","embeddable":true,"href":"https:\/\/sklep.hewalex.pl\/en\/wp-json\/wp\/v2\/product_tag?post=5169"}],"curies":[{"name":"wp","href":"https:\/\/api.w.org\/{rel}","templated":true}]}}