{"id":4914,"date":"2020-05-08T18:15:19","date_gmt":"2020-05-08T16:15:19","guid":{"rendered":"https:\/\/sklep.hewalex.pl\/?post_type=product&#038;p=4914"},"modified":"2026-04-21T16:16:49","modified_gmt":"2026-04-21T14:16:49","slug":"optymalizator-tigo-ts4-a-o","status":"publish","type":"product","link":"https:\/\/sklep.hewalex.pl\/en\/product\/optymalizator-tigo-ts4-a-o\/","title":{"rendered":"Optymalizator TIGO TS4-A-O"},"content":{"rendered":"<p>Zastosowanie optymalizator\u00f3w TIGO TS4-A-O pozwala przede wszystkim na maksymalne zwi\u0119kszenie wydajno\u015bci pojedynczych paneli fotowoltaicznych pracuj\u0105cych w odmiennych warunkach. Mog\u0105 one wynika\u0107 z cz\u0119\u015bciowego zacieniania, co w standardowej instalacji fotowoltaicznej wp\u0142ywa na prac\u0119 pozosta\u0142ych paneli po\u0142\u0105czonych w jednym ci\u0105gu (stringu).<\/p>\n<h2>Podstawowe korzy\u015bci z zastosowania optymalizatora TIGO TS-4-O:<\/h2>\n<ul>\n<li>zwi\u0119kszona d\u0142ugo\u015b\u0107 szereg\u00f3w paneli nawet o 30%<\/li>\n<li>ni\u017csza strata na przewodach<\/li>\n<li>mo\u017cliwo\u015b\u0107 wykorzystania maksimum powierzchni dachu<\/li>\n<li>pe\u0142na swoboda przy projektowaniu instalacji<\/li>\n<li>zwi\u0119kszona tolerancja na niedopasowanie mocy paneli oraz zacienienie cz\u0119\u015bci instalacji<\/li>\n<li>wyd\u0142u\u017cony czas pracy instalacji w ci\u0105gu dnia<\/li>\n<li>OPCJA*: mo\u017cliwo\u015b\u0107 wy\u0142\u0105czenia instalacji na poziomie panelu w razie po\u017caru (zgodnie z norm\u0105 NEC 2014 &amp; 2017 690.12)<\/li>\n<li>OPCJA*: monitoring pracy poszczeg\u00f3lnych paneli fotowoltaicznych<\/li>\n<\/ul>\n<p><em><strong>*UWAGA:<\/strong> funkcje opcjonalne s\u0105 mo\u017cliwe do wprowadzenia przy dodatkowym zastosowaniu Cloud Connect (CC) i bramki (GW)<\/em><\/p>\n<h2>Por\u00f3wnanie pracy instalacji z panelami o mocy (STC) 340 W:<\/h2>\n<p><img decoding=\"async\" class=\"alignnone size-large wp-image-4937\" src=\"https:\/\/sklep.hewalex.pl\/wp-content\/uploads\/2020\/05\/fotowoltaika-cien-tigo-340W-700x674.jpg\" alt=\"\" width=\"700\" height=\"674\" srcset=\"https:\/\/sklep.hewalex.pl\/wp-content\/uploads\/2020\/05\/fotowoltaika-cien-tigo-340W-700x674.jpg 700w, https:\/\/sklep.hewalex.pl\/wp-content\/uploads\/2020\/05\/fotowoltaika-cien-tigo-340W-600x578.jpg 600w, https:\/\/sklep.hewalex.pl\/wp-content\/uploads\/2020\/05\/fotowoltaika-cien-tigo-340W-640x616.jpg 640w, https:\/\/sklep.hewalex.pl\/wp-content\/uploads\/2020\/05\/fotowoltaika-cien-tigo-340W-400x385.jpg 400w\" sizes=\"(max-width: 700px) 100vw, 700px\" \/><\/p>\n<p><img decoding=\"async\" class=\"wp-image-1324\" src=\"http:\/\/sklep.hewalex.pl\/wp-content\/uploads\/2018\/05\/pdf-ico-300x300.png\" alt=\"\" width=\"34\" height=\"34\" \/> <a href=\"https:\/\/sklep.hewalex.pl\/wp-content\/uploads\/2020\/05\/TIGO-TS4-A-O-700W.pdf\">Karta produktu &#8211; Optymalizator TIGO TS4-A-O<\/a><\/p>\n<p><a href=\"https:\/\/sklep.hewalex.pl\/wp-content\/uploads\/2020\/05\/INSTRUKCJA-TIGO.pdf\"><img decoding=\"async\" class=\"wp-image-1324\" src=\"http:\/\/sklep.hewalex.pl\/wp-content\/uploads\/2018\/05\/pdf-ico-300x300.png\" alt=\"\" width=\"34\" height=\"34\" \/> Instrukcja obs\u0142ugi &#8211; Optymalizator TIGO TS4-A-O<\/a><\/p>","protected":false},"excerpt":{"rendered":"<p>Optymalizator jest przeznaczony do monta\u017cu indywidualnie na wybranych lub wszystkich panelach fotowoltaicznych w instalacji. Spe\u0142nia funkcje poprawy wydajno\u015bci instalacji oraz opcjonalnie wy\u017cszego poziomu bezpiecze\u0144stwa, a tak\u017ce szczeg\u00f3\u0142owego monitorowania pracy paneli PV.<\/p>\n<h4>Optymalizator TS4-A-O obs\u0142uguje panele fotowoltaiczne o mocy do 700 W oraz pr\u0105dzie zwarciowym do 15 A.<\/h4>","protected":false},"featured_media":4915,"comment_status":"closed","ping_status":"closed","template":"","meta":[],"product_brand":[],"product_cat":[131,138],"product_tag":[],"class_list":{"0":"post-4914","1":"product","2":"type-product","3":"status-publish","4":"has-post-thumbnail","6":"product_cat-fotowoltaika","7":"product_cat-osprzet-dodatkowy","8":"product_shipping_class-box","10":"first","11":"instock","12":"taxable","13":"shipping-taxable","14":"purchasable","15":"product-type-simple"},"_links":{"self":[{"href":"https:\/\/sklep.hewalex.pl\/en\/wp-json\/wp\/v2\/product\/4914","targetHints":{"allow":["GET"]}}],"collection":[{"href":"https:\/\/sklep.hewalex.pl\/en\/wp-json\/wp\/v2\/product"}],"about":[{"href":"https:\/\/sklep.hewalex.pl\/en\/wp-json\/wp\/v2\/types\/product"}],"replies":[{"embeddable":true,"href":"https:\/\/sklep.hewalex.pl\/en\/wp-json\/wp\/v2\/comments?post=4914"}],"wp:featuredmedia":[{"embeddable":true,"href":"https:\/\/sklep.hewalex.pl\/en\/wp-json\/wp\/v2\/media\/4915"}],"wp:attachment":[{"href":"https:\/\/sklep.hewalex.pl\/en\/wp-json\/wp\/v2\/media?parent=4914"}],"wp:term":[{"taxonomy":"product_brand","embeddable":true,"href":"https:\/\/sklep.hewalex.pl\/en\/wp-json\/wp\/v2\/product_brand?post=4914"},{"taxonomy":"product_cat","embeddable":true,"href":"https:\/\/sklep.hewalex.pl\/en\/wp-json\/wp\/v2\/product_cat?post=4914"},{"taxonomy":"product_tag","embeddable":true,"href":"https:\/\/sklep.hewalex.pl\/en\/wp-json\/wp\/v2\/product_tag?post=4914"}],"curies":[{"name":"wp","href":"https:\/\/api.w.org\/{rel}","templated":true}]}}