{"id":43983,"date":"2026-01-15T08:17:54","date_gmt":"2026-01-15T07:17:54","guid":{"rendered":"https:\/\/sklep.hewalex.pl\/?post_type=product&#038;p=43983"},"modified":"2026-05-01T01:52:28","modified_gmt":"2026-04-30T23:52:28","slug":"podgrzewacz-zpe-hx200-2-2b","status":"publish","type":"product","link":"https:\/\/sklep.hewalex.pl\/en\/product\/podgrzewacz-zpe-hx200-2-2b\/","title":{"rendered":"Podgrzewacz ZPE HX200-2.2B"},"content":{"rendered":"<p>Podgrzewacz posiada dwie w\u0119\u017cownice grzewcze o powierzchni 0,64m<sup>2 <\/sup>\u00a0oraz 1,65 m<sup>2<\/sup>, dodatkowy kr\u00f3ciec cyrkulacji CWU, jak i kr\u00f3ciec 1 1\/2\u201d do pod\u0142\u0105czenia grza\u0142ki elektrycznej.<\/p>\n<h2>Pliki do pobrania:<\/h2>\n<p><a href=\"https:\/\/sklep.hewalex.pl\/wp-content\/uploads\/2026\/01\/HEWALEX_Podgrzewacz-Hewalex-ZPE-2.2B_Instrukcja-obslugi-i-montazu_15672.pdf\"><img decoding=\"async\" class=\"wp-image-1324\" src=\"http:\/\/sklep.hewalex.pl\/wp-content\/uploads\/2018\/05\/pdf-ico-300x300.png\" alt=\"\" width=\"34\" height=\"34\" \/> Instrukcja obs\u0142ugi i monta\u017cu &#8211;\u00a0 Podgrzewacz ZPE HX200-2.2B<\/a><\/p>\n<p><a href=\"https:\/\/sklep.hewalex.pl\/wp-content\/uploads\/2026\/01\/HEWALEX_Podgrzewacze-i-bufory-HX_karta-gwarancyjna_16-12-2025_15673.pdf\"><img decoding=\"async\" class=\"wp-image-1324\" src=\"http:\/\/sklep.hewalex.pl\/wp-content\/uploads\/2018\/05\/pdf-ico-300x300.png\" alt=\"\" width=\"34\" height=\"34\" \/> Karta gwarancyjna &#8211; Podgrzewacz ZPE HX200-2.2B<\/a><\/p>","protected":false},"excerpt":{"rendered":"<p>Podgrzewacz pojemno\u015bciowy\u00a0Hewalex serii\u00a0<strong>ZPE 2.2B<\/strong> jest przeznaczony do podgrzewania ciep\u0142ej wody u\u017cytkowej w zintegrowanych uk\u0142adach wykorzystuj\u0105c dwa niezale\u017cne \u017ar\u00f3d\u0142a ciep\u0142a np. instalacji solarnej z pomp\u0105 ciep\u0142a.<\/p>","protected":false},"featured_media":44472,"comment_status":"closed","ping_status":"closed","template":"","meta":[],"product_brand":[],"product_cat":[170],"product_tag":[],"class_list":{"0":"post-43983","1":"product","2":"type-product","3":"status-publish","4":"has-post-thumbnail","6":"product_cat-podgrzewacze-bufory","7":"product_shipping_class-pallet","9":"first","10":"instock","11":"taxable","12":"shipping-taxable","13":"purchasable","14":"product-type-simple"},"_links":{"self":[{"href":"https:\/\/sklep.hewalex.pl\/en\/wp-json\/wp\/v2\/product\/43983","targetHints":{"allow":["GET"]}}],"collection":[{"href":"https:\/\/sklep.hewalex.pl\/en\/wp-json\/wp\/v2\/product"}],"about":[{"href":"https:\/\/sklep.hewalex.pl\/en\/wp-json\/wp\/v2\/types\/product"}],"replies":[{"embeddable":true,"href":"https:\/\/sklep.hewalex.pl\/en\/wp-json\/wp\/v2\/comments?post=43983"}],"wp:featuredmedia":[{"embeddable":true,"href":"https:\/\/sklep.hewalex.pl\/en\/wp-json\/wp\/v2\/media\/44472"}],"wp:attachment":[{"href":"https:\/\/sklep.hewalex.pl\/en\/wp-json\/wp\/v2\/media?parent=43983"}],"wp:term":[{"taxonomy":"product_brand","embeddable":true,"href":"https:\/\/sklep.hewalex.pl\/en\/wp-json\/wp\/v2\/product_brand?post=43983"},{"taxonomy":"product_cat","embeddable":true,"href":"https:\/\/sklep.hewalex.pl\/en\/wp-json\/wp\/v2\/product_cat?post=43983"},{"taxonomy":"product_tag","embeddable":true,"href":"https:\/\/sklep.hewalex.pl\/en\/wp-json\/wp\/v2\/product_tag?post=43983"}],"curies":[{"name":"wp","href":"https:\/\/api.w.org\/{rel}","templated":true}]}}