{"id":43533,"date":"2025-10-23T08:16:40","date_gmt":"2025-10-23T06:16:40","guid":{"rendered":"https:\/\/sklep.hewalex.pl\/?post_type=product&#038;p=43533"},"modified":"2026-04-06T12:52:59","modified_gmt":"2026-04-06T10:52:59","slug":"solis-wifi-data-stick-s5-st","status":"publish","type":"product","link":"https:\/\/sklep.hewalex.pl\/en\/product\/solis-wifi-data-stick-s5-st\/","title":{"rendered":"Solis WiFi Data Stick S5-ST"},"content":{"rendered":"","protected":false},"excerpt":{"rendered":"<p>Opcjonalne wyposa\u017cenie przeznaczone dla inwerter\u00f3w Solis. Pozwala na rejestrowanie i przekazywanie danych chwilowych i statystycznych z pracy inwertera za pomoc\u0105 aplikacji internetowej. <strong>Po\u0142\u0105czenie z sieci\u0105 poprzez z\u0142\u0105cze bezprzewodowe WiFi.<\/strong><\/p>\n<p><a href=\"https:\/\/www.youtube.com\/watch?v=x2yFtbfQZ28&amp;t\"><img decoding=\"async\" class=\"alignnone wp-image-33038\" src=\"https:\/\/sklep.hewalex.pl\/wp-content\/uploads\/2023\/03\/yt-ico-150x150.png\" alt=\"\" width=\"37\" height=\"37\" \/> Sprawd\u017a, jak zresetowa\u0107 urz\u0105dzenie Solis WiFi Stick &#8211; Hewalex<\/a><\/p>\n<p><img decoding=\"async\" class=\"wp-image-1324\" src=\"https:\/\/sklep.hewalex.pl\/wp-content\/uploads\/2018\/05\/pdf-ico-300x300.png\" alt=\"\" width=\"37\" height=\"37\" \/> <a href=\"https:\/\/sklep.hewalex.pl\/wp-content\/uploads\/2025\/10\/Hewalex_Solis-Wifi-Data-Stick-S5-ST_Instrukcja_10_2025.pdf\">Instrukcja obs\u0142ugi Solis WiFi Data Stick S5-ST<\/a><\/p>\n<p>&nbsp;<\/p>","protected":false},"featured_media":44093,"comment_status":"closed","ping_status":"closed","template":"","meta":[],"product_brand":[],"product_cat":[348,131,138],"product_tag":[],"class_list":{"0":"post-43533","1":"product","2":"type-product","3":"status-publish","4":"has-post-thumbnail","6":"product_cat-osprzet-dodatkowy-komunikacja","7":"product_cat-fotowoltaika","8":"product_cat-osprzet-dodatkowy","9":"product_shipping_class-box","11":"first","12":"instock","13":"taxable","14":"shipping-taxable","15":"purchasable","16":"product-type-simple"},"_links":{"self":[{"href":"https:\/\/sklep.hewalex.pl\/en\/wp-json\/wp\/v2\/product\/43533","targetHints":{"allow":["GET"]}}],"collection":[{"href":"https:\/\/sklep.hewalex.pl\/en\/wp-json\/wp\/v2\/product"}],"about":[{"href":"https:\/\/sklep.hewalex.pl\/en\/wp-json\/wp\/v2\/types\/product"}],"replies":[{"embeddable":true,"href":"https:\/\/sklep.hewalex.pl\/en\/wp-json\/wp\/v2\/comments?post=43533"}],"wp:featuredmedia":[{"embeddable":true,"href":"https:\/\/sklep.hewalex.pl\/en\/wp-json\/wp\/v2\/media\/44093"}],"wp:attachment":[{"href":"https:\/\/sklep.hewalex.pl\/en\/wp-json\/wp\/v2\/media?parent=43533"}],"wp:term":[{"taxonomy":"product_brand","embeddable":true,"href":"https:\/\/sklep.hewalex.pl\/en\/wp-json\/wp\/v2\/product_brand?post=43533"},{"taxonomy":"product_cat","embeddable":true,"href":"https:\/\/sklep.hewalex.pl\/en\/wp-json\/wp\/v2\/product_cat?post=43533"},{"taxonomy":"product_tag","embeddable":true,"href":"https:\/\/sklep.hewalex.pl\/en\/wp-json\/wp\/v2\/product_tag?post=43533"}],"curies":[{"name":"wp","href":"https:\/\/api.w.org\/{rel}","templated":true}]}}