{"id":43514,"date":"2025-10-20T14:26:33","date_gmt":"2025-10-20T12:26:33","guid":{"rendered":"https:\/\/sklep.hewalex.pl\/?post_type=product&#038;p=43514"},"modified":"2026-04-11T16:37:59","modified_gmt":"2026-04-11T14:37:59","slug":"zasobnik-buforowy-nad-200-v1","status":"publish","type":"product","link":"https:\/\/sklep.hewalex.pl\/en\/product\/zasobnik-buforowy-nad-200-v1\/","title":{"rendered":"Zasobnik buforowy NAD 200 v1"},"content":{"rendered":"<div class=\"row\">\n<div class=\"col-xs-12\">\n<p>Zasobnik buforowy spe\u0142nia funkcj\u0119 bufora ciep\u0142a i sprz\u0119g\u0142a hydraulicznego istotnego dla zapewnienia stabilnej pracy pompy ciep\u0142a, w tym: ograniczenia liczby rozruch\u00f3w i spe\u0142nienia warunku minimalnego nat\u0119\u017cenia przep\u0142ywu wody, szczeg\u00f3lnie przy ograniczaniu odbioru ciep\u0142a w systemie grzewczym przez zawory regulacyjne. Zapewnia tak\u017ce odpowiednie warunki dla pracy pompy ciep\u0142a w trybie rozmra\u017cania.<\/p>\n<p>&nbsp;<\/p>\n<\/div>\n<\/div>\n<h2>Pliki do pobrania:<\/h2>\n<p><a href=\"https:\/\/sklep.hewalex.pl\/wp-content\/uploads\/2025\/10\/Hewalex_Informator_produktowy_NAD-200-v1.pdf\"><img decoding=\"async\" class=\"wp-image-1324\" src=\"http:\/\/sklep.hewalex.pl\/wp-content\/uploads\/2018\/05\/pdf-ico-300x300.png\" alt=\"\" width=\"34\" height=\"34\" \/> Informator produktowy &#8211; Zasobnik buforowy NAD 200 v1<\/a><\/p>\n<p><a href=\"https:\/\/sklep.hewalex.pl\/wp-content\/uploads\/2025\/10\/Instrukcja_NAD_50-200_v1_29_4_2024_pl.pdf\"><img decoding=\"async\" class=\"wp-image-1324\" src=\"http:\/\/sklep.hewalex.pl\/wp-content\/uploads\/2018\/05\/pdf-ico-300x300.png\" alt=\"\" width=\"34\" height=\"34\" \/> Instrukcja obs\u0142ugi &#8211;\u00a0 Zasobnik buforowy NAD 200 v1<\/a><\/p>","protected":false},"excerpt":{"rendered":"<p>Zasobnik buforowy wody grzewczej\u00a0<b>NAD 200 v1<\/b>\u00a0o pojemno\u015bci 208 litr\u00f3w przeznaczony jest do pracy w zamkni\u0119tych uk\u0142adach grzewczych m.in. z pompami ciep\u0142a serii PCCO.<\/p>","protected":false},"featured_media":3271,"comment_status":"closed","ping_status":"closed","template":"","meta":[],"product_brand":[],"product_cat":[167,170],"product_tag":[],"class_list":{"0":"post-43514","1":"product","2":"type-product","3":"status-publish","4":"has-post-thumbnail","6":"product_cat-pompy-ciepla-pcco","7":"product_cat-podgrzewacze-bufory","8":"product_shipping_class-pallet","10":"first","11":"instock","12":"taxable","13":"shipping-taxable","14":"purchasable","15":"product-type-simple"},"_links":{"self":[{"href":"https:\/\/sklep.hewalex.pl\/en\/wp-json\/wp\/v2\/product\/43514","targetHints":{"allow":["GET"]}}],"collection":[{"href":"https:\/\/sklep.hewalex.pl\/en\/wp-json\/wp\/v2\/product"}],"about":[{"href":"https:\/\/sklep.hewalex.pl\/en\/wp-json\/wp\/v2\/types\/product"}],"replies":[{"embeddable":true,"href":"https:\/\/sklep.hewalex.pl\/en\/wp-json\/wp\/v2\/comments?post=43514"}],"wp:featuredmedia":[{"embeddable":true,"href":"https:\/\/sklep.hewalex.pl\/en\/wp-json\/wp\/v2\/media\/3271"}],"wp:attachment":[{"href":"https:\/\/sklep.hewalex.pl\/en\/wp-json\/wp\/v2\/media?parent=43514"}],"wp:term":[{"taxonomy":"product_brand","embeddable":true,"href":"https:\/\/sklep.hewalex.pl\/en\/wp-json\/wp\/v2\/product_brand?post=43514"},{"taxonomy":"product_cat","embeddable":true,"href":"https:\/\/sklep.hewalex.pl\/en\/wp-json\/wp\/v2\/product_cat?post=43514"},{"taxonomy":"product_tag","embeddable":true,"href":"https:\/\/sklep.hewalex.pl\/en\/wp-json\/wp\/v2\/product_tag?post=43514"}],"curies":[{"name":"wp","href":"https:\/\/api.w.org\/{rel}","templated":true}]}}