{"id":43083,"date":"2025-08-20T09:53:54","date_gmt":"2025-08-20T07:53:54","guid":{"rendered":"https:\/\/sklep.hewalex.pl\/?post_type=product&#038;p=43083"},"modified":"2026-04-11T16:37:57","modified_gmt":"2026-04-11T14:37:57","slug":"grzalka-eliko-1500w-230v","status":"publish","type":"product","link":"https:\/\/sklep.hewalex.pl\/en\/product\/grzalka-eliko-1500w-230v\/","title":{"rendered":"GRZA\u0141KA ELIKO 1500W 230V"},"content":{"rendered":"<p>Grza\u0142ka jest kompatybilna z poni\u017cszymi modelami pomp ciep\u0142a:<br \/>\nPCWU 200K-1,5kW<br \/>\nPCWU 200eK-1,8kW<br \/>\nPCWU 200K-2,3kW<br \/>\nPCWU 200eK-2,3kW<br \/>\nPCWU 200K-2,5kW<br \/>\nPCWU 200eK-2,5kW<br \/>\nPCWU 300K-1,8kW<br \/>\nPCWU 300eK-1,8kW<br \/>\nPCWU 300K-2,3kW<br \/>\nPCWU 300eK-2,3kW<br \/>\nPCWU 300SK-2,3kW<br \/>\nPCWU 300eK-2,5kW<br \/>\nPCWU 300SK-2,5kW<br \/>\nPWPC-3,8H-A2-W300<br \/>\nPWPC-3,8H-A3-W300<\/p>\n<p>&nbsp;<\/p>","protected":false},"excerpt":{"rendered":"<p>Grza\u0142ka zanurzeniowa 230V o mocy 1500W przeznaczona do stosowania w pompach ciep\u0142a serii PWPC oraz PCWU wyposa\u017conych w zbiornik wody u\u017cytkowej.<br \/>\nGrza\u0142ka posiada kr\u00f3ciec GZ 1\u201d.<\/p>","protected":false},"featured_media":43086,"comment_status":"closed","ping_status":"closed","template":"","meta":[],"product_brand":[],"product_cat":[395,378,295],"product_tag":[],"class_list":{"0":"post-43083","1":"product","2":"type-product","3":"status-publish","4":"has-post-thumbnail","6":"product_cat-osprzet-dodatkowy-pompy-ciepla-pcwu-czesci-zamienne","7":"product_cat-pompy-ciepla-pcwu-czesci-zamienne","8":"product_cat-czesci-zamienne","9":"product_shipping_class-box","11":"first","12":"instock","13":"taxable","14":"shipping-taxable","15":"purchasable","16":"product-type-simple"},"_links":{"self":[{"href":"https:\/\/sklep.hewalex.pl\/en\/wp-json\/wp\/v2\/product\/43083","targetHints":{"allow":["GET"]}}],"collection":[{"href":"https:\/\/sklep.hewalex.pl\/en\/wp-json\/wp\/v2\/product"}],"about":[{"href":"https:\/\/sklep.hewalex.pl\/en\/wp-json\/wp\/v2\/types\/product"}],"replies":[{"embeddable":true,"href":"https:\/\/sklep.hewalex.pl\/en\/wp-json\/wp\/v2\/comments?post=43083"}],"wp:featuredmedia":[{"embeddable":true,"href":"https:\/\/sklep.hewalex.pl\/en\/wp-json\/wp\/v2\/media\/43086"}],"wp:attachment":[{"href":"https:\/\/sklep.hewalex.pl\/en\/wp-json\/wp\/v2\/media?parent=43083"}],"wp:term":[{"taxonomy":"product_brand","embeddable":true,"href":"https:\/\/sklep.hewalex.pl\/en\/wp-json\/wp\/v2\/product_brand?post=43083"},{"taxonomy":"product_cat","embeddable":true,"href":"https:\/\/sklep.hewalex.pl\/en\/wp-json\/wp\/v2\/product_cat?post=43083"},{"taxonomy":"product_tag","embeddable":true,"href":"https:\/\/sklep.hewalex.pl\/en\/wp-json\/wp\/v2\/product_tag?post=43083"}],"curies":[{"name":"wp","href":"https:\/\/api.w.org\/{rel}","templated":true}]}}