{"id":43065,"date":"2025-08-19T10:49:19","date_gmt":"2025-08-19T08:49:19","guid":{"rendered":"https:\/\/sklep.hewalex.pl\/?post_type=product&#038;p=43065"},"modified":"2026-04-06T14:22:47","modified_gmt":"2026-04-06T12:22:47","slug":"seraphim-srp-445-btd-bg","status":"publish","type":"product","link":"https:\/\/sklep.hewalex.pl\/en\/product\/seraphim-srp-445-btd-bg\/","title":{"rendered":"SERAPHIM SRP-445-BTD-BG"},"content":{"rendered":"<p>Panel fotowoltaiczny bifacjalny SERAPHIM SRP-445-BTD-BG wykonany w technologii monokrystalicznej, cechuje si\u0119 podwy\u017cszon\u0105 do 22,79% sprawno\u015bci\u0105. Panel jest wykonany w technologii\u00a0<strong>ogniw multibusbarowych ci\u0119tych na p\u00f3\u0142<\/strong>, kt\u00f3ra polega na zastosowaniu w ogniwach <strong>a\u017c 16 \u015bcie\u017cek<\/strong> przewodz\u0105cych pr\u0105d (bus bar) zamiast tradycyjnie od 5 do 9. Wi\u0119ksza liczba przek\u0142ada si\u0119 na wi\u0119ksz\u0105 odporno\u015b\u0107 na mikrop\u0119kni\u0119cia powoduj\u0105ce zmniejszanie mocy panelu. Panele cechuj\u0105 si\u0119 tak\u017ce zwi\u0119kszonym dopuszczalnym obci\u0105\u017ceniem pr\u0105dem rewersyjnym (zacienienie!).<\/p>\n<p><strong>Korzy\u015bci z technologii zastosowanych w panelu SERAPHIM SRP-445-BTD-BG:<\/strong><\/p>\n<ul>\n<li>zwi\u0119kszona moc wyj\u015bciowa do 445 W<\/li>\n<li>obni\u017cona wra\u017cliwo\u015b\u0107 na zacienianie<\/li>\n<li>ni\u017csze ryzyko wyst\u0119powania tzw. hot spot\u00f3w<\/li>\n<li>zwi\u0119kszona odporno\u015b\u0107 na obci\u0105\u017cenia mechaniczne<\/li>\n<li>pe\u0142na swoboda przy projektowaniu instalacji<\/li>\n<li><strong>czarne estetyczne obramowanie panelu<\/strong><\/li>\n<\/ul>\n<p><a href=\"https:\/\/sklep.hewalex.pl\/wp-content\/uploads\/2025\/08\/Hewalex_Seraphim_panel-Seraphim-445W_Karta-produktu_PL_11-06-2025.pdf\"><img decoding=\"async\" class=\"wp-image-1324\" src=\"http:\/\/sklep.hewalex.pl\/wp-content\/uploads\/2018\/05\/pdf-ico-300x300.png\" alt=\"\" width=\"34\" height=\"34\" \/> Informator produktowy &#8211; panel fotowoltaiczny SERAPHIM SRP-445-BTD-BG<\/a><\/p>","protected":false},"excerpt":{"rendered":"<p>Panel fotowoltaiczny bifacjalny SERAPHIM SRP-445-BTD-BG zbudowany jest z multibusbarowych ogniw TOPCon 182 mm ci\u0119tych na p\u00f3\u0142, co gwarantuje wy\u017csz\u0105 moc wyj\u015bciow\u0105, korzystniejszy wsp\u00f3\u0142czynnik temperaturowy, obni\u017con\u0105 wra\u017cliwo\u015b\u0107 na zacienienie, ni\u017csze ryzyko wyst\u0105pienia hot spot\u00f3w oraz wy\u017csz\u0105 odporno\u015b\u0107 na obci\u0105\u017cenia mechaniczne. Cechuje si\u0119 podwy\u017cszon\u0105 do 22,79% sprawno\u015bci\u0105.<\/p>","protected":false},"featured_media":43117,"comment_status":"closed","ping_status":"closed","template":"","meta":[],"product_brand":[],"product_cat":[131,133],"product_tag":[],"class_list":{"0":"post-43065","1":"product","2":"type-product","3":"status-publish","4":"has-post-thumbnail","6":"product_cat-fotowoltaika","7":"product_cat-panele-pv","8":"product_shipping_class-pallet","10":"first","11":"instock","12":"taxable","13":"shipping-taxable","14":"purchasable","15":"product-type-simple"},"_links":{"self":[{"href":"https:\/\/sklep.hewalex.pl\/en\/wp-json\/wp\/v2\/product\/43065","targetHints":{"allow":["GET"]}}],"collection":[{"href":"https:\/\/sklep.hewalex.pl\/en\/wp-json\/wp\/v2\/product"}],"about":[{"href":"https:\/\/sklep.hewalex.pl\/en\/wp-json\/wp\/v2\/types\/product"}],"replies":[{"embeddable":true,"href":"https:\/\/sklep.hewalex.pl\/en\/wp-json\/wp\/v2\/comments?post=43065"}],"wp:featuredmedia":[{"embeddable":true,"href":"https:\/\/sklep.hewalex.pl\/en\/wp-json\/wp\/v2\/media\/43117"}],"wp:attachment":[{"href":"https:\/\/sklep.hewalex.pl\/en\/wp-json\/wp\/v2\/media?parent=43065"}],"wp:term":[{"taxonomy":"product_brand","embeddable":true,"href":"https:\/\/sklep.hewalex.pl\/en\/wp-json\/wp\/v2\/product_brand?post=43065"},{"taxonomy":"product_cat","embeddable":true,"href":"https:\/\/sklep.hewalex.pl\/en\/wp-json\/wp\/v2\/product_cat?post=43065"},{"taxonomy":"product_tag","embeddable":true,"href":"https:\/\/sklep.hewalex.pl\/en\/wp-json\/wp\/v2\/product_tag?post=43065"}],"curies":[{"name":"wp","href":"https:\/\/api.w.org\/{rel}","templated":true}]}}