{"id":42894,"date":"2025-08-01T10:04:20","date_gmt":"2025-08-01T08:04:20","guid":{"rendered":"https:\/\/sklep.hewalex.pl\/?post_type=product&#038;p=42894"},"modified":"2026-04-10T00:14:06","modified_gmt":"2026-04-09T22:14:06","slug":"zestaw-pcco-dual-hx200-120-mono-9-pzhx-6","status":"publish","type":"product","link":"https:\/\/sklep.hewalex.pl\/en\/product\/zestaw-pcco-dual-hx200-120-mono-9-pzhx-6\/","title":{"rendered":"Zestaw PCCO DUAL HX200\/120-MONO 9-PZHX-6"},"content":{"rendered":"<h2>Zawarto\u015b\u0107 zestawu z pomp\u0105 ciep\u0142a PCCO MONO 9:<\/h2>\n<p>&nbsp;<\/p>\n<table width=\"520\">\n<tbody>\n<tr>\n<td width=\"260\">Jednostka zewn\u0119trzna PCCO MONO 9<\/td>\n<td width=\"260\">HPOM009Z0C<\/td>\n<\/tr>\n<tr>\n<td>Jednostka wewn\u0119trzna (modu\u0142 hydrauliczny) &#8211; Modu\u0142 Zabezpieczaj\u0105cy PZ HX, grza\u0142ka 6 kW<\/td>\n<td>HPOM020W6B<\/td>\n<\/tr>\n<tr>\n<td>Podgrzewacz DUAL HX200\/120 bez izolacji<\/td>\n<td>81.50.11<\/td>\n<\/tr>\n<tr>\n<td>Izolacja do podgrzewacza DUAL HX200\/120<\/td>\n<td>81.10.12<\/td>\n<\/tr>\n<tr>\n<td>Konstrukcja uniwersalna PCCO<\/td>\n<td>90.00.35<\/td>\n<\/tr>\n<tr>\n<td>Filtr magnetyczny DN32 GW5\/4&#8243;<\/td>\n<td>HPOAF32114A<\/td>\n<\/tr>\n<\/tbody>\n<\/table>\n<p>&nbsp;<\/p>\n<p><b>UWAGA:<\/b> do po\u0142\u0105czenia jednostek niezb\u0119dne jest zam\u00f3wienie 7-\u017cy\u0142owej wi\u0105zki kablowej o d\u0142ugo\u015bci 6, 8, 10 lub 12 m dost\u0119pnej do wyboru w &#8222;<a href=\"https:\/\/sklep.hewalex.pl\/pl\/category\/pompy-ciepla-pcco\/osprzet-dodatkowy-pompy-ciepla-pcco\/\">Osprz\u0119t dodatkowy<\/a>&#8221;<\/p>\n<h2><img decoding=\"async\" class=\"alignnone wp-image-34028 size-full\" src=\"https:\/\/sklep.hewalex.pl\/wp-content\/uploads\/2023\/05\/Ads-120_600_Zestawy_PC.jpg\" alt=\"\" width=\"600\" height=\"120\" srcset=\"https:\/\/sklep.hewalex.pl\/wp-content\/uploads\/2023\/05\/Ads-120_600_Zestawy_PC.jpg 600w, https:\/\/sklep.hewalex.pl\/wp-content\/uploads\/2023\/05\/Ads-120_600_Zestawy_PC-400x80.jpg 400w\" sizes=\"(max-width: 600px) 100vw, 600px\" \/><\/h2>\n<p>&nbsp;<\/p>\n<h2>Korzy\u015bci z zakupu kompletnego zestawu z pomp\u0105 ciep\u0142a:<\/h2>\n<ul>\n<li>korzystna cena zakupu zestawu,<\/li>\n<li>kompleksowe rozwi\u0105zanie z dopasowanym do siebie komponentami,<\/li>\n<li>oszcz\u0119dno\u015b\u0107 czasu przy kompletacji i zakupie systemu grzewczego,<\/li>\n<li>wsparcie techniczne &#8211; komponenty uwzgl\u0119dnione w schematach Hewalex,<\/li>\n<li>bezpiecze\u0144stwo &#8211; filtr dla ochrony skraplacza przed zanieczyszczeniem oraz Modu\u0142 Zabezpieczaj\u0105cy PZ HX gwarantuj\u0105cy ochron\u0119 przeciwzamro\u017ceniow\u0105,<\/li>\n<li>efektywno\u015b\u0107 \u2013 Modu\u0142 Zabezpieczaj\u0105cy PZ HX umo\u017cliwiaj\u0105cy pomiar energii cieplnej oraz COP,<\/li>\n<li>optymalne koszty transportu i logistyki \u2013 jedna dostawa ca\u0142ego zestawu,<\/li>\n<li>elastyczno\u015b\u0107 &#8211; zam\u00f3wienie wi\u0105zki kablowej zale\u017cnie od wymaganej d\u0142ugo\u015bci.<\/li>\n<\/ul>\n<p>&nbsp;<\/p>\n<h2>Pliki do pobrania:<\/h2>\n<p><a href=\"https:\/\/sklep.hewalex.pl\/wp-content\/uploads\/2022\/09\/HEWALEX_PCCO-MONO-6-9-11_karta-produktu_25-03-2025.pdf\"><img decoding=\"async\" class=\"wp-image-1324\" src=\"http:\/\/sklep.hewalex.pl\/wp-content\/uploads\/2018\/05\/pdf-ico-300x300.png\" alt=\"\" width=\"34\" height=\"34\" \/> Karta produktu PCCO MONO<\/a><\/p>\n<p><a href=\"https:\/\/sklep.hewalex.pl\/wp-content\/uploads\/2025\/07\/HEWALEX_PCCO-MONO-9_17-11-2022-1.pdf\"><img decoding=\"async\" class=\"wp-image-1324\" src=\"http:\/\/sklep.hewalex.pl\/wp-content\/uploads\/2018\/05\/pdf-ico-300x300.png\" alt=\"\" width=\"34\" height=\"34\" \/> Etykieta produktu &#8211; Hewalex PCCO MONO 9<\/a><\/p>\n<p><a href=\"https:\/\/sklep.hewalex.pl\/wp-content\/uploads\/2025\/02\/HEWALEX_PCCO_instrukcja-obslugi-dla-Uzytkownika-3a_14-03-2025-1.pdf\"><img decoding=\"async\" class=\"wp-image-1324\" src=\"http:\/\/sklep.hewalex.pl\/wp-content\/uploads\/2018\/05\/pdf-ico-300x300.png\" alt=\"\" width=\"34\" height=\"34\" \/> Instrukcja obs\u0142ugi PCCO MONO dla u\u017cytkownika<\/a><\/p>\n<p><a href=\"https:\/\/sklep.hewalex.pl\/wp-content\/uploads\/2025\/02\/HEWALEX_PCCO_instrukcja-obslugi-dla-Instalatora-i-Serwisanta_wersja-3a_14-03-2025-1.pdf\"><img decoding=\"async\" class=\"wp-image-1324\" src=\"http:\/\/sklep.hewalex.pl\/wp-content\/uploads\/2018\/05\/pdf-ico-300x300.png\" alt=\"\" width=\"34\" height=\"34\" \/> Instrukcja obs\u0142ugi PCCO MONO dla instalatora i serwisanta<\/a><\/p>\n<p><a href=\"https:\/\/sklep.hewalex.pl\/wp-content\/uploads\/2022\/09\/HEWALEX_PCCO-MONO-6-9-11-15-18_wersja-B_C_D_E-instrukcja-montazu-pompy-ciepla_22.05.2025.pdf\"><img decoding=\"async\" class=\"wp-image-1324\" src=\"http:\/\/sklep.hewalex.pl\/wp-content\/uploads\/2018\/05\/pdf-ico-300x300.png\" alt=\"\" width=\"34\" height=\"34\" \/> Instrukcja monta\u017cu PCCO MONO dla jednostki hydraulicznej (B\/C\/D\/E)<\/a><\/p>\n<p><a href=\"https:\/\/sklep.hewalex.pl\/wp-content\/uploads\/2025\/08\/HEWALEX_PCCO_karta-gwarancyjna_15-04-2024_WZOR_.pdf\"><img decoding=\"async\" class=\"porto-lazyload wp-image-1324 lazy-load-loaded\" src=\"http:\/\/sklep.hewalex.pl\/wp-content\/uploads\/2018\/05\/pdf-ico-300x300.png\" alt=\"\" width=\"34\" height=\"34\" data-oi=\"http:\/\/sklep.hewalex.pl\/wp-content\/uploads\/2018\/05\/pdf-ico-300x300.png\" \/>\u00a0Karta gwarancyjna \u2013 pompy ciep\u0142a PCCO<\/a><\/p>","protected":false},"excerpt":{"rendered":"<p>Zestaw pompy ciep\u0142a PCCO MONO 9 (z Modu\u0142em Zabezpieczaj\u0105cym PZ HX oraz grza\u0142k\u0105 6 kW) ze zbiornikiem 2w1 (podgrzewacz 200l oraz bufor 120l).G\u0142\u00f3wn\u0105 korzy\u015bci\u0105 uzyskan\u0105 przy wyborze takiego rozwi\u0105zania jest mo\u017cliwo\u015b\u0107 szybkiego zaoferowania klientowi kompletnego rozwi\u0105zania, przy korzystnej cenie zakupu. Kluczowe komponenty systemu zostan\u0105 dostarczone przez jednego producenta, co daje klientowi bezpiecze\u0144stwo i komfort opieki serwisowej, a wykonawcy \u2013 oszcz\u0119dno\u015b\u0107 czasu przy kompletacji i zakupie systemu.<\/p>\n<p>Zestaw sprzedawany w cenie katalogowej ni\u017cszej o 20% ni\u017c zakup poszczeg\u00f3lnych komponent\u00f3w osobno.<\/p>","protected":false},"featured_media":42954,"comment_status":"closed","ping_status":"closed","template":"","meta":[],"product_brand":[],"product_cat":[391,167],"product_tag":[],"class_list":{"0":"post-42894","1":"product","2":"type-product","3":"status-publish","4":"has-post-thumbnail","6":"product_cat-zestawy-pcco-mono","7":"product_cat-pompy-ciepla-pcco","8":"product_shipping_class-rohligsuus-140x150h","10":"first","11":"instock","12":"taxable","13":"shipping-taxable","14":"purchasable","15":"product-type-simple"},"_links":{"self":[{"href":"https:\/\/sklep.hewalex.pl\/en\/wp-json\/wp\/v2\/product\/42894","targetHints":{"allow":["GET"]}}],"collection":[{"href":"https:\/\/sklep.hewalex.pl\/en\/wp-json\/wp\/v2\/product"}],"about":[{"href":"https:\/\/sklep.hewalex.pl\/en\/wp-json\/wp\/v2\/types\/product"}],"replies":[{"embeddable":true,"href":"https:\/\/sklep.hewalex.pl\/en\/wp-json\/wp\/v2\/comments?post=42894"}],"wp:featuredmedia":[{"embeddable":true,"href":"https:\/\/sklep.hewalex.pl\/en\/wp-json\/wp\/v2\/media\/42954"}],"wp:attachment":[{"href":"https:\/\/sklep.hewalex.pl\/en\/wp-json\/wp\/v2\/media?parent=42894"}],"wp:term":[{"taxonomy":"product_brand","embeddable":true,"href":"https:\/\/sklep.hewalex.pl\/en\/wp-json\/wp\/v2\/product_brand?post=42894"},{"taxonomy":"product_cat","embeddable":true,"href":"https:\/\/sklep.hewalex.pl\/en\/wp-json\/wp\/v2\/product_cat?post=42894"},{"taxonomy":"product_tag","embeddable":true,"href":"https:\/\/sklep.hewalex.pl\/en\/wp-json\/wp\/v2\/product_tag?post=42894"}],"curies":[{"name":"wp","href":"https:\/\/api.w.org\/{rel}","templated":true}]}}