{"id":42864,"date":"2025-07-30T07:42:13","date_gmt":"2025-07-30T05:42:13","guid":{"rendered":"https:\/\/sklep.hewalex.pl\/?post_type=product&#038;p=42864"},"modified":"2026-04-21T21:07:27","modified_gmt":"2026-04-21T19:07:27","slug":"longi-artist-lr5-54hthb-430m-fb30","status":"publish","type":"product","link":"https:\/\/sklep.hewalex.pl\/en\/product\/longi-artist-lr5-54hthb-430m-fb30\/","title":{"rendered":"LONGI ARTIST LR5-54HTHB-430M \u2013 FB30"},"content":{"rendered":"<p>Panel fotowoltaiczny LONGi\u00a0Artist LR5-54HTHB-430M &#8211; FB30 wykonany w technologii monokrystalicznej z zastosowaniem <strong>ogniw HPBC.<br \/>\n<\/strong>Nowoczesne panele fotowoltaiczne Longii Solar maj\u0105 zwi\u0119kszon\u0105 odporno\u015b\u0107 na degradacj\u0119 LID i odznaczaj\u0105 si\u0119 odporno\u015bci\u0105 na efekt PID, czyli na degradacj\u0119 indukowanym napi\u0119ciem. Dzi\u0119ki temu modu\u0142y PV marki LONGi Solar obj\u0119te s\u0105 gwarancj\u0105 wydajno\u015bci liniowej, kt\u00f3ra zastrzega utrat\u0119 mocy rok do roku nie wi\u0119ksz\u0105 ni\u017c -0,55%, co na koniec 25-letniego okresu gwarancji pozwala liczy\u0107 na sprawno\u015b\u0107 o ponad 4% wi\u0119ksz\u0105 w por\u00f3wnaniu do innych modu\u0142\u00f3w.<\/p>\n<p><strong>Korzy\u015bci z technologii zastosowanych w panelu LONGi\u00a0Artist LR5-54HTHB-430M &#8211; FB30:<\/strong><\/p>\n<ul>\n<li><strong>G\u0142\u0119boka czer\u0144 \u2013 elegancki wygl\u0105d<\/strong><\/li>\n<li><strong>25-letnia gwarancja na materia\u0142y i wykonanie<\/strong><\/li>\n<li><strong>25-letnia gwarancja mocy liniowej<\/strong><\/li>\n<li>obni\u017cona wra\u017cliwo\u015b\u0107 na zacienianie<\/li>\n<li>ni\u017csze ryzyko wyst\u0119powania tzw. hot spot\u00f3w<\/li>\n<li>zwi\u0119kszona odporno\u015b\u0107 na obci\u0105\u017cenia mechaniczne<\/li>\n<li>pe\u0142na swoboda przy projektowaniu instalacji<\/li>\n<\/ul>\n<p><a href=\"https:\/\/sklep.hewalex.pl\/wp-content\/uploads\/2025\/07\/Hewalex_LONGI_Panel-Longi-LR5-54HTHB-430M_Karta-produktu_PL_14-07-2025.pdf\"><img decoding=\"async\" class=\"wp-image-1324\" src=\"http:\/\/sklep.hewalex.pl\/wp-content\/uploads\/2018\/05\/pdf-ico-300x300.png\" alt=\"\" width=\"34\" height=\"34\" \/> Informator produktowy &#8211; panel fotowoltaiczny LONGI LR5-54HTHB-430M<\/a><\/p>","protected":false},"excerpt":{"rendered":"<p>LONGi Artist LR5-54HTHB-430M &#8211; FB30 to wysokowydajny modu\u0142 monokrystaliczny typu Half-Cell, kt\u00f3ry \u0142\u0105czy elegancki design z nowoczesn\u0105 technologi\u0105 fotowoltaiczn\u0105. Cechuj\u0105 si\u0119 doskona\u0142ym wygl\u0105dem &#8211; modu\u0142y ULTRA Black maj\u0105 jednolit\u0105 czarn\u0105 struktur\u0119, dzi\u0119ki temu s\u0105 najlepszym wyborem do tworzenia estetycznych instalacji.<\/p>\n<p>Modu\u0142y sk\u0142adaj\u0105ce si\u0119 z multibusbarowych ogniw HPBC gwarantuj\u0105 wy\u017csz\u0105 moc wyj\u015bciow\u0105, lepszy wsp\u00f3\u0142czynnik temperaturowy, obni\u017con\u0105 wra\u017cliwo\u015b\u0107 na zacienienie, ni\u017csze ryzyko wyst\u0105pienia hot spot\u00f3w oraz wy\u017csz\u0105 odporno\u015b\u0107 na obci\u0105\u017cenia mechaniczne.<\/p>\n<p><strong>UWAGA: Panel POSIADA TAKIE SAME ROZMIARY JAK STANDARDOWY PANEL O MOCY 415 W. Posiada czarne obramowanie o grubo\u015bci 30 mm, polecamy dla niego zamawianie dostosowanych\u00a0<\/strong><a href=\"https:\/\/sklep.hewalex.pl\/produkt\/docisk-pv-srodkowy-35-czarny-kpl-2-szt\/\"><strong>docisk\u00f3w \u015brodkowych<\/strong><\/a><strong>\u00a0i\u00a0<\/strong><a href=\"https:\/\/sklep.hewalex.pl\/produkt\/docisk-pv-skrajny-35-czarny-kpl-4-szt\/\"><strong>skrajnych<\/strong><\/a><strong>\u00a0w CZARNYM KOLORZE.\u00a0<\/strong><\/p>","protected":false},"featured_media":42929,"comment_status":"closed","ping_status":"closed","template":"","meta":[],"product_brand":[],"product_cat":[131,133],"product_tag":[],"class_list":{"0":"post-42864","1":"product","2":"type-product","3":"status-publish","4":"has-post-thumbnail","6":"product_cat-fotowoltaika","7":"product_cat-panele-pv","8":"product_shipping_class-pallet","10":"first","11":"instock","12":"taxable","13":"shipping-taxable","14":"purchasable","15":"product-type-simple"},"_links":{"self":[{"href":"https:\/\/sklep.hewalex.pl\/en\/wp-json\/wp\/v2\/product\/42864","targetHints":{"allow":["GET"]}}],"collection":[{"href":"https:\/\/sklep.hewalex.pl\/en\/wp-json\/wp\/v2\/product"}],"about":[{"href":"https:\/\/sklep.hewalex.pl\/en\/wp-json\/wp\/v2\/types\/product"}],"replies":[{"embeddable":true,"href":"https:\/\/sklep.hewalex.pl\/en\/wp-json\/wp\/v2\/comments?post=42864"}],"wp:featuredmedia":[{"embeddable":true,"href":"https:\/\/sklep.hewalex.pl\/en\/wp-json\/wp\/v2\/media\/42929"}],"wp:attachment":[{"href":"https:\/\/sklep.hewalex.pl\/en\/wp-json\/wp\/v2\/media?parent=42864"}],"wp:term":[{"taxonomy":"product_brand","embeddable":true,"href":"https:\/\/sklep.hewalex.pl\/en\/wp-json\/wp\/v2\/product_brand?post=42864"},{"taxonomy":"product_cat","embeddable":true,"href":"https:\/\/sklep.hewalex.pl\/en\/wp-json\/wp\/v2\/product_cat?post=42864"},{"taxonomy":"product_tag","embeddable":true,"href":"https:\/\/sklep.hewalex.pl\/en\/wp-json\/wp\/v2\/product_tag?post=42864"}],"curies":[{"name":"wp","href":"https:\/\/api.w.org\/{rel}","templated":true}]}}