{"id":42442,"date":"2025-06-09T11:23:19","date_gmt":"2025-06-09T09:23:19","guid":{"rendered":"https:\/\/sklep.hewalex.pl\/?post_type=product&#038;p=42442"},"modified":"2026-04-11T16:37:25","modified_gmt":"2026-04-11T14:37:25","slug":"sterownik-solarny-g422-p07","status":"publish","type":"product","link":"https:\/\/sklep.hewalex.pl\/en\/product\/sterownik-solarny-g422-p07\/","title":{"rendered":"Sterownik solarny G422-P07"},"content":{"rendered":"<p><strong>Liczba wej\u015b\u0107 czujnik\u00f3w temperatury:<\/strong> 4<br \/>\n<strong>Liczba czujnik\u00f3w temperatury do\u0142\u0105czona do sterownika:<\/strong> brak<br \/>\n<strong>Maks. liczba obs\u0142ugiwancyh urz\u0105dze\u0144:<\/strong> 3<br \/>\n<strong>Spos\u00f3b obslugi sterownika:<\/strong> panel dotykowy z wy\u015bwietlaczem LCD<br \/>\n<strong>Spos\u00f3b monta\u017cu:<\/strong> w grupie pompowej serii ZPS18<br \/>\n<strong>Przew\u00f3d zasilania do\u0142\u0105czony do sterownika:<\/strong> brak<\/p>","protected":false},"excerpt":{"rendered":"<p>Sterownik <strong>G422<\/strong> to urz\u0105dzenie przeznaczone do zarz\u0105dzania instalacjami kolektor\u00f3w s\u0142onecznych, umo\u017cliwiaj\u0105c wsp\u00f3\u0142prac\u0119 z pompami sta\u0142oobrotowymi i elektronicznie regulowanymi. Dzi\u0119ki intuicyjnej obs\u0142udze, zapewnia efektywne wykorzystanie energii s\u0142onecznej do przygotowania ciep\u0142ej wody u\u017cytkowej oraz wspomagania innych \u017ar\u00f3de\u0142 ciep\u0142a \u2013 obs\u0142uga 17 schemat\u00f3w instalacji. Dodatkowo, pozwala na pod\u0142\u0105czenie czujnika ci\u015bnienia w instalacji solarnej oraz zdalne monitorowanie przez system EKONTROL (stosuj\u0105c dodatkowy modem EKO-LAN). Wersja GH26 to odpowiednik G422 do monta\u017cu na \u015bcianie.<\/p>","protected":false},"featured_media":42441,"comment_status":"closed","ping_status":"closed","template":"","meta":[],"product_brand":[],"product_cat":[375,371,295],"product_tag":[],"class_list":{"0":"post-42442","1":"product","2":"type-product","3":"status-publish","4":"has-post-thumbnail","6":"product_cat-sterowniki-czesci-zamienne","7":"product_cat-technika-solarna-czesci-zamienne","8":"product_cat-czesci-zamienne","9":"product_shipping_class-box","11":"first","12":"instock","13":"taxable","14":"shipping-taxable","15":"purchasable","16":"product-type-simple"},"_links":{"self":[{"href":"https:\/\/sklep.hewalex.pl\/en\/wp-json\/wp\/v2\/product\/42442","targetHints":{"allow":["GET"]}}],"collection":[{"href":"https:\/\/sklep.hewalex.pl\/en\/wp-json\/wp\/v2\/product"}],"about":[{"href":"https:\/\/sklep.hewalex.pl\/en\/wp-json\/wp\/v2\/types\/product"}],"replies":[{"embeddable":true,"href":"https:\/\/sklep.hewalex.pl\/en\/wp-json\/wp\/v2\/comments?post=42442"}],"wp:featuredmedia":[{"embeddable":true,"href":"https:\/\/sklep.hewalex.pl\/en\/wp-json\/wp\/v2\/media\/42441"}],"wp:attachment":[{"href":"https:\/\/sklep.hewalex.pl\/en\/wp-json\/wp\/v2\/media?parent=42442"}],"wp:term":[{"taxonomy":"product_brand","embeddable":true,"href":"https:\/\/sklep.hewalex.pl\/en\/wp-json\/wp\/v2\/product_brand?post=42442"},{"taxonomy":"product_cat","embeddable":true,"href":"https:\/\/sklep.hewalex.pl\/en\/wp-json\/wp\/v2\/product_cat?post=42442"},{"taxonomy":"product_tag","embeddable":true,"href":"https:\/\/sklep.hewalex.pl\/en\/wp-json\/wp\/v2\/product_tag?post=42442"}],"curies":[{"name":"wp","href":"https:\/\/api.w.org\/{rel}","templated":true}]}}