{"id":42241,"date":"2025-05-19T11:47:02","date_gmt":"2025-05-19T09:47:02","guid":{"rendered":"https:\/\/sklep.hewalex.pl\/?post_type=product&#038;p=42241"},"modified":"2026-04-05T03:21:50","modified_gmt":"2026-04-05T01:21:50","slug":"akumulator-100ah","status":"publish","type":"product","link":"https:\/\/sklep.hewalex.pl\/en\/product\/akumulator-100ah\/","title":{"rendered":"AKUMULATOR 100Ah"},"content":{"rendered":"<p>NIE DOPUSZCZA\u0106 DO ROZ\u0141ADOWANIA PONI\u017bEJ 11V!<\/p>\n<p>Przeznaczenie:<\/p>\n<p>HPAZ100A\/B<\/p>\n<p>&nbsp;<\/p>\n<p>Specyfikacja:<\/p>\n<p>Napi\u0119cie nominalne \u00a0\u00a0\u00a0\u00a0\u00a0\u00a0 12 V<\/p>\n<p>Pojemno\u015b\u0107 nominalna \u00a0 100 Ah<\/p>","protected":false},"excerpt":{"rendered":"<p>Akumulator NP100-12R o pojemno\u015bci 100Ah przeznaczony jest do stosowania w Module Zabezpieczaj\u0105cym PZ HX. Stanowi \u017ar\u00f3d\u0142o zasilania awaryjnego pompy obiegowej, zabezpieczaj\u0105cej skraplacz jednostki zewn\u0119trznej pompy ciep\u0142a przed zamarzni\u0119ciem w przypadku przerwy w dostawie energii elektrycznej. Akumulator wykonany w technologii AGM.<\/p>","protected":false},"featured_media":42250,"comment_status":"closed","ping_status":"closed","template":"","meta":[],"product_brand":[],"product_cat":[384,383,295],"product_tag":[],"class_list":{"0":"post-42241","1":"product","2":"type-product","3":"status-publish","4":"has-post-thumbnail","6":"product_cat-akumulatory","7":"product_cat-pompy-ciepla-pcco-czesci-zamienne","8":"product_cat-czesci-zamienne","9":"product_shipping_class-pallet","11":"first","12":"instock","13":"taxable","14":"shipping-taxable","15":"purchasable","16":"product-type-simple"},"_links":{"self":[{"href":"https:\/\/sklep.hewalex.pl\/en\/wp-json\/wp\/v2\/product\/42241","targetHints":{"allow":["GET"]}}],"collection":[{"href":"https:\/\/sklep.hewalex.pl\/en\/wp-json\/wp\/v2\/product"}],"about":[{"href":"https:\/\/sklep.hewalex.pl\/en\/wp-json\/wp\/v2\/types\/product"}],"replies":[{"embeddable":true,"href":"https:\/\/sklep.hewalex.pl\/en\/wp-json\/wp\/v2\/comments?post=42241"}],"wp:featuredmedia":[{"embeddable":true,"href":"https:\/\/sklep.hewalex.pl\/en\/wp-json\/wp\/v2\/media\/42250"}],"wp:attachment":[{"href":"https:\/\/sklep.hewalex.pl\/en\/wp-json\/wp\/v2\/media?parent=42241"}],"wp:term":[{"taxonomy":"product_brand","embeddable":true,"href":"https:\/\/sklep.hewalex.pl\/en\/wp-json\/wp\/v2\/product_brand?post=42241"},{"taxonomy":"product_cat","embeddable":true,"href":"https:\/\/sklep.hewalex.pl\/en\/wp-json\/wp\/v2\/product_cat?post=42241"},{"taxonomy":"product_tag","embeddable":true,"href":"https:\/\/sklep.hewalex.pl\/en\/wp-json\/wp\/v2\/product_tag?post=42241"}],"curies":[{"name":"wp","href":"https:\/\/api.w.org\/{rel}","templated":true}]}}