{"id":41690,"date":"2025-03-20T08:05:12","date_gmt":"2025-03-20T07:05:12","guid":{"rendered":"https:\/\/sklep.hewalex.pl\/?post_type=product&#038;p=41690"},"modified":"2026-04-05T14:51:35","modified_gmt":"2026-04-05T12:51:35","slug":"o-ring-ks-3-4%e2%80%b3-10-szt","status":"publish","type":"product","link":"https:\/\/sklep.hewalex.pl\/en\/product\/o-ring-ks-3-4%e2%80%b3-10-szt\/","title":{"rendered":"O-RING KS 3\/4\u2033 [10 SZT]"},"content":{"rendered":"","protected":false},"excerpt":{"rendered":"<p>O-ring (oring) stosowany jest jako uszczelnienie przy\u0142\u0105czy kolektora s\u0142onecznego. Jest fabrycznie umieszczony na kr\u00f3\u0107cach kolektora os\u0142oni\u0119tych dodatkowo kapturkami z tworzywa sztucznego. O-ring (oring) wykonany jest z kauczuku fluorowego VITON\u00ae koncernu Du Pont. Cechuje si\u0119 on w por\u00f3wnaniu do standardowych uszczelnie\u0144 silikonowych podwy\u017cszon\u0105 wytrzyma\u0142o\u015bci\u0105 mechaniczn\u0105 na przeci\u0119cia i odkszta\u0142cenia. Zachowuje swoje cechy w szerokim zakresie temperatur roboczych co najmniej od -40 do +220\u00b0C. Materia\u0142 O-ringu (oringu) jest tak\u017ce odporny na oddzia\u0142ywanie takich substancji, jak oleje, smary, czy glikole. Zastosowanie O-ringu (oringu) na po\u0142\u0105czeniach \u015brubunkowych wymaga niewielkiej si\u0142y dokr\u0119cania, z maksymalnym momentem obrotowym 5 Nm. Zapewnia to pe\u0142n\u0105 szczelno\u015b\u0107 po\u0142\u0105czenia i umo\u017cliwia w razie potrzeby demonta\u017c kolektora w celach konserwacyjnych, czy serwisowych.<\/p>","protected":false},"featured_media":6052,"comment_status":"closed","ping_status":"closed","template":"","meta":[],"product_brand":[],"product_cat":[382,371,295],"product_tag":[],"class_list":{"0":"post-41690","1":"product","2":"type-product","3":"status-publish","4":"has-post-thumbnail","6":"product_cat-osprzet-dodatkowy-technika-solarna-czesci-zamienne","7":"product_cat-technika-solarna-czesci-zamienne","8":"product_cat-czesci-zamienne","9":"product_shipping_class-box","11":"first","12":"instock","13":"taxable","14":"shipping-taxable","15":"purchasable","16":"product-type-simple"},"_links":{"self":[{"href":"https:\/\/sklep.hewalex.pl\/en\/wp-json\/wp\/v2\/product\/41690","targetHints":{"allow":["GET"]}}],"collection":[{"href":"https:\/\/sklep.hewalex.pl\/en\/wp-json\/wp\/v2\/product"}],"about":[{"href":"https:\/\/sklep.hewalex.pl\/en\/wp-json\/wp\/v2\/types\/product"}],"replies":[{"embeddable":true,"href":"https:\/\/sklep.hewalex.pl\/en\/wp-json\/wp\/v2\/comments?post=41690"}],"wp:featuredmedia":[{"embeddable":true,"href":"https:\/\/sklep.hewalex.pl\/en\/wp-json\/wp\/v2\/media\/6052"}],"wp:attachment":[{"href":"https:\/\/sklep.hewalex.pl\/en\/wp-json\/wp\/v2\/media?parent=41690"}],"wp:term":[{"taxonomy":"product_brand","embeddable":true,"href":"https:\/\/sklep.hewalex.pl\/en\/wp-json\/wp\/v2\/product_brand?post=41690"},{"taxonomy":"product_cat","embeddable":true,"href":"https:\/\/sklep.hewalex.pl\/en\/wp-json\/wp\/v2\/product_cat?post=41690"},{"taxonomy":"product_tag","embeddable":true,"href":"https:\/\/sklep.hewalex.pl\/en\/wp-json\/wp\/v2\/product_tag?post=41690"}],"curies":[{"name":"wp","href":"https:\/\/api.w.org\/{rel}","templated":true}]}}