{"id":41558,"date":"2025-03-06T14:38:20","date_gmt":"2025-03-06T13:38:20","guid":{"rendered":"https:\/\/sklep.hewalex.pl\/?post_type=product&#038;p=41558"},"modified":"2026-04-30T14:36:14","modified_gmt":"2026-04-30T12:36:14","slug":"opti-ener-2-0","status":"publish","type":"product","link":"https:\/\/sklep.hewalex.pl\/en\/product\/opti-ener-2-0\/","title":{"rendered":"OPTI-ENER 2.0"},"content":{"rendered":"<p><strong>Zestaw OPTI-ENER 2.0 zawiera:<\/strong><\/p>\n<ul>\n<li>sterownik do monta\u017cu natynkowego wyposa\u017cony w 4 bezpotencja\u0142owe wyj\u015bcia przeka\u017anikowe,<\/li>\n<li>uchwyt u\u0142atwiaj\u0105cy monta\u017c sterownika na \u015bcianie,<\/li>\n<\/ul>\n<p>Sterownik wsp\u00f3\u0142pracuje z rozpinanymi przek\u0142adnikami pr\u0105dowymi YHDC: SCT010 (50A), SCT019s (300A), SCT031ql (300A), kt\u00f3re r\u00f3\u017cni\u0105 si\u0119 gabarytami oraz zakresem pomiarowym.<\/p>\n<p>&nbsp;<\/p>\n<p><strong>Zakres funkcjonalny systemu OPTI-ENER EMS:<\/strong><\/p>\n<ul>\n<li>automatyczne w\u0142\u0105czanie urz\u0105dze\u0144 przy wykorzystaniu dynamicznych cen energii,<\/li>\n<li>automatyczne w\u0142\u0105czanie urz\u0105dze\u0144 z nadwy\u017cek instalacji fotowoltaicznej wraz<br \/>\nz okre\u015bleniem priorytetu w\u0142\u0105czania poszczeg\u00f3lnych z nich,<\/li>\n<li>w\u0142\u0105czanie urz\u0105dze\u0144 wykorzystuj\u0105c sygna\u0142 standardu SG Ready,<\/li>\n<li>p\u0142ynna regulacja mocy grza\u0142ki elektrycznej w zale\u017cno\u015bci od nadwy\u017cek energii wysy\u0142anych do sieci elektroenergetycznej (do realizacji tej funkcji niezb\u0119dne jest pod\u0142\u0105czenie dodatkowego modu\u0142u OPTI-TEMP),<\/li>\n<li>funkcja napi\u0119ciowa, polegaj\u0105ca na obni\u017ceniu napi\u0119cia w sieci elektroenergetycznej poprzez w\u0142\u0105czenie grza\u0142ki. Spowoduje to doci\u0105\u017cenie fazy, na kt\u00f3rej zosta\u0142o wykryte podwy\u017cszone napi\u0119cie, spowodowane prac\u0105 inwertera fotowoltaicznego. Obni\u017cenie napi\u0119cia umo\u017cliwia ci\u0105g\u0142\u0105 prac\u0119 falownika (do realizacji tej funkcji niezb\u0119dne jest pod\u0142\u0105czenie dodatkowego modu\u0142u OPTI-TEMP),<\/li>\n<li>sterowanie w\u0142\u0105czeniem urz\u0105dze\u0144 na podstawie harmonogramu czasowego lub \u017c\u0105dania r\u0119cznego,<\/li>\n<li>OPTI-ENER EMS jest obs\u0142ugiwany przez platform\u0119 Ekontrol dost\u0119pn\u0105 zar\u00f3wno w wersji przegl\u0105darkowej &#8211; Ekontrol.pl jak r\u00f3wnie\u017c w postaci aplikacji mobilnej OptiEner, kt\u00f3ra s\u0142u\u017cy do zdalnego nadzoru instalacji. Umo\u017cliwia jej monitorowanie i kontrol\u0119, m.in. poprzez automatyczne wysy\u0142anie powiadomie\u0144 o zu\u017cyciu energii, autokonsumpcji czy ewentualnych nieprawid\u0142owo\u015bciach w instalacji,<\/li>\n<li>pomiar energii produkowanej, pobieranej, oddawanej i zu\u017cywanej w czasie rzeczywistym, tolerancja pomiarowa sterownika wynosi +\/- 1,5%,<\/li>\n<li>wyliczanie poziomu autokonsumpcji oraz redukcji emisji CO2,<\/li>\n<li>mo\u017cliwo\u015b\u0107 eksportu danych do plik\u00f3w .xls, .pdf, .jpg,<\/li>\n<li>komunikacja bezprzewodowa Wi-Fi lub przewodowa,<\/li>\n<li>protok\u00f3\u0142 komunikacyjny MODBUS RTU.<\/li>\n<\/ul>\n<p>&nbsp;<\/p>\n<p><strong>Jak dzia\u0142aj\u0105 dynamiczne ceny energii w OPTI-ENER EMS<\/strong><\/p>\n<p>System codziennie automatycznie pobiera ceny energii z TGE. U\u017cytkownik jednorazowo konfiguruje taryf\u0119 dystrybucyjn\u0105, a Ekontrol na bie\u017c\u0105co wyznacza pe\u0142n\u0105 cen\u0119 energii. W systemie u\u017cytkownik widzi rzeczywisty koszt 1 kWh &#8211; uwzgl\u0119dniaj\u0105cy energi\u0119, dystrybucj\u0119, op\u0142aty sta\u0142e oraz VAT. Na tej podstawie OPTI-ENER EMS automatycznie zarz\u0105dza zu\u017cyciem energii, wybieraj\u0105c najbardziej op\u0142acalny scenariusz &#8211; bez ukrytych koszt\u00f3w. Dzi\u0119ki firmie Hewalex zobaczysz faktyczn\u0105 cen\u0119 za energi\u0119, \u017cadnych dodatkowych koszt\u00f3w.<\/p>\n<p>Ponadto, na podstawie pomiar\u00f3w mocy, OPTI-ENER 2.0 wylicza ilo\u015b\u0107 energii pobieranej, oddawanej, wytwarzanej oraz zu\u017cywanej w monitorowanej instalacji \u2013 tak powstaje profil zu\u017cycia energii elektrycznej. Do wyznaczania mocy niezb\u0119dne jest zastosowanie przek\u0142adnik\u00f3w pr\u0105dowych, kt\u00f3re mo\u017cna kupi\u0107 oddzielnie.<\/p>\n<p>&nbsp;<\/p>\n<h2>Do pobrania:<\/h2>\n<p><a href=\"https:\/\/sklep.hewalex.pl\/wp-content\/uploads\/2023\/11\/Hewalex_OPTI-ENER-2.0_Karta-produktu_2024.pdf\"><img decoding=\"async\" class=\"wp-image-1324\" src=\"http:\/\/sklep.hewalex.pl\/wp-content\/uploads\/2018\/05\/pdf-ico-300x300.png\" alt=\"\" width=\"34\" height=\"34\" \/> Karta katalogowa OPTI-ENER 2.0<\/a><\/p>\n<p><a href=\"https:\/\/sklep.hewalex.pl\/wp-content\/uploads\/2025\/03\/16.03.2026-Hewalex_OPTI-ENER-2.0_Instrukcja-montazu-i-obslugi_PL-A5_16_03_2026_www.pdf\"><img decoding=\"async\" class=\"wp-image-1324\" src=\"http:\/\/sklep.hewalex.pl\/wp-content\/uploads\/2018\/05\/pdf-ico-300x300.png\" alt=\"\" width=\"34\" height=\"34\" \/> Instrukcja monta\u017cu i obs\u0142ugi OPTI-ENER 2.0<\/a><\/p>\n<p><a href=\"https:\/\/sklep.hewalex.pl\/wp-content\/uploads\/2023\/11\/Hewalex_OPTI-ENER-2.0_Karta-gwarancyjna.pdf\"><img decoding=\"async\" class=\"wp-image-1324\" src=\"http:\/\/sklep.hewalex.pl\/wp-content\/uploads\/2018\/05\/pdf-ico-300x300.png\" alt=\"\" width=\"34\" height=\"34\" \/> Karta gwarancyjna OPTI-ENER 2.0<\/a><\/p>\n<p><a href=\"https:\/\/youtu.be\/GuJlAN1ZZbY\"><img decoding=\"async\" class=\"alignnone wp-image-33038\" src=\"https:\/\/sklep.hewalex.pl\/wp-content\/uploads\/2023\/03\/yt-ico-150x150.png\" alt=\"\" width=\"37\" height=\"37\" \/><\/a><a href=\"https:\/\/www.youtube.com\/watch?v=GuJlAN1ZZbY&amp;t=1s\">Film: Hewalex Wi-Fi \u2013 aplikacja, obs\u0142uga i konfiguracja<\/a><\/p>\n<p><a href=\"https:\/\/youtu.be\/GuJlAN1ZZbY\"><img decoding=\"async\" class=\"alignnone wp-image-33038\" src=\"https:\/\/sklep.hewalex.pl\/wp-content\/uploads\/2023\/03\/yt-ico-150x150.png\" alt=\"\" width=\"37\" height=\"37\" \/><\/a><a href=\"https:\/\/youtu.be\/HwA6iPqfdoU\"> Film: Opti-Ener 2.0 \u2013 monta\u017c, instalacja<\/a><\/p>","protected":false},"excerpt":{"rendered":"<p>OPTI-ENER EMS to system do zarz\u0105dzania energi\u0105, kt\u00f3rego producentem jest polska firma Hewalex. Pozwala optymalizowa\u0107 jej zu\u017cycie w instalacjach wykorzystuj\u0105cych OZE i jednocze\u015bnie minimalizuje koszty dzi\u0119ki wykorzystaniu dynamicznych cen energii. Na podstawie konfiguracji u\u017cytkownika oraz aktualnych danych rynkowych, OPTI-ENER EMS pozwala u\u017cytkownikowi na bie\u017c\u0105co monitorowa\u0107 rzeczywist\u0105 cen\u0119 energii w po\u0142\u0105czeniu z pe\u0142nymi kosztami dystrybucji. W praktyce oznacza to, \u017ce bez udzia\u0142u u\u017cytkownika OPTI-ENER EMS steruje prac\u0105 instalacji. Zdecyduje czy korzysta\u0107 z energii pobieranej z sieci, zarz\u0105dzi \u0142adowaniem i roz\u0142adowaniem magazynu, w\u0142\u0105czy lub zablokuje prac\u0105 pompy ciep\u0142a, wysteruje grza\u0142k\u0119 w celu zagrzania wody, czy te\u017c wymusi w\u0142\u0105czenie lub wy\u0142\u0105czenie innego urz\u0105dzenia, np. klimatyzatora lub \u0142adowarki samochodu elektrycznego.<\/p>","protected":false},"featured_media":44791,"comment_status":"closed","ping_status":"closed","template":"","meta":[],"product_brand":[],"product_cat":[216,180],"product_tag":[109],"class_list":{"0":"post-41558","1":"product","2":"type-product","3":"status-publish","4":"has-post-thumbnail","6":"product_cat-opti-ener-2-0","7":"product_cat-system-opti-ener","8":"product_tag-opti-ener","9":"product_shipping_class-box","11":"first","12":"instock","13":"taxable","14":"shipping-taxable","15":"purchasable","16":"product-type-simple"},"_links":{"self":[{"href":"https:\/\/sklep.hewalex.pl\/en\/wp-json\/wp\/v2\/product\/41558","targetHints":{"allow":["GET"]}}],"collection":[{"href":"https:\/\/sklep.hewalex.pl\/en\/wp-json\/wp\/v2\/product"}],"about":[{"href":"https:\/\/sklep.hewalex.pl\/en\/wp-json\/wp\/v2\/types\/product"}],"replies":[{"embeddable":true,"href":"https:\/\/sklep.hewalex.pl\/en\/wp-json\/wp\/v2\/comments?post=41558"}],"wp:featuredmedia":[{"embeddable":true,"href":"https:\/\/sklep.hewalex.pl\/en\/wp-json\/wp\/v2\/media\/44791"}],"wp:attachment":[{"href":"https:\/\/sklep.hewalex.pl\/en\/wp-json\/wp\/v2\/media?parent=41558"}],"wp:term":[{"taxonomy":"product_brand","embeddable":true,"href":"https:\/\/sklep.hewalex.pl\/en\/wp-json\/wp\/v2\/product_brand?post=41558"},{"taxonomy":"product_cat","embeddable":true,"href":"https:\/\/sklep.hewalex.pl\/en\/wp-json\/wp\/v2\/product_cat?post=41558"},{"taxonomy":"product_tag","embeddable":true,"href":"https:\/\/sklep.hewalex.pl\/en\/wp-json\/wp\/v2\/product_tag?post=41558"}],"curies":[{"name":"wp","href":"https:\/\/api.w.org\/{rel}","templated":true}]}}