{"id":41518,"date":"2025-03-05T11:00:11","date_gmt":"2025-03-05T10:00:11","guid":{"rendered":"https:\/\/sklep.hewalex.pl\/?post_type=product&#038;p=41518"},"modified":"2026-04-06T05:21:28","modified_gmt":"2026-04-06T03:21:28","slug":"opti-ener-2-0-din-c-207","status":"publish","type":"product","link":"https:\/\/sklep.hewalex.pl\/en\/product\/opti-ener-2-0-din-c-207\/","title":{"rendered":"OPTI-ENER 2.0 DIN C.207"},"content":{"rendered":"<p><strong>OPT-ENER EMS to innowacyjny system do kontroli i zarz\u0105dzania energi\u0105 elektryczn\u0105 (EMS). Wersja OPTI-ENER 2.0 DIN zosta\u0142a wzbogacona o wbudowany modu\u0142 WIFI, nowy wygodny przek\u0142adnik pr\u0105dowy oraz nowe funkcje programowe m.in. dynamiczne ceny energii. W<\/strong>\u00a0<strong>nowej ods\u0142onie wsp\u00f3\u0142pracuje z przek\u0142adnikami pr\u0105dowymi YHDC : SCT010 (50A), SCT019s (300A), SCT031ql (300A). R\u00f3\u017cni\u0105 si\u0119 one gabarytami oraz zakresem pomiarowym.<\/strong><\/p>\n<h2><strong>Funkcje realizowane przez OPTI-ENER EMS<\/strong><\/h2>\n<ul>\n<li>Pomiar mocy produkowanej, pobieranej, oddawanej i zu\u017cywanej w czasie rzeczywistym,<\/li>\n<li>Zliczanie energii wyprodukowanej pobranej, oddanej i zu\u017cywanej,<\/li>\n<li>Wyliczanie czasu zwrotu koszt\u00f3w inwestycyjnych w instalacji fotowoltaicznej,<\/li>\n<li>Wyliczanie redukcji emisji CO2,<\/li>\n<li>Wyliczanie poziomu autokonsumpcji<\/li>\n<li>Mo\u017cliwo\u015b\u0107 zwi\u0119kszania autokonsumpcji energii pochodz\u0105cej z OZE nawet do 80%<\/li>\n<li>Regulowanie mocy oddawanej do sieci w zale\u017cno\u015bci od nadwy\u017cek,<\/li>\n<li>Sterowanie zasilaniem urz\u0105dze\u0144 elektrycznych automatycznie, gdy pojawiaj\u0105 si\u0119 nadwy\u017cki energii<\/li>\n<li>Automatyczne sterowanie zasilaniem urz\u0105dze\u0144 elektrycznych na podstawie nadwy\u017cek energii lub programu czasowego,<\/li>\n<li>Sterowanie zasilaniem urz\u0105dze\u0144 elektrycznych na podstawie programu czasowego lub zdalnie,<\/li>\n<li>Realizowanie podgrzewania wody u\u017cytkowej grza\u0142k\u0105 elektryczn\u0105 (do realizacji tej funkcji niezb\u0119dne jest po\u0142\u0105czenie sterownika OPTI-ENER 2.0 DIN i modu\u0142u OPTI-TEMP),<\/li>\n<li>OPTI-ENER EMS jest obs\u0142ugiwany przez platform\u0119 Ekontrol dost\u0119pna zar\u00f3wno w wersji WEB ekontrol.pl jak r\u00f3wnie\u017c w postaci aplikacji mobilnej OPTI-ENER s\u0142u\u017c\u0105c\u0105 do zdalnego nadzoru instalacji, kt\u00f3ra umo\u017cliwia jej monitorowanie i kontrol\u0119, m.in. poprzez automatyczne wysy\u0142anie powiadomie\u0144 o nieprawid\u0142owo\u015bciach w instalacji.<\/li>\n<li>Wykrywanie wszelkich nieprawid\u0142owo\u015bci w instalacji, jej obci\u0105\u017cenia, zmian napi\u0119cia<\/li>\n<li>Mo\u017cliwo\u015b\u0107 eksportu danych do plik\u00f3w .xls, .pdf, .jpg,<\/li>\n<li>Komunikacja bezprzewodowa Wi-Fi,<\/li>\n<li>SG Ready zgodno\u015b\u0107 ze standardami inteligentnych sieci elektroenergetycznych<\/li>\n<li>Protok\u00f3\u0142 komunikacyjny MODBUS RTU.<\/li>\n<li>Funkcja napi\u0119ciowa do walki z podwy\u017cszonym napi\u0119ciem<\/li>\n<li>Dynamiczne taryfy<\/li>\n<\/ul>\n<p><strong>Uwaga: warto\u015bci mierzonych\u00a0przez system OPTI-ENER\u00a0parametr\u00f3w nie uwzgl\u0119dniaj\u0105 okresu w kt\u00f3rym instalacja fotowoltaiczna nie by\u0142a obj\u0119ta monitoringiem. Tolerancja pomiarowa sterownika wynosi maks. +\/- 1,5%.<\/strong><\/p>\n<h2><strong>JAK DZIA\u0141A OPTI-ENER EMS<\/strong><\/h2>\n<p>Na podstawie pomiar\u00f3w nat\u0119\u017cenia pr\u0105du oraz napi\u0119cia, OPTI-ENER wylicza ilo\u015b\u0107 energii pobieranej, oddawanej, wytwarzanej oraz zu\u017cywanej przez monitorowan\u0105 instalacj\u0119 \u2013 tak powstaje profil zu\u017cycia energii elektrycznej.<\/p>\n<p>Gdy w monitorowanej instalacji pojawia si\u0119 nadwy\u017cka energii wyprodukowana przez instalacj\u0119 OZE, np. z fotowoltaik\u0119, OPTI-ENER umo\u017cliwia automatyczne w\u0142\u0105czanie i wy\u0142\u0105czanie urz\u0105dze\u0144 elektrycznych zgodnie z nadanymi priorytetami \u2013 np. przy nadwy\u017cce energii jako pierwsze ma w\u0142\u0105czy\u0107 si\u0119 pralka, p\u00f3\u017aniej suszarka, itd. Ka\u017cdego dnia zobaczy\u0107 mo\u017cna, ile uda\u0142o si\u0119 zaoszcz\u0119dzi\u0107 energii dzi\u0119ki autokonsumpcji nadwy\u017cek energii z OZE.<\/p>\n<p>OPTI-ENER stanowi jednostk\u0119 centraln\u0105 systemu OPTI-ENER, kt\u00f3ra mo\u017ce zosta\u0107 rozbudowana o dodatkowy modu\u0142 OPTI-TEMP. W tym uk\u0142adzie system zyskuje dwa dodatkowe obwody do zarz\u0105dzania oraz p\u0142ynn\u0105 regulacj\u0119 moc\u0105 grza\u0142ki elektrycznej, co znacz\u0105co podnosi wsp\u00f3\u0142czynnik autokonsumpcji. OPTI-TEMP nagrzewa CWU wed\u0142ug wybranych tryb\u00f3w pracy grza\u0142ki (TRYB MAX, KOMFORT, EKO).<\/p>\n<p>OPTI-ENER pozwala na zarz\u0105dzanie 4 urz\u0105dzeniami, kt\u00f3re automatycznie w\u0142\u0105cza i wy\u0142\u0105cza przy nadprodukcji energii; w po\u0142\u0105czeniu ze sterownikiem OPTI-TEMP 6 urz\u0105dzeniami oraz grza\u0142k\u0105 z 3 zakresami temperatury (mo\u017cliwo\u015b\u0107 czasowego ustawienia mocy podgrzewania wody).<\/p>\n<p>&nbsp;<\/p>\n<h2>Do pobrania:<\/h2>\n<p><a href=\"https:\/\/sklep.hewalex.pl\/wp-content\/uploads\/2025\/03\/Hewalex_OPTI-ENER-2.0-DIN_Karta-produktu_10_2024.pdf\"><img decoding=\"async\" class=\"porto-lazyload wp-image-1324 lazy-load-loaded\" src=\"http:\/\/sklep.hewalex.pl\/wp-content\/uploads\/2018\/05\/pdf-ico-300x300.png\" alt=\"\" width=\"34\" height=\"34\" data-oi=\"http:\/\/sklep.hewalex.pl\/wp-content\/uploads\/2018\/05\/pdf-ico-300x300.png\" \/>\u00a0Karta katalogowa OPTI-ENER 2.0 DIN<\/a><\/p>\n<p><a href=\"https:\/\/sklep.hewalex.pl\/wp-content\/uploads\/2025\/03\/Hewalex_OPTI-ENER-2.0-DIN_Instrukcja-montazu-i-obslugi_14909_14910_14911_14913.pdf\"><img decoding=\"async\" class=\"porto-lazyload wp-image-1324 lazy-load-loaded\" src=\"http:\/\/sklep.hewalex.pl\/wp-content\/uploads\/2018\/05\/pdf-ico-300x300.png\" alt=\"\" width=\"34\" height=\"34\" data-oi=\"http:\/\/sklep.hewalex.pl\/wp-content\/uploads\/2018\/05\/pdf-ico-300x300.png\" \/>\u00a0Instrukcja monta\u017cu i obs\u0142ugi OPTI-ENER 2.0 DIN<\/a><\/p>\n<p><a href=\"https:\/\/sklep.hewalex.pl\/wp-content\/uploads\/2025\/03\/Hewalex_OPTI-ENER-2.0-DIN_Karta-gwarancyjna.pdf\"><img decoding=\"async\" class=\"porto-lazyload wp-image-1324 lazy-load-loaded\" src=\"http:\/\/sklep.hewalex.pl\/wp-content\/uploads\/2018\/05\/pdf-ico-300x300.png\" alt=\"\" width=\"34\" height=\"34\" data-oi=\"http:\/\/sklep.hewalex.pl\/wp-content\/uploads\/2018\/05\/pdf-ico-300x300.png\" \/>\u00a0Karta gwarancyjna OPTI-ENER 2.0 DIN<\/a><\/p>","protected":false},"excerpt":{"rendered":"<p>OPTI-ENER 2.0 DIN to inteligentny system zarz\u0105dzania energi\u0105 EMS. Pozwala sterowa\u0107 i kontrolowa\u0107 instalacj\u0119 elektryczn\u0105 oraz efektywnie wykorzysta\u0107 nadwy\u017cki energii, co ma bezpo\u015brednie prze\u0142o\u017cenie na mniejsze rachunki na pr\u0105d. Wersja OPTI-ENER 2.0 DIN zosta\u0142a wzbogacone o nowe funkcjonalno\u015bci sprz\u0119towe jak i programowe. Produkt gotowy na dynamiczne taryfy!<\/p>\n<p>Zestaw z przek\u0142adnikami: SCT031ql i dostosowany do monta\u017cu na szynie DIN 35 mm<\/p>","protected":false},"featured_media":41529,"comment_status":"closed","ping_status":"closed","template":"","meta":[],"product_brand":[],"product_cat":[180,216],"product_tag":[109],"class_list":{"0":"post-41518","1":"product","2":"type-product","3":"status-publish","4":"has-post-thumbnail","6":"product_cat-system-opti-ener","7":"product_cat-opti-ener-2-0","8":"product_tag-opti-ener","9":"product_shipping_class-box","11":"first","12":"instock","13":"taxable","14":"shipping-taxable","15":"purchasable","16":"product-type-simple"},"_links":{"self":[{"href":"https:\/\/sklep.hewalex.pl\/en\/wp-json\/wp\/v2\/product\/41518","targetHints":{"allow":["GET"]}}],"collection":[{"href":"https:\/\/sklep.hewalex.pl\/en\/wp-json\/wp\/v2\/product"}],"about":[{"href":"https:\/\/sklep.hewalex.pl\/en\/wp-json\/wp\/v2\/types\/product"}],"replies":[{"embeddable":true,"href":"https:\/\/sklep.hewalex.pl\/en\/wp-json\/wp\/v2\/comments?post=41518"}],"wp:featuredmedia":[{"embeddable":true,"href":"https:\/\/sklep.hewalex.pl\/en\/wp-json\/wp\/v2\/media\/41529"}],"wp:attachment":[{"href":"https:\/\/sklep.hewalex.pl\/en\/wp-json\/wp\/v2\/media?parent=41518"}],"wp:term":[{"taxonomy":"product_brand","embeddable":true,"href":"https:\/\/sklep.hewalex.pl\/en\/wp-json\/wp\/v2\/product_brand?post=41518"},{"taxonomy":"product_cat","embeddable":true,"href":"https:\/\/sklep.hewalex.pl\/en\/wp-json\/wp\/v2\/product_cat?post=41518"},{"taxonomy":"product_tag","embeddable":true,"href":"https:\/\/sklep.hewalex.pl\/en\/wp-json\/wp\/v2\/product_tag?post=41518"}],"curies":[{"name":"wp","href":"https:\/\/api.w.org\/{rel}","templated":true}]}}