{"id":41319,"date":"2025-02-18T11:58:23","date_gmt":"2025-02-18T10:58:23","guid":{"rendered":"https:\/\/sklep.hewalex.pl\/?post_type=product&#038;p=41319"},"modified":"2026-04-04T04:06:11","modified_gmt":"2026-04-04T02:06:11","slug":"sterownik-solarny-g422-p09a","status":"publish","type":"product","link":"https:\/\/sklep.hewalex.pl\/en\/product\/sterownik-solarny-g422-p09a\/","title":{"rendered":"Sterownik solarny G422-P09A"},"content":{"rendered":"<p><strong>Liczba wej\u015b\u0107 czujnik\u00f3w temperatury:<\/strong> 6<br \/>\n<strong>Liczba czujnik\u00f3w temperatury do\u0142\u0105czona do sterownika:<\/strong> brak<br \/>\n<strong>Maks. liczba obs\u0142ugiwanych urz\u0105dze\u0144:<\/strong> 3<br \/>\n<strong>Spos\u00f3b obs\u0142ugi sterownika:<\/strong> panel dotykowy z wy\u015bwietlaczem LCD<br \/>\n<strong>Spos\u00f3b monta\u017cu:<\/strong> w grupie pompowej serii ZPS18<br \/>\n<strong>Przew\u00f3d zasilania do\u0142\u0105czony do sterownika:<\/strong> brak<\/p>\n<h2>Pliki do pobrania:<\/h2>\n<p><img decoding=\"async\" class=\"wp-image-1324\" src=\"http:\/\/sklep.hewalex.pl\/wp-content\/uploads\/2018\/05\/pdf-ico-300x300.png\" alt=\"\" width=\"34\" height=\"34\" \/> <a href=\"https:\/\/sklep.hewalex.pl\/wp-content\/uploads\/2025\/02\/Hewalex_Sterowniki-G-422-P09_P09A_Instrukcja_PL_9036.pdf\">Instrukcja obs\u0142ugi sterownika G422-P09-P09a<\/a><\/p>","protected":false},"excerpt":{"rendered":"<p>Sterownik <strong>G422<\/strong> to nowoczesne urz\u0105dzenie umo\u017cliwiaj\u0105ce wsp\u00f3\u0142prac\u0119 z pompami sta\u0142oobrotowymi i elektronicznie regulowanymi. Zgodny z dyrektyw\u0105 ErP, wspiera efektywno\u015b\u0107 energetyczn\u0105. Dodatkowo, pozwala na pod\u0142\u0105czenie czujnika ci\u015bnienia w instalacji solarnej oraz zdalne monitorowanie przez system EKONTROL. Jest cz\u0119\u015bci\u0105 zespo\u0142\u00f3w ZPS 18e-01 ECO, ZPS 18-02 ECO i ZPS 28-01 ECO. Wersja GH26 to odpowiednik G422 do monta\u017cu na \u015bcianie. <strong>G422-P09<\/strong> oferuje szeroki zakres funkcji, w tym solarne wspomaganie centralnego ogrzewania.<br \/>\n<strong>STEROWNIK DO OBS\u0141UGI ANODY TYTANOWEJ<\/strong><\/p>","protected":false},"featured_media":41322,"comment_status":"closed","ping_status":"closed","template":"","meta":[],"product_brand":[],"product_cat":[375,371,295],"product_tag":[],"class_list":{"0":"post-41319","1":"product","2":"type-product","3":"status-publish","4":"has-post-thumbnail","6":"product_cat-sterowniki-czesci-zamienne","7":"product_cat-technika-solarna-czesci-zamienne","8":"product_cat-czesci-zamienne","9":"product_shipping_class-box","11":"first","12":"instock","13":"taxable","14":"shipping-taxable","15":"purchasable","16":"product-type-simple"},"_links":{"self":[{"href":"https:\/\/sklep.hewalex.pl\/en\/wp-json\/wp\/v2\/product\/41319","targetHints":{"allow":["GET"]}}],"collection":[{"href":"https:\/\/sklep.hewalex.pl\/en\/wp-json\/wp\/v2\/product"}],"about":[{"href":"https:\/\/sklep.hewalex.pl\/en\/wp-json\/wp\/v2\/types\/product"}],"replies":[{"embeddable":true,"href":"https:\/\/sklep.hewalex.pl\/en\/wp-json\/wp\/v2\/comments?post=41319"}],"wp:featuredmedia":[{"embeddable":true,"href":"https:\/\/sklep.hewalex.pl\/en\/wp-json\/wp\/v2\/media\/41322"}],"wp:attachment":[{"href":"https:\/\/sklep.hewalex.pl\/en\/wp-json\/wp\/v2\/media?parent=41319"}],"wp:term":[{"taxonomy":"product_brand","embeddable":true,"href":"https:\/\/sklep.hewalex.pl\/en\/wp-json\/wp\/v2\/product_brand?post=41319"},{"taxonomy":"product_cat","embeddable":true,"href":"https:\/\/sklep.hewalex.pl\/en\/wp-json\/wp\/v2\/product_cat?post=41319"},{"taxonomy":"product_tag","embeddable":true,"href":"https:\/\/sklep.hewalex.pl\/en\/wp-json\/wp\/v2\/product_tag?post=41319"}],"curies":[{"name":"wp","href":"https:\/\/api.w.org\/{rel}","templated":true}]}}