{"id":40166,"date":"2024-09-06T10:10:33","date_gmt":"2024-09-06T08:10:33","guid":{"rendered":"https:\/\/sklep.hewalex.pl\/?post_type=product&#038;p=40166"},"modified":"2026-04-10T04:05:56","modified_gmt":"2026-04-10T02:05:56","slug":"modul-zabezpieczajacy-pz-hx100b","status":"publish","type":"product","link":"https:\/\/sklep.hewalex.pl\/en\/product\/modul-zabezpieczajacy-pz-hx100b\/","title":{"rendered":"Modu\u0142 Zabezpieczaj\u0105cy PZ HX100B"},"content":{"rendered":"<p>Specjalnie dla pomp ciep\u0142a typu monoblok firma Hewalex opracowa\u0142a Modu\u0142 Zabezpieczaj\u0105cy PZ HX, kt\u00f3ry realizuje\u00a0funkcj\u0119 AntiFreeze. Zabezpiecza on skraplacz nape\u0142niony wod\u0105 grzewcz\u0105 na wypadek przerwy w dostawie energii elektrycznej do 48 godzin nawet przy temperaturze zewn\u0119trznej -25\u00b0C.<\/p>\n<p>Modu\u0142 Zabezpieczaj\u0105cy PZ HX w standardzie umo\u017cliwia kontrol\u0119 pomiaru zu\u017cycia energii elektrycznej. Dodatkowo, po pod\u0142\u0105czeniu przep\u0142ywomierza (w zakresie dostawy), kt\u00f3ry mierzy warto\u015b\u0107 przep\u0142ywu, istnieje mo\u017cliwo\u015b\u0107 prowadzenia pomiaru wyznaczenia mocy grzewczej oraz wsp\u00f3\u0142czynnika COP pompy ciep\u0142a.<\/p>\n<p>Wbudowany modu\u0142 Wi-Fi umo\u017cliwia pod\u0142\u0105czenie Modu\u0142u Zabezpieczaj\u0105cego PZ HX do sieci Internet z wykorzystaniem prawid\u0142owo skonfigurowanej domowej sieci Wi-Fi.<\/p>\n<p>Rejestracja odbywa si\u0119 za po\u015brednictwem aplikacji mobilnej <strong>HewalexWiFi<\/strong>, kt\u00f3ra jest powi\u0105zana z platform\u0105 <strong>Ekontrol.pl<\/strong>.<\/p>\n<p>Szczeg\u00f3\u0142owa instrukcja pod\u0142\u0105czenia Modu\u0142u Zabezpieczaj\u0105cego PZ HX do sieci Wi-Fi dost\u0119pna jest na stronie internetowej <a href=\"http:\/\/www.hewalex.pl\/\">Hewalex.pl<\/a> lub na kanale Hewalex na <a href=\"https:\/\/www.youtube.com\/watch?v=GuJlAN1ZZbY\">YouTube<\/a>.<\/p>\n<p><strong><u>Najwa\u017cniejsze funkcje Modu\u0142u Zabezpieczaj\u0105cego PZ HX:<\/u><\/strong><\/p>\n<ol>\n<li><strong>Ochrona AntiFreeze &#8211;<\/strong> chroni skraplacz pompy ciep\u0142a typu monoblok przed zamarzaniem przez 48 godzin w przypadku braku zasilania, nawet przy temperaturach do -25\u00b0C.<\/li>\n<li><strong>Bez glikolu<\/strong> &#8211; pozwala na u\u017cycie wody grzewczej bez dodatk\u00f3w przeciwzamro\u017ceniowych, co\u00a0obni\u017ca koszty inwestycji i eksploatacji oraz zwi\u0119ksza efektywno\u015b\u0107 pompy ciep\u0142a o 20% w\u00a0por\u00f3wnaniu z prac\u0105 pompy ciep\u0142a wype\u0142nionej glikolem i zastosowaniem wymiennika po\u015bredniego.<\/li>\n<li><strong>Precyzyjne pomiary<\/strong> &#8211; pomiar przep\u0142ywu, zu\u017cycia energii elektrycznej, wyznaczenie mocy grzewczej i wsp\u00f3\u0142czynnika COP pompy ciep\u0142a. Przep\u0142ywomierz dostarczany jest w komplecie wraz z Modu\u0142em Zabezpieczaj\u0105cym PZ HX.<\/li>\n<li><strong>Cykliczne testy gotowo\u015bci dzia\u0142ania wybranych komponent\u00f3w<\/strong> \u2013 dzienne i miesi\u0119czne programy testowania weryfikuj\u0105ce pojemno\u015b\u0107 akumulatora, prawid\u0142owe pod\u0142\u0105czenie uk\u0142adu elektrycznego oraz przep\u0142ywu wody przez skraplacz.<\/li>\n<li><strong>Automatyczne powiadomienia SMS\/EMAIL &#8211; <\/strong>wszelkie stany alarmowe zwi\u0105zane z ochron\u0105 pompy ciep\u0142a oraz funkcjonowaniem systemu zabezpieczaj\u0105cego s\u0105 wysy\u0142ane zgodnie z \u00a0referencjami u\u017cytkownika za po\u015brednictwem e-maila lub SMS-a.<\/li>\n<li><strong>Zdalny nadz\u00f3r:<\/strong> wbudowany modu\u0142 WI-FI umo\u017cliwia \u0142atwe monitorowanie i kontrol\u0119 instalacji przez Internet (ekontrol.pl).<\/li>\n<\/ol>\n<p><strong>\u00a0<\/strong><\/p>\n<p><strong>NOWO\u015a\u0106 <\/strong><\/p>\n<p><strong>Bezterminowa gwarancja <\/strong>ochrony przed zamro\u017ceniem wody w skraplaczu pompy ciep\u0142a, w szczeg\u00f3lno\u015bci w przypadku <strong>braku zasilania <\/strong>energi\u0105 elektryczn\u0105 z sieci przez okres nawet <strong>48 h<\/strong>.<\/p>\n<p><strong>Podstawowe warunki ochrony (wg polisy przeciwzamro\u017ceniowej):<\/strong><\/p>\n<ul>\n<li>Poprawny monta\u017c i u\u017cytkowanie urz\u0105dzenia zgodnie z instrukcj\u0105<\/li>\n<li>Sta\u0142e, stabilne po\u0142\u0105czenie z Internetem i za\u0142o\u017cenie konta na platformie <strong>Ekontrol<\/strong><\/li>\n<li>Uzupe\u0142nienie danych kontaktowych oraz informacji o urz\u0105dzeniu na platformie <strong>Ekontrol<\/strong><\/li>\n<li>Zakup i aktywacja pakietu <strong>Ekontrol<\/strong> <strong>PREMIUM<\/strong><\/li>\n<\/ul>\n<p>Szczeg\u00f3\u0142y \u2013 sprawd\u017a kart\u0119 gwarancyjn\u0105 oraz polis\u0119 przeciwzamro\u017ceniow\u0105.<\/p>\n<p><strong>Budowa Modu\u0142u Zabezpieczaj\u0105cego PZ HX:<\/strong><\/p>\n<p>Modu\u0142 Zabezpieczaj\u0105cy PZ HX sk\u0142ada si\u0119 z poni\u017cszych element\u00f3w:<\/p>\n<ul>\n<li>P\u0142yta g\u0142\u00f3wna sterownika<\/li>\n<li>Czujniki temperatury<\/li>\n<li>Przek\u0142adniki pr\u0105dowe<\/li>\n<li>Przep\u0142ywomierz impulsowy (NOWO\u015a\u0106 &#8211; w zestawie z urz\u0105dzeniem!)<\/li>\n<li>Przetwornica DC\/AC<\/li>\n<li>Akumulator<\/li>\n<li>\u0141adowarka akumulatora<\/li>\n<\/ul>\n<p><strong>Na urz\u0105dzenie przys\u0142uguje 2-letnia gwarancja <\/strong>producenta.<\/p>\n<p>&nbsp;<\/p>\n<h4 class=\"heading-primary mt-xlg\">Pliki do pobrania:<\/h4>\n<p><a href=\"https:\/\/sklep.hewalex.pl\/wp-content\/uploads\/2024\/09\/HEWALEX_MODUL-ZABEZPIECZAJACY-PZ-HX022B-PZ-HX100B-PZ-HX022W_instrukcja-obslugi-i___7-2025.pdf\"><img decoding=\"async\" class=\"wp-image-1324\" src=\"http:\/\/sklep.hewalex.pl\/wp-content\/uploads\/2018\/05\/pdf-ico-300x300.png\" alt=\"\" width=\"34\" height=\"34\" \/> Instrukcja obs\u0142ug i monta\u017cu &#8211; Modu\u0142 Zabezpieczaj\u0105cy PZ HX<\/a><\/p>\n<p data-wp-editing=\"1\"><a href=\"https:\/\/sklep.hewalex.pl\/wp-content\/uploads\/2024\/07\/HEWALEX_MODUL-ZABEZPIECZAJACY-PZ-HX__karta-gwarancyjna_15-04-2024_WZOR.pdf\"><img decoding=\"async\" class=\"wp-image-1324\" src=\"http:\/\/sklep.hewalex.pl\/wp-content\/uploads\/2018\/05\/pdf-ico-300x300.png\" alt=\"\" width=\"34\" height=\"34\" \/> Karta gwarancyjna \u2013 Modu\u0142 Zabezpieczaj\u0105cy PZ HX<\/a><\/p>\n<p data-wp-editing=\"1\"><a href=\"https:\/\/sklep.hewalex.pl\/wp-content\/uploads\/2024\/07\/HEWALEX_MODUL-ZABEZPIECZAJACY-PZ-HX_polisa-przeciwzamrozeniowa_karta-gwarancyjna_15-04-2024_WZOR.pdf\"><img decoding=\"async\" class=\"wp-image-1324\" src=\"http:\/\/sklep.hewalex.pl\/wp-content\/uploads\/2018\/05\/pdf-ico-300x300.png\" alt=\"\" width=\"34\" height=\"34\" \/> Karta gwarancyjna ochrony pompy ciep\u0142a przed zamro\u017ceniem przez Modu\u0142 Zabezpieczaj\u0105cy PZ HX<\/a><\/p>\n<p>&nbsp;<\/p>","protected":false},"excerpt":{"rendered":"<p>Modu\u0142 Zabezpieczaj\u0105cy PZ HX jest urz\u0105dzeniem, kt\u00f3re zwi\u0119ksza niezawodno\u015b\u0107 i wydajno\u015b\u0107 pracy pompy ciep\u0142a:<\/p>\n<ul>\n<li>zapewnia niezawodn\u0105 <strong>48-godzinn\u0105 ochron\u0119 przeciwzamro\u017ceniow\u0105<\/strong> pompy ciep\u0142a typu monoblok przy temperaturze nawet -25\u00b0C<\/li>\n<li>umo\u017cliwia u\u017cytkownikom otrzymanie\u00a0<strong>bezterminowej gwarancji przeciwzamro\u017ceniowej<\/strong>, dzi\u0119ki kt\u00f3rej u\u017cytkownik w razie awarii ma mo\u017cliwo\u015b\u0107 otrzymania nowej pompy ciep\u0142a (jednym z warunk\u00f3w otrzymania gwarancji jest zakup pakietu Ekontrol PREMIUM)<\/li>\n<li><strong>gwarantuje precyzyjne pomiary<\/strong> przep\u0142ywu, zu\u017cycia energii elektrycznej, wyznaczenie mocy grzewczej i \u00a0wsp\u00f3\u0142czynnika COP pozwalaj\u0105ce na zwi\u0119kszenie wydajno\u015bci pracy urz\u0105dzenia<\/li>\n<li><strong>zapewnia automatyczne testy weryfikacji dzia\u0142ania systemu<\/strong> gwarantuj\u0105ce niezawodno\u015b\u0107 dzia\u0142ania urz\u0105dzenia<\/li>\n<\/ul>\n<p>Wersja produktowa <b>Modu\u0142u Zabezpieczaj\u0105cego PZ HX100B<\/b> \u00a0przeznaczona dla pomp ciep\u0142a PCOP MONO HX38 EVI, PCOP MONO HX77 EVI oraz pomp ciep\u0142a innych marek.<\/p>","protected":false},"featured_media":40205,"comment_status":"closed","ping_status":"closed","template":"","meta":[],"product_brand":[],"product_cat":[357,167],"product_tag":[],"class_list":{"0":"post-40166","1":"product","2":"type-product","3":"status-publish","4":"has-post-thumbnail","6":"product_cat-pcop-mono","7":"product_cat-pompy-ciepla-pcco","8":"product_shipping_class-pallet","10":"first","11":"instock","12":"taxable","13":"shipping-taxable","14":"purchasable","15":"product-type-simple"},"_links":{"self":[{"href":"https:\/\/sklep.hewalex.pl\/en\/wp-json\/wp\/v2\/product\/40166","targetHints":{"allow":["GET"]}}],"collection":[{"href":"https:\/\/sklep.hewalex.pl\/en\/wp-json\/wp\/v2\/product"}],"about":[{"href":"https:\/\/sklep.hewalex.pl\/en\/wp-json\/wp\/v2\/types\/product"}],"replies":[{"embeddable":true,"href":"https:\/\/sklep.hewalex.pl\/en\/wp-json\/wp\/v2\/comments?post=40166"}],"wp:featuredmedia":[{"embeddable":true,"href":"https:\/\/sklep.hewalex.pl\/en\/wp-json\/wp\/v2\/media\/40205"}],"wp:attachment":[{"href":"https:\/\/sklep.hewalex.pl\/en\/wp-json\/wp\/v2\/media?parent=40166"}],"wp:term":[{"taxonomy":"product_brand","embeddable":true,"href":"https:\/\/sklep.hewalex.pl\/en\/wp-json\/wp\/v2\/product_brand?post=40166"},{"taxonomy":"product_cat","embeddable":true,"href":"https:\/\/sklep.hewalex.pl\/en\/wp-json\/wp\/v2\/product_cat?post=40166"},{"taxonomy":"product_tag","embeddable":true,"href":"https:\/\/sklep.hewalex.pl\/en\/wp-json\/wp\/v2\/product_tag?post=40166"}],"curies":[{"name":"wp","href":"https:\/\/api.w.org\/{rel}","templated":true}]}}