{"id":40156,"date":"2024-09-05T13:57:50","date_gmt":"2024-09-05T11:57:50","guid":{"rendered":"https:\/\/sklep.hewalex.pl\/?post_type=product&#038;p=40156"},"modified":"2026-04-09T16:50:54","modified_gmt":"2026-04-09T14:50:54","slug":"panel-nsp-d6p255b3a-255wp","status":"publish","type":"product","link":"https:\/\/sklep.hewalex.pl\/en\/product\/panel-nsp-d6p255b3a-255wp\/","title":{"rendered":"PANEL NSP D6P255B3A \u2013 255WP &#8211; SALE"},"content":{"rendered":"<p><img decoding=\"async\" class=\"wp-image-1324\" src=\"http:\/\/sklep.hewalex.pl\/wp-content\/uploads\/2018\/05\/pdf-ico-300x300.png\" alt=\"\" width=\"34\" height=\"34\" \/>\u00a0<a href=\"https:\/\/sklep.hewalex.pl\/wp-content\/uploads\/2024\/09\/NSP_D6P-255-B3A.pdf\">Karta produktu \u2013 panel fotowoltaiczny NSP D6P255B3A &#8211; 255WP<\/a><\/p>","protected":false},"excerpt":{"rendered":"<p>Szczeg\u00f3\u0142y produktu dost\u0119pne w karcie katalogowej.<\/p>","protected":false},"featured_media":40160,"comment_status":"closed","ping_status":"closed","template":"","meta":[],"product_brand":[],"product_cat":[360,123],"product_tag":[],"class_list":{"0":"post-40156","1":"product","2":"type-product","3":"status-publish","4":"has-post-thumbnail","6":"product_cat-fotowoltaika-wyprzedaz","7":"product_cat-wyprzedaz","8":"product_shipping_class-pallet","10":"first","11":"instock","12":"taxable","13":"shipping-taxable","14":"purchasable","15":"product-type-simple"},"_links":{"self":[{"href":"https:\/\/sklep.hewalex.pl\/en\/wp-json\/wp\/v2\/product\/40156","targetHints":{"allow":["GET"]}}],"collection":[{"href":"https:\/\/sklep.hewalex.pl\/en\/wp-json\/wp\/v2\/product"}],"about":[{"href":"https:\/\/sklep.hewalex.pl\/en\/wp-json\/wp\/v2\/types\/product"}],"replies":[{"embeddable":true,"href":"https:\/\/sklep.hewalex.pl\/en\/wp-json\/wp\/v2\/comments?post=40156"}],"wp:featuredmedia":[{"embeddable":true,"href":"https:\/\/sklep.hewalex.pl\/en\/wp-json\/wp\/v2\/media\/40160"}],"wp:attachment":[{"href":"https:\/\/sklep.hewalex.pl\/en\/wp-json\/wp\/v2\/media?parent=40156"}],"wp:term":[{"taxonomy":"product_brand","embeddable":true,"href":"https:\/\/sklep.hewalex.pl\/en\/wp-json\/wp\/v2\/product_brand?post=40156"},{"taxonomy":"product_cat","embeddable":true,"href":"https:\/\/sklep.hewalex.pl\/en\/wp-json\/wp\/v2\/product_cat?post=40156"},{"taxonomy":"product_tag","embeddable":true,"href":"https:\/\/sklep.hewalex.pl\/en\/wp-json\/wp\/v2\/product_tag?post=40156"}],"curies":[{"name":"wp","href":"https:\/\/api.w.org\/{rel}","templated":true}]}}