{"id":40079,"date":"2024-08-29T14:17:53","date_gmt":"2024-08-29T12:17:53","guid":{"rendered":"https:\/\/sklep.hewalex.pl\/?post_type=product&#038;p=40079"},"modified":"2026-04-09T13:14:24","modified_gmt":"2026-04-09T11:14:24","slug":"jednostka-wewnetrzna-hpom020w6d","status":"publish","type":"product","link":"https:\/\/sklep.hewalex.pl\/en\/product\/jednostka-wewnetrzna-hpom020w6d\/","title":{"rendered":"HPOM020W6D \u2013 jednostka wewn\u0119trzna"},"content":{"rendered":"<h2>Do pobrania:<\/h2>\n<p><a href=\"https:\/\/sklep.hewalex.pl\/wp-content\/uploads\/2025\/02\/HEWALEX_PCCO_instrukcja-obslugi-dla-Uzytkownika-3a_14-03-2025-1.pdf\"><img decoding=\"async\" class=\"wp-image-1324\" src=\"http:\/\/sklep.hewalex.pl\/wp-content\/uploads\/2018\/05\/pdf-ico-300x300.png\" alt=\"\" width=\"34\" height=\"34\" \/> Instrukcja obs\u0142ugi PCCO MONO dla u\u017cytkownika<\/a><\/p>\n<p><a href=\"https:\/\/sklep.hewalex.pl\/wp-content\/uploads\/2025\/02\/HEWALEX_PCCO_instrukcja-obslugi-dla-Instalatora-i-Serwisanta_wersja-3a_14-03-2025-1.pdf\"><img decoding=\"async\" class=\"wp-image-1324\" src=\"http:\/\/sklep.hewalex.pl\/wp-content\/uploads\/2018\/05\/pdf-ico-300x300.png\" alt=\"\" width=\"34\" height=\"34\" \/> Instrukcja obs\u0142ugi PCCO MONO dla instalatora i serwisanta<\/a><\/p>\n<p><a href=\"https:\/\/sklep.hewalex.pl\/wp-content\/uploads\/2022\/09\/HEWALEX_PCCO-MONO-6-9-11-15-18_wersja-B_C_D_E-instrukcja-montazu-pompy-ciepla_22.05.2025.pdf\"><img decoding=\"async\" class=\"wp-image-1324\" src=\"http:\/\/sklep.hewalex.pl\/wp-content\/uploads\/2018\/05\/pdf-ico-300x300.png\" alt=\"\" width=\"34\" height=\"34\" \/> Instrukcja monta\u017cu PCCO MONO dla jednostki hydraulicznej (B\/C\/D\/E)<\/a><\/p>\n<p><a href=\"https:\/\/sklep.hewalex.pl\/wp-content\/uploads\/2022\/09\/HEWALEX_PCCO-MONO-6-9-11_karta-produktu_25-03-2025.pdf\"><img decoding=\"async\" class=\"wp-image-1324\" src=\"http:\/\/sklep.hewalex.pl\/wp-content\/uploads\/2018\/05\/pdf-ico-300x300.png\" alt=\"\" width=\"34\" height=\"34\" \/> Karta produktu PCCO MONO<\/a><\/p>","protected":false},"excerpt":{"rendered":"<p>Jednostka wewn\u0119trzna w wersji D przeznaczona do pomp ciep\u0142a PCCO MONO 6\/ 9\/ 11 typu powietrze\/woda.\u00a0Jest przewidziana do wsp\u00f3\u0142pracy z jednostk\u0105 zewn\u0119trzn\u0105 w celu ogrzewania, a tak\u017ce ch\u0142odzenia pomieszcze\u0144 oraz podgrzewania ciep\u0142ej wody u\u017cytkowej. Wersja jednostki posiada wbudowan\u0105 grza\u0142k\u0119 elektryczn\u0105 o mocy 6 kW. Jednostka nie posiada wbudowanego Modu\u0142u Zabezpieczaj\u0105cego PZ HX.<\/p>\n<p>Jednostka wyposa\u017cona jest w pomp\u0119 obiegow\u0105 Wilo Para 25\/9-87\/IPWM1 lub r\u00f3wnowa\u017cna Shimge APM25-9-130\/180 PWM1 obie o wysoko\u015bci podnoszenia do 9 m s\u0142upa wody oraz wydajno\u015bci do 4,5 m<sup>3<\/sup>\/h.<\/p>","protected":false},"featured_media":40335,"comment_status":"closed","ping_status":"closed","template":"","meta":[],"product_brand":[],"product_cat":[361,167,168],"product_tag":[],"class_list":{"0":"post-40079","1":"product","2":"type-product","3":"status-publish","4":"has-post-thumbnail","6":"product_cat-jednostki-wewnetrzne","7":"product_cat-pompy-ciepla-pcco","8":"product_cat-pcco-mono","9":"product_shipping_class-pallet","11":"first","12":"instock","13":"taxable","14":"shipping-taxable","15":"purchasable","16":"product-type-simple"},"_links":{"self":[{"href":"https:\/\/sklep.hewalex.pl\/en\/wp-json\/wp\/v2\/product\/40079","targetHints":{"allow":["GET"]}}],"collection":[{"href":"https:\/\/sklep.hewalex.pl\/en\/wp-json\/wp\/v2\/product"}],"about":[{"href":"https:\/\/sklep.hewalex.pl\/en\/wp-json\/wp\/v2\/types\/product"}],"replies":[{"embeddable":true,"href":"https:\/\/sklep.hewalex.pl\/en\/wp-json\/wp\/v2\/comments?post=40079"}],"wp:featuredmedia":[{"embeddable":true,"href":"https:\/\/sklep.hewalex.pl\/en\/wp-json\/wp\/v2\/media\/40335"}],"wp:attachment":[{"href":"https:\/\/sklep.hewalex.pl\/en\/wp-json\/wp\/v2\/media?parent=40079"}],"wp:term":[{"taxonomy":"product_brand","embeddable":true,"href":"https:\/\/sklep.hewalex.pl\/en\/wp-json\/wp\/v2\/product_brand?post=40079"},{"taxonomy":"product_cat","embeddable":true,"href":"https:\/\/sklep.hewalex.pl\/en\/wp-json\/wp\/v2\/product_cat?post=40079"},{"taxonomy":"product_tag","embeddable":true,"href":"https:\/\/sklep.hewalex.pl\/en\/wp-json\/wp\/v2\/product_tag?post=40079"}],"curies":[{"name":"wp","href":"https:\/\/api.w.org\/{rel}","templated":true}]}}