{"id":39896,"date":"2024-08-06T14:54:29","date_gmt":"2024-08-06T12:54:29","guid":{"rendered":"https:\/\/sklep.hewalex.pl\/?post_type=product&#038;p=39896"},"modified":"2026-04-06T09:06:00","modified_gmt":"2026-04-06T07:06:00","slug":"modul-internetowy-pcwb-mwifi-c1","status":"publish","type":"product","link":"https:\/\/sklep.hewalex.pl\/en\/product\/modul-internetowy-pcwb-mwifi-c1\/","title":{"rendered":"Modu\u0142 internetowy PCWB mWiFi-C1"},"content":{"rendered":"<h4 class=\"heading-primary\">Modu\u0142 PCWB mWiFi-C1 pozwala realizowa\u0107 takie funkcje jak m.in.:<\/h4>\n<div class=\"row\">\n<div class=\"col-md-8 col-sm-12\">\n<ul>\n<li>w\u0142\u0105czanie i wy\u0142\u0105czanie pompy ciep\u0142a<\/li>\n<li>nastawa czas\u00f3w pracy pompy ciep\u0142a<\/li>\n<li>wyb\u00f3r trybu pracy pompy ciep\u0142a: grzanie\/ch\u0142odzenie\/automatycznie<\/li>\n<li>nastawa wymaganej temperatury wody w basenie<\/li>\n<li>statystyka miesi\u0119czna zmian temperatury wody w basenie<\/li>\n<\/ul>\n<p>Modu\u0142 PCWB mWiFi-C1 jest instalowany bezpo\u015brednio na zewn\u0105trz obudowy pompy ciep\u0142a za pomoc\u0105 magnesu. Prosta instalacja polega na pod\u0142\u0105czeniu modu\u0142u do p\u0142ytki elektronicznej pompy ciep\u0142a.<\/p>\n<div class=\"\"><img decoding=\"async\" src=\"http:\/\/sklep.hewalex.pl\/wp-content\/uploads\/2018\/05\/pdf-ico-300x300.png\" alt=\"\" width=\"34\" height=\"34\" \/> <a href=\"https:\/\/sklep.hewalex.pl\/wp-content\/uploads\/2024\/08\/HEWALEX_modul-mWiFi-C1_AQUA-TEMP_instrukcja-obslugi_08-08-2024.pdf\">Instrukcja monta\u017cu i uruchomienia modu\u0142u PCWB mWiFi-C1<\/a><\/div>\n<\/div>\n<\/div>","protected":false},"excerpt":{"rendered":"<p>Zastosowanie modu\u0142u pozwala na sterowanie za pomoc\u0105 smartfona prac\u0105 pompy ciep\u0142a PCWB (modele urz\u0105dze\u0144 od roku 2019, z czynnikiem R32; modu\u0142 nie jest kompatybilny z pomp\u0105 ciep\u0142a PCWB 4,0kW-A). Intuicyjna, \u0142atwa i wygodna w u\u017cyciu aplikacja AquaTemp dost\u0119pna jest w j\u0119zyku polskim.<\/p>","protected":false},"featured_media":41739,"comment_status":"closed","ping_status":"closed","template":"","meta":[],"product_brand":[],"product_cat":[187,190],"product_tag":[],"class_list":{"0":"post-39896","1":"product","2":"type-product","3":"status-publish","4":"has-post-thumbnail","6":"product_cat-pompy-ciepla-pcwb","7":"product_cat-osprzet-dodatkowy-pompy","8":"product_shipping_class-box","10":"first","11":"instock","12":"taxable","13":"shipping-taxable","14":"purchasable","15":"product-type-simple"},"_links":{"self":[{"href":"https:\/\/sklep.hewalex.pl\/en\/wp-json\/wp\/v2\/product\/39896","targetHints":{"allow":["GET"]}}],"collection":[{"href":"https:\/\/sklep.hewalex.pl\/en\/wp-json\/wp\/v2\/product"}],"about":[{"href":"https:\/\/sklep.hewalex.pl\/en\/wp-json\/wp\/v2\/types\/product"}],"replies":[{"embeddable":true,"href":"https:\/\/sklep.hewalex.pl\/en\/wp-json\/wp\/v2\/comments?post=39896"}],"wp:featuredmedia":[{"embeddable":true,"href":"https:\/\/sklep.hewalex.pl\/en\/wp-json\/wp\/v2\/media\/41739"}],"wp:attachment":[{"href":"https:\/\/sklep.hewalex.pl\/en\/wp-json\/wp\/v2\/media?parent=39896"}],"wp:term":[{"taxonomy":"product_brand","embeddable":true,"href":"https:\/\/sklep.hewalex.pl\/en\/wp-json\/wp\/v2\/product_brand?post=39896"},{"taxonomy":"product_cat","embeddable":true,"href":"https:\/\/sklep.hewalex.pl\/en\/wp-json\/wp\/v2\/product_cat?post=39896"},{"taxonomy":"product_tag","embeddable":true,"href":"https:\/\/sklep.hewalex.pl\/en\/wp-json\/wp\/v2\/product_tag?post=39896"}],"curies":[{"name":"wp","href":"https:\/\/api.w.org\/{rel}","templated":true}]}}