{"id":36771,"date":"2023-11-13T08:06:22","date_gmt":"2023-11-13T07:06:22","guid":{"rendered":"https:\/\/sklep.hewalex.pl\/?post_type=product&#038;p=36771"},"modified":"2026-04-30T16:05:04","modified_gmt":"2026-04-30T14:05:04","slug":"przekladnik-pradowy-z-dzielonym-rdzeniem-sct010","status":"publish","type":"product","link":"https:\/\/sklep.hewalex.pl\/en\/product\/przekladnik-pradowy-z-dzielonym-rdzeniem-sct010\/","title":{"rendered":"Przek\u0142adnik pr\u0105dowy z dzielonym rdzeniem SCT010"},"content":{"rendered":"<p><strong>Zastosowanie przek\u0142adnik\u00f3w pr\u0105dowych SCT010<\/strong><\/p>\n<ul>\n<li>dla uk\u0142ad\u00f3w pomiarowych napi\u0119cia i nat\u0119\u017cenia pr\u0105du: maksymalny pr\u0105d do\u00a050 A, maksymalna moc mierzona do\u00a011,5 kW dla jednej fazy oraz dla instalacji tr\u00f3jfazowej maksymalna moc mierzona do ok.\u00a034,5 kW,<\/li>\n<li>w przypadku zastosowania inwertera hybrydowego jako dodatkowego \u017ar\u00f3d\u0142a energii, wymagane jest zastosowanie\u00a03 przek\u0142adnik\u00f3w montowanych na przewodzie zasilaj\u0105cym budynek.\u00a0Nie nale\u017cy montowa\u0107 przek\u0142adnika na przewodzie zasilaj\u0105cym inwerter,<\/li>\n<li>w przypadku zastosowania inwertera sieciowego jako dodatkowego \u017ar\u00f3d\u0142a energii, wymagane jest zastosowanie\u00a04 przek\u0142adnik\u00f3w.\u00a0Czwarty przek\u0142adnik nale\u017cy zamontowa\u0107 zgodnie ze schematem na przewodzie zasilaj\u0105cym inwerter.<\/li>\n<\/ul>\n<p>&nbsp;<\/p>\n<p><strong>Dob\u00f3r i zabudowa przek\u0142adnik\u00f3w pr\u0105dowych w instalacji elektrycznej z inwerterem jako dodatkowym \u017ar\u00f3d\u0142em energii<\/strong><\/p>\n<p>Liczba przek\u0142adnik\u00f3w niezb\u0119dnych do zastosowania jest zale\u017cna od liczby przewod\u00f3w fazowych w wewn\u0119trznej instalacji elektrycznej. Przek\u0142adniki pr\u0105dowe nale\u017cy zainstalowa\u0107 zgodnie z ich przeznaczeniem i schematem wg instrukcji monta\u017cu i uruchomienia sterownika OPTI-ENER 2.0\/2.0 DIN.<\/p>\n<p>&nbsp;<\/p>\n<h2>Do pobrania:<\/h2>\n<div class=\"col-xs-12\">\n<p class=\"heading-primary mt-xlg\">\u00a0<img decoding=\"async\" class=\"wp-image-1324\" src=\"https:\/\/sklep.hewalex.pl\/wp-content\/uploads\/2018\/05\/pdf-ico-300x300.png\" alt=\"\" width=\"31\" height=\"31\" \/> <a href=\"https:\/\/sklep.hewalex.pl\/wp-content\/uploads\/2023\/11\/Karta_produktu_przekladnik_SCT010_EN.pdf\">Karta produktu &#8211; przek\u0142adnik pr\u0105dowy SCT10<\/a><\/p>\n<\/div>","protected":false},"excerpt":{"rendered":"<p><strong>Przek\u0142adnik pr\u0105dowy SCT010 z dzielonym rdzeniem to element dodatkowy przeznaczony do wsp\u00f3\u0142pracy ze sterownikiem OPTI-ENER 2.0\/2.0 DIN.<\/strong> Za pomoc\u0105 przek\u0142adnika wyznaczana jest moc bezpo\u015brednio na przewodach fazowych w wewn\u0119trznej instalacji elektrycznej w budynku.<\/p>\n<p>\u015arednica wewn\u0119trzna przek\u0142adnika SCT010 wynosi 10 mm.<\/p>","protected":false},"featured_media":44821,"comment_status":"closed","ping_status":"closed","template":"","meta":[],"product_brand":[],"product_cat":[107,180],"product_tag":[110],"class_list":{"0":"post-36771","1":"product","2":"type-product","3":"status-publish","4":"has-post-thumbnail","6":"product_cat-akcesoria","7":"product_cat-system-opti-ener","8":"product_tag-przekladnik-pradowy","9":"product_shipping_class-box","11":"first","12":"instock","13":"taxable","14":"shipping-taxable","15":"purchasable","16":"product-type-simple"},"_links":{"self":[{"href":"https:\/\/sklep.hewalex.pl\/en\/wp-json\/wp\/v2\/product\/36771","targetHints":{"allow":["GET"]}}],"collection":[{"href":"https:\/\/sklep.hewalex.pl\/en\/wp-json\/wp\/v2\/product"}],"about":[{"href":"https:\/\/sklep.hewalex.pl\/en\/wp-json\/wp\/v2\/types\/product"}],"replies":[{"embeddable":true,"href":"https:\/\/sklep.hewalex.pl\/en\/wp-json\/wp\/v2\/comments?post=36771"}],"wp:featuredmedia":[{"embeddable":true,"href":"https:\/\/sklep.hewalex.pl\/en\/wp-json\/wp\/v2\/media\/44821"}],"wp:attachment":[{"href":"https:\/\/sklep.hewalex.pl\/en\/wp-json\/wp\/v2\/media?parent=36771"}],"wp:term":[{"taxonomy":"product_brand","embeddable":true,"href":"https:\/\/sklep.hewalex.pl\/en\/wp-json\/wp\/v2\/product_brand?post=36771"},{"taxonomy":"product_cat","embeddable":true,"href":"https:\/\/sklep.hewalex.pl\/en\/wp-json\/wp\/v2\/product_cat?post=36771"},{"taxonomy":"product_tag","embeddable":true,"href":"https:\/\/sklep.hewalex.pl\/en\/wp-json\/wp\/v2\/product_tag?post=36771"}],"curies":[{"name":"wp","href":"https:\/\/api.w.org\/{rel}","templated":true}]}}