{"id":36277,"date":"2023-10-10T10:46:45","date_gmt":"2023-10-10T08:46:45","guid":{"rendered":"https:\/\/sklep.hewalex.pl\/?post_type=product&#038;p=36277"},"modified":"2026-04-09T22:50:06","modified_gmt":"2026-04-09T20:50:06","slug":"zasobnik-buforowy-acf-100","status":"publish","type":"product","link":"https:\/\/sklep.hewalex.pl\/en\/product\/zasobnik-buforowy-acf-100\/","title":{"rendered":"Zasobnik buforowy ACF-100"},"content":{"rendered":"<div class=\"row\">\n<div class=\"col-xs-12\">\n<p>Zasobnik buforowy spe\u0142nia funkcj\u0119 bufora ciep\u0142a i sprz\u0119g\u0142a hydraulicznego istotnego dla zapewnienia stabilnej pracy pompy ciep\u0142a, w tym: ograniczenia liczby rozruch\u00f3w i spe\u0142nienia warunku minimalnego nat\u0119\u017cenia przep\u0142ywu wody, szczeg\u00f3lnie przy ograniczaniu odbioru ciep\u0142a w systemie grzewczym przez zawory regulacyjne. Zapewnia tak\u017ce odpowiednie warunki dla pracy pompy ciep\u0142a w trybie rozmra\u017cania.<\/p>\n<p>&nbsp;<\/p>\n<\/div>\n<\/div>\n<h2>Pliki do pobrania:<\/h2>\n<p><a href=\"https:\/\/sklep.hewalex.pl\/wp-content\/uploads\/2023\/10\/Etichetta-energetica-ACF-100_Ed.2017_rev02-Modello.pdf\"><img decoding=\"async\" class=\"wp-image-1324\" src=\"http:\/\/sklep.hewalex.pl\/wp-content\/uploads\/2018\/05\/pdf-ico-300x300.png\" alt=\"\" width=\"34\" height=\"34\" \/> Etykieta energetyczna &#8211; Zasobnik buforowy stoj\u0105cy ACF-100<\/a><\/p>\n<p data-wp-editing=\"1\"><a href=\"https:\/\/sklep.hewalex.pl\/wp-content\/uploads\/2023\/10\/Hewalex_Informator_produktowy_ACF-100__.pdf\"><img decoding=\"async\" class=\"wp-image-1324\" src=\"http:\/\/sklep.hewalex.pl\/wp-content\/uploads\/2018\/05\/pdf-ico-300x300.png\" alt=\"\" width=\"34\" height=\"34\" \/> Karta produktu &#8211; Zasobnik buforowy stoj\u0105cy ACF-100<\/a><\/p>","protected":false},"excerpt":{"rendered":"<p>Zasobnik buforowy wody grzewczej <strong>ACF-100<\/strong> o pojemno\u015bci 96 litr\u00f3w przeznaczony jest do pracy w zamkni\u0119tych uk\u0142adach grzewczych m.in. z pompami ciep\u0142a serii PCCO.<br \/>\nBufor dedykowany jest dla pomp ciep\u0142a ze spr\u0119\u017cark\u0105 inwerterow\u0105 o nominalnej mocy grzewczej (A7W35) nie wi\u0119kszej ni\u017c 13kW.<\/p>","protected":false},"featured_media":39186,"comment_status":"closed","ping_status":"closed","template":"","meta":[],"product_brand":[],"product_cat":[167,170],"product_tag":[],"class_list":{"0":"post-36277","1":"product","2":"type-product","3":"status-publish","4":"has-post-thumbnail","6":"product_cat-pompy-ciepla-pcco","7":"product_cat-podgrzewacze-bufory","8":"product_shipping_class-pallet","10":"first","11":"instock","12":"taxable","13":"shipping-taxable","14":"purchasable","15":"product-type-simple"},"_links":{"self":[{"href":"https:\/\/sklep.hewalex.pl\/en\/wp-json\/wp\/v2\/product\/36277","targetHints":{"allow":["GET"]}}],"collection":[{"href":"https:\/\/sklep.hewalex.pl\/en\/wp-json\/wp\/v2\/product"}],"about":[{"href":"https:\/\/sklep.hewalex.pl\/en\/wp-json\/wp\/v2\/types\/product"}],"replies":[{"embeddable":true,"href":"https:\/\/sklep.hewalex.pl\/en\/wp-json\/wp\/v2\/comments?post=36277"}],"wp:featuredmedia":[{"embeddable":true,"href":"https:\/\/sklep.hewalex.pl\/en\/wp-json\/wp\/v2\/media\/39186"}],"wp:attachment":[{"href":"https:\/\/sklep.hewalex.pl\/en\/wp-json\/wp\/v2\/media?parent=36277"}],"wp:term":[{"taxonomy":"product_brand","embeddable":true,"href":"https:\/\/sklep.hewalex.pl\/en\/wp-json\/wp\/v2\/product_brand?post=36277"},{"taxonomy":"product_cat","embeddable":true,"href":"https:\/\/sklep.hewalex.pl\/en\/wp-json\/wp\/v2\/product_cat?post=36277"},{"taxonomy":"product_tag","embeddable":true,"href":"https:\/\/sklep.hewalex.pl\/en\/wp-json\/wp\/v2\/product_tag?post=36277"}],"curies":[{"name":"wp","href":"https:\/\/api.w.org\/{rel}","templated":true}]}}