{"id":35371,"date":"2023-08-04T10:48:48","date_gmt":"2023-08-04T08:48:48","guid":{"rendered":"https:\/\/sklep.hewalex.pl\/?post_type=product&#038;p=35371"},"modified":"2023-08-04T11:07:09","modified_gmt":"2023-08-04T09:07:09","slug":"parawan-plazowy-hewalex","status":"publish","type":"product","link":"https:\/\/sklep.hewalex.pl\/en\/product\/parawan-plazowy-hewalex\/","title":{"rendered":"Parawan pla\u017cowy Hewalex"},"content":{"rendered":"","protected":false},"excerpt":{"rendered":"<p>Parawany reklamowe to hit obecnego sezonu, bo \u0142\u0105czy walory promocyjne i u\u017cytkowe, zwi\u0119ksza bezpiecze\u0144stwo pla\u017cowania. Parawany wykonane ze specjalnego materia\u0142u odpornego na warunki atmosferyczne (w tym s\u0142o\u0144ce i deszcz). W zestawie r\u00f3wnie\u017c specjalne tyczki do mocowania parawanu. Tyczki drewniane z zaostrzonym ko\u0144cem.<\/p>\n<p>Gramatura \u00a0materia\u0142u: 200g<br \/>\nWymiar brytu \u00a0100cmx74cm<\/p>\n<div>\n<div class=\"description woocommerce-product-details__short-description\">\n<p>Czas realizacji zam\u00f3wienia: 10 dni roboczych<\/p>\n<\/div>\n<\/div>","protected":false},"featured_media":35373,"comment_status":"closed","ping_status":"closed","template":"","meta":[],"product_brand":[],"product_cat":[232],"product_tag":[],"class_list":{"0":"post-35371","1":"product","2":"type-product","3":"status-publish","4":"has-post-thumbnail","6":"product_cat-gadzety","7":"product_shipping_class-box","9":"first","10":"instock","11":"taxable","12":"shipping-taxable","13":"purchasable","14":"product-type-simple"},"_links":{"self":[{"href":"https:\/\/sklep.hewalex.pl\/en\/wp-json\/wp\/v2\/product\/35371","targetHints":{"allow":["GET"]}}],"collection":[{"href":"https:\/\/sklep.hewalex.pl\/en\/wp-json\/wp\/v2\/product"}],"about":[{"href":"https:\/\/sklep.hewalex.pl\/en\/wp-json\/wp\/v2\/types\/product"}],"replies":[{"embeddable":true,"href":"https:\/\/sklep.hewalex.pl\/en\/wp-json\/wp\/v2\/comments?post=35371"}],"wp:featuredmedia":[{"embeddable":true,"href":"https:\/\/sklep.hewalex.pl\/en\/wp-json\/wp\/v2\/media\/35373"}],"wp:attachment":[{"href":"https:\/\/sklep.hewalex.pl\/en\/wp-json\/wp\/v2\/media?parent=35371"}],"wp:term":[{"taxonomy":"product_brand","embeddable":true,"href":"https:\/\/sklep.hewalex.pl\/en\/wp-json\/wp\/v2\/product_brand?post=35371"},{"taxonomy":"product_cat","embeddable":true,"href":"https:\/\/sklep.hewalex.pl\/en\/wp-json\/wp\/v2\/product_cat?post=35371"},{"taxonomy":"product_tag","embeddable":true,"href":"https:\/\/sklep.hewalex.pl\/en\/wp-json\/wp\/v2\/product_tag?post=35371"}],"curies":[{"name":"wp","href":"https:\/\/api.w.org\/{rel}","templated":true}]}}