{"id":34689,"date":"2023-06-23T11:25:06","date_gmt":"2023-06-23T09:25:06","guid":{"rendered":"https:\/\/sklep.hewalex.pl\/?post_type=product&#038;p=34689"},"modified":"2026-04-10T00:34:59","modified_gmt":"2026-04-09T22:34:59","slug":"podgrzewacz-okc200ntr-hp","status":"publish","type":"product","link":"https:\/\/sklep.hewalex.pl\/en\/product\/podgrzewacz-okc200ntr-hp\/","title":{"rendered":"Podgrzewacz OKC200NTR\/HP"},"content":{"rendered":"<p>Podgrzewacz posiada jedn\u0105 w\u0119\u017cownic\u0119 grzewcz\u0105 o powierzchni 2,1m<sup>2<\/sup>, dodatkowy kr\u00f3ciec cyrkulacji CWU, jak i kr\u00f3ciec 6\/4\u201d do pod\u0142\u0105czenia grza\u0142ki elektrycznej.<\/p>\n<h2>Pliki do pobrania:<\/h2>\n<p><img decoding=\"async\" class=\"wp-image-1324\" src=\"http:\/\/sklep.hewalex.pl\/wp-content\/uploads\/2018\/05\/pdf-ico-300x300.png\" alt=\"\" width=\"34\" height=\"34\" \/> <a href=\"https:\/\/sklep.hewalex.pl\/wp-content\/uploads\/2023\/06\/Etykieta-okc-200-ntr-hp.pdf\">Etykieta energetyczna &#8211; Podgrzewacz OKC200NTR\/HP<\/a><\/p>\n<p><img decoding=\"async\" class=\"wp-image-1324\" src=\"http:\/\/sklep.hewalex.pl\/wp-content\/uploads\/2018\/05\/pdf-ico-300x300.png\" alt=\"\" width=\"34\" height=\"34\" \/> <a href=\"https:\/\/sklep.hewalex.pl\/wp-content\/uploads\/2023\/07\/Hewalex_Karta-produktu_OKC.pdf\">Karta produktu &#8211; Podgrzewacze OKC<\/a><\/p>\n<p><img decoding=\"async\" class=\"wp-image-1324\" src=\"http:\/\/sklep.hewalex.pl\/wp-content\/uploads\/2018\/05\/pdf-ico-300x300.png\" alt=\"\" width=\"34\" height=\"34\" \/> <a href=\"https:\/\/sklep.hewalex.pl\/wp-content\/uploads\/2020\/02\/HEWALEX_Podgrzewacze-OKC-200-i-300-NTR-HP_instrukcja_10-07-2023.pdf\">Instrukcja obs\u0142ugi &#8211; Podgrzewacz OKC<\/a><\/p>\n<p><img decoding=\"async\" class=\"wp-image-1324\" src=\"http:\/\/sklep.hewalex.pl\/wp-content\/uploads\/2018\/05\/pdf-ico-300x300.png\" alt=\"\" width=\"34\" height=\"34\" \/> <a href=\"https:\/\/sklep.hewalex.pl\/wp-content\/uploads\/2020\/02\/HEWALEX_Podgrzewacze-OKC-200-i-300-NTR-HP_karta-gwarancyjna_10-07-2023.pdf\">Karta gwarancyjna &#8211; Podgrzewacz OKC serii NTR\/HP<\/a><\/p>","protected":false},"excerpt":{"rendered":"<p>Podgrzewacz pojemno\u015bciowy <strong>OKC200NTR\/HP<\/strong> przeznaczony jest do podgrzewania ciep\u0142ej wody u\u017cytkowej przez pomp\u0119 ciep\u0142a lub inne \u017ar\u00f3d\u0142o ciep\u0142a o obni\u017conej temperaturze zasilania.<\/p>\n<p>Podgrzewacz dedykowany jest dla pomp ciep\u0142a ze spr\u0119\u017cark\u0105 inwerterow\u0105 o nominalnej mocy grzewczej (A7W35) nie wi\u0119kszej ni\u017c 11kW.<\/p>","protected":false},"featured_media":3277,"comment_status":"closed","ping_status":"closed","template":"","meta":[],"product_brand":[],"product_cat":[167,170],"product_tag":[],"class_list":{"0":"post-34689","1":"product","2":"type-product","3":"status-publish","4":"has-post-thumbnail","6":"product_cat-pompy-ciepla-pcco","7":"product_cat-podgrzewacze-bufory","8":"product_shipping_class-pallet","10":"first","11":"instock","12":"taxable","13":"shipping-taxable","14":"purchasable","15":"product-type-simple"},"_links":{"self":[{"href":"https:\/\/sklep.hewalex.pl\/en\/wp-json\/wp\/v2\/product\/34689","targetHints":{"allow":["GET"]}}],"collection":[{"href":"https:\/\/sklep.hewalex.pl\/en\/wp-json\/wp\/v2\/product"}],"about":[{"href":"https:\/\/sklep.hewalex.pl\/en\/wp-json\/wp\/v2\/types\/product"}],"replies":[{"embeddable":true,"href":"https:\/\/sklep.hewalex.pl\/en\/wp-json\/wp\/v2\/comments?post=34689"}],"wp:featuredmedia":[{"embeddable":true,"href":"https:\/\/sklep.hewalex.pl\/en\/wp-json\/wp\/v2\/media\/3277"}],"wp:attachment":[{"href":"https:\/\/sklep.hewalex.pl\/en\/wp-json\/wp\/v2\/media?parent=34689"}],"wp:term":[{"taxonomy":"product_brand","embeddable":true,"href":"https:\/\/sklep.hewalex.pl\/en\/wp-json\/wp\/v2\/product_brand?post=34689"},{"taxonomy":"product_cat","embeddable":true,"href":"https:\/\/sklep.hewalex.pl\/en\/wp-json\/wp\/v2\/product_cat?post=34689"},{"taxonomy":"product_tag","embeddable":true,"href":"https:\/\/sklep.hewalex.pl\/en\/wp-json\/wp\/v2\/product_tag?post=34689"}],"curies":[{"name":"wp","href":"https:\/\/api.w.org\/{rel}","templated":true}]}}