{"id":33733,"date":"2023-04-27T13:09:36","date_gmt":"2023-04-27T11:09:36","guid":{"rendered":"https:\/\/sklep.hewalex.pl\/?post_type=product&#038;p=33733"},"modified":"2026-04-10T00:34:55","modified_gmt":"2026-04-09T22:34:55","slug":"tw-solar-tw415map-108-h-s-415-bf","status":"publish","type":"product","link":"https:\/\/sklep.hewalex.pl\/en\/product\/tw-solar-tw415map-108-h-s-415-bf\/","title":{"rendered":"TW SOLAR TW415MAP-108-H-S-415-BF \u2013 SALE"},"content":{"rendered":"<p>Panel fotowoltaiczny TW SOLAR TW415MAP-108-H-S-415-BF wykonany w technologii monokrystalicznej, cechuje si\u0119 wysok\u0105\u00a0 sprawno\u015bci\u0105 si\u0119gaj\u0105c\u0105 21,3%. Panel jest wykonany w technologii\u00a0<strong>ogniw multibusbarowych ci\u0119tych na p\u00f3\u0142 <\/strong>kt\u00f3ra zmniejszy\u0142a straty<strong>, <\/strong>daj\u0105c dodatkowy zysk mocy . Zastosowano tak\u017ce dodatkowe rozwi\u0105zanie dla zwi\u0119kszenia sprawno\u015bci modu\u0142u, czyli\u00a0<strong>High-Density Encapsulation,<\/strong>\u00a0aby otrzyma\u0107 zysk sprawno\u015bci 0,15%. Panele cechuj\u0105 si\u0119 \u00a0zwi\u0119kszonym dopuszczalnym obci\u0105\u017ceniem pr\u0105dem rewersyjnym (zacienienie!).<\/p>\n<h4 class=\"heading-primary\">Korzy\u015bci z technologii zastosowanych w panelu TW SOLAR TW415MAP-108-H-S-415-BF:<\/h4>\n<ul>\n<li>moc wyj\u015bciowa do 415 Wat<\/li>\n<li>obni\u017cona wra\u017cliwo\u015b\u0107 na zacienianie<\/li>\n<li>ni\u017csze ryzyko wyst\u0119powania tzw. hot spot\u00f3w<\/li>\n<li>zwi\u0119kszona odporno\u015b\u0107 na obci\u0105\u017cenia mechaniczne<\/li>\n<li>pe\u0142na swoboda przy projektowaniu instalacji<\/li>\n<li><strong>czarne estetyczne obramowanie panelu<\/strong><\/li>\n<\/ul>\n<p><img decoding=\"async\" class=\"wp-image-1324\" src=\"http:\/\/sklep.hewalex.pl\/wp-content\/uploads\/2018\/05\/pdf-ico-300x300.png\" alt=\"\" width=\"34\" height=\"34\" \/> <a href=\"https:\/\/sklep.hewalex.pl\/wp-content\/uploads\/2023\/04\/Hewalex_TW_SOLAR_panel_TW_SOLAR_TW415MAP-108-H-S-415-BF_Karta_produktu_08-05-2023.pdf\">Informator produktowy &#8211; panel fotowoltaiczny TW SOLAR TW415MAP-108-H-S-415-BF<\/a><\/p>","protected":false},"excerpt":{"rendered":"<p>Panel fotowoltaiczny TW SOLAR \u00a0415 W zbudowany jest z multibusbarowych ogniw ci\u0119tych na p\u00f3\u0142, co gwarantuje wy\u017csz\u0105 moc wyj\u015bciow\u0105, korzystniejszy wsp\u00f3\u0142czynnik temperaturowy, obni\u017con\u0105 wra\u017cliwo\u015b\u0107 na zacienienie, ni\u017csze ryzyko wyst\u0105pienia hot spot\u00f3w oraz wy\u017csz\u0105 odporno\u015b\u0107 na obci\u0105\u017cenia mechaniczne. Cechuje si\u0119 wysok\u0105 sprawno\u015bci\u0105 21,3%.<\/p>\n<p><strong>UWAGA: Panel ma inne rozmiary od standardowego o mocy 380W lub 385W. Posiada czarne obramowanie o grubo\u015bci 30 mm, polecamy dla niego zamawianie dostosowanych <\/strong><a href=\"https:\/\/sklep.hewalex.pl\/pl\/produkt\/docisk-pv-srodkowy-30-czarny-kpl-2-szt\/\"><strong>docisk\u00f3w \u015brodkowych<\/strong><\/a><strong>\u00a0i\u00a0<\/strong><a href=\"https:\/\/sklep.hewalex.pl\/pl\/produkt\/docisk-pv-skrajny-30-czarny-kpl-4-szt\/\"><strong>skrajnych\u00a0<\/strong><\/a><strong>w CZARNYM KOLORZE.<\/strong><\/p>","protected":false},"featured_media":33735,"comment_status":"closed","ping_status":"closed","template":"","meta":[],"product_brand":[],"product_cat":[360,123],"product_tag":[],"class_list":{"0":"post-33733","1":"product","2":"type-product","3":"status-publish","4":"has-post-thumbnail","6":"product_cat-fotowoltaika-wyprzedaz","7":"product_cat-wyprzedaz","8":"product_shipping_class-pallet","10":"first","11":"instock","12":"taxable","13":"shipping-taxable","14":"purchasable","15":"product-type-simple"},"_links":{"self":[{"href":"https:\/\/sklep.hewalex.pl\/en\/wp-json\/wp\/v2\/product\/33733","targetHints":{"allow":["GET"]}}],"collection":[{"href":"https:\/\/sklep.hewalex.pl\/en\/wp-json\/wp\/v2\/product"}],"about":[{"href":"https:\/\/sklep.hewalex.pl\/en\/wp-json\/wp\/v2\/types\/product"}],"replies":[{"embeddable":true,"href":"https:\/\/sklep.hewalex.pl\/en\/wp-json\/wp\/v2\/comments?post=33733"}],"wp:featuredmedia":[{"embeddable":true,"href":"https:\/\/sklep.hewalex.pl\/en\/wp-json\/wp\/v2\/media\/33735"}],"wp:attachment":[{"href":"https:\/\/sklep.hewalex.pl\/en\/wp-json\/wp\/v2\/media?parent=33733"}],"wp:term":[{"taxonomy":"product_brand","embeddable":true,"href":"https:\/\/sklep.hewalex.pl\/en\/wp-json\/wp\/v2\/product_brand?post=33733"},{"taxonomy":"product_cat","embeddable":true,"href":"https:\/\/sklep.hewalex.pl\/en\/wp-json\/wp\/v2\/product_cat?post=33733"},{"taxonomy":"product_tag","embeddable":true,"href":"https:\/\/sklep.hewalex.pl\/en\/wp-json\/wp\/v2\/product_tag?post=33733"}],"curies":[{"name":"wp","href":"https:\/\/api.w.org\/{rel}","templated":true}]}}