{"id":3296,"date":"2020-02-07T08:53:51","date_gmt":"2020-02-07T07:53:51","guid":{"rendered":"https:\/\/sklep.hewalex.pl\/?post_type=product&#038;p=3296"},"modified":"2026-04-08T10:16:39","modified_gmt":"2026-04-08T08:16:39","slug":"grzalka-eliko-45kw-400v-6-4","status":"publish","type":"product","link":"https:\/\/sklep.hewalex.pl\/en\/product\/grzalka-eliko-45kw-400v-6-4\/","title":{"rendered":"Grza\u0142ka ELIKO 4,5kW-400V-6\/4&#8243;"},"content":{"rendered":"<div class=\"row\">\n<div class=\"col-xs-12\">\n<div class=\"row\">\n<div class=\"col-xs-12\">\n<div class=\"row\">\n<div class=\"col-xs-12\">\n<p>Grza\u0142ka\u00a0elektryczna\u00a0ELIKO 4,5kW-400V-6\/4&#8243; s\u0142u\u017cy r\u00f3wnie\u017c do wsparcia pracy pomp ciep\u0142a typu powietrze\/woda PCCO SPLIT, poprzez umieszczenie jej w\u00a0zasobniku buforowym wody grzewczej.\u00a0Grza\u0142ka jest przystosowana do zasilania 3-fazowego. Moc grza\u0142ki 4,5 kW regulowana jest 3-stopniowo. Wbudowany termostat pozwala na nastaw\u0119 temperatury podgrzewanej wody od 20 do 80\u00a0<sup>o<\/sup>C.<\/p>\n<p>&nbsp;<\/p>\n<p><img decoding=\"async\" class=\"wp-image-1324\" src=\"http:\/\/sklep.hewalex.pl\/wp-content\/uploads\/2018\/05\/pdf-ico-300x300.png\" alt=\"\" width=\"34\" height=\"34\" \/> <a href=\"https:\/\/sklep.hewalex.pl\/wp-content\/uploads\/2020\/02\/instrukcja-obslugi-i-warunki-gwarancji-grzalki-eliko-1-1.pdf\">Instrukcja obs\u0142ugi i warunki gwarancji grza\u0142ki ELIKO 4,5 kW<\/a><\/p>\n<p><img decoding=\"async\" class=\"wp-image-1324\" src=\"http:\/\/sklep.hewalex.pl\/wp-content\/uploads\/2018\/05\/pdf-ico-300x300.png\" alt=\"\" width=\"34\" height=\"34\" \/> <a href=\"https:\/\/sklep.hewalex.pl\/wp-content\/uploads\/2022\/09\/wymiary-grzalka-powyzej-2kW-02-2022.pdf\">Wymiary grza\u0142ki ELIKO<\/a><\/p>\n<\/div>\n<\/div>\n<\/div>\n<div class=\"row\">\n<div class=\"col-xs-12\">\n<div class=\"featured-boxes featured-boxes-style-3\">\n<div class=\"row\">\n<div class=\"col-md-3\">\n<div class=\"featured-box featured-box-primary featured-box-effect-3\">\n<div class=\"box-content pl-sm pr-sm\"><\/div>\n<\/div>\n<\/div>\n<\/div>\n<\/div>\n<\/div>\n<\/div>\n<\/div>\n<\/div>\n<\/div>","protected":false},"excerpt":{"rendered":"<p>Grza\u0142ka elektryczna<strong>\u00a0ELIKO 4,5kW-400V-6\/4&#8243;<\/strong> przeznaczona jest do podgrzewania ciep\u0142ej wody u\u017cytkowej lub wody grzewczej. Mo\u017cliwe jest zastosowanie grza\u0142ki w podgrzewaczach pojemno\u015bciowych ciep\u0142ej wody u\u017cytkowej wyposa\u017conych w kr\u00f3ciec\u00a06\/4&#8243;: serii OKC, VF, SAC.<\/p>","protected":false},"featured_media":3431,"comment_status":"closed","ping_status":"closed","template":"","meta":[],"product_brand":[],"product_cat":[167,172],"product_tag":[],"class_list":{"0":"post-3296","1":"product","2":"type-product","3":"status-publish","4":"has-post-thumbnail","6":"product_cat-pompy-ciepla-pcco","7":"product_cat-osprzet-dodatkowy-pompy-ciepla-pcco","8":"product_shipping_class-box","10":"first","11":"instock","12":"taxable","13":"shipping-taxable","14":"purchasable","15":"product-type-simple"},"_links":{"self":[{"href":"https:\/\/sklep.hewalex.pl\/en\/wp-json\/wp\/v2\/product\/3296","targetHints":{"allow":["GET"]}}],"collection":[{"href":"https:\/\/sklep.hewalex.pl\/en\/wp-json\/wp\/v2\/product"}],"about":[{"href":"https:\/\/sklep.hewalex.pl\/en\/wp-json\/wp\/v2\/types\/product"}],"replies":[{"embeddable":true,"href":"https:\/\/sklep.hewalex.pl\/en\/wp-json\/wp\/v2\/comments?post=3296"}],"wp:featuredmedia":[{"embeddable":true,"href":"https:\/\/sklep.hewalex.pl\/en\/wp-json\/wp\/v2\/media\/3431"}],"wp:attachment":[{"href":"https:\/\/sklep.hewalex.pl\/en\/wp-json\/wp\/v2\/media?parent=3296"}],"wp:term":[{"taxonomy":"product_brand","embeddable":true,"href":"https:\/\/sklep.hewalex.pl\/en\/wp-json\/wp\/v2\/product_brand?post=3296"},{"taxonomy":"product_cat","embeddable":true,"href":"https:\/\/sklep.hewalex.pl\/en\/wp-json\/wp\/v2\/product_cat?post=3296"},{"taxonomy":"product_tag","embeddable":true,"href":"https:\/\/sklep.hewalex.pl\/en\/wp-json\/wp\/v2\/product_tag?post=3296"}],"curies":[{"name":"wp","href":"https:\/\/api.w.org\/{rel}","templated":true}]}}