{"id":30923,"date":"2022-10-27T09:47:03","date_gmt":"2022-10-27T07:47:03","guid":{"rendered":"https:\/\/sklep.hewalex.pl\/?post_type=product&#038;p=30923"},"modified":"2026-04-10T00:49:50","modified_gmt":"2026-04-09T22:49:50","slug":"przeplywomierz-elektroniczny-120l-gz5-4","status":"publish","type":"product","link":"https:\/\/sklep.hewalex.pl\/en\/product\/przeplywomierz-elektroniczny-120l-gz5-4\/","title":{"rendered":"Przep\u0142ywomierz elektroniczny 120L GZ5\/4\u201d"},"content":{"rendered":"<div class=\"row\">\n<div class=\"col-xs-12\">\n<h2>Pliki do pobrania:<\/h2>\n<p><img decoding=\"async\" class=\"wp-image-1324\" src=\"http:\/\/sklep.hewalex.pl\/wp-content\/uploads\/2018\/05\/pdf-ico-300x300.png\" alt=\"\" width=\"34\" height=\"34\" \/> <a href=\"https:\/\/sklep.hewalex.pl\/wp-content\/uploads\/2022\/10\/HEWALEX_Przeplywomierz-impulsowy_Instrukcja-obslugi-i-montazu_24-09-2024.pdf\">Instrukcja monta\u017cu przep\u0142ywomierza elektronicznego 120L GZ5\/4\u201d<\/a><\/p>\n<\/div>\n<\/div>","protected":false},"excerpt":{"rendered":"<p>Przep\u0142ywomierz elektroniczny 120L GZ5\/4\u201d przeznaczony jest do wsp\u00f3\u0142pracy z pompami ciep\u0142a PCCO MONO wyposa\u017conymi w Modu\u0142 Zabezpieczaj\u0105cy PZ HX lub Modu\u0142em Zabezpieczaj\u0105cym PZ HX w wersji autonomicznej. Urz\u0105dzenie s\u0142u\u017cy do pomiaru przep\u0142ywu no\u015bnika ciep\u0142a. Wyposa\u017cony jest w czujnik Halla oraz nadajnik impuls\u00f3w.<\/p>","protected":false},"featured_media":30925,"comment_status":"closed","ping_status":"closed","template":"","meta":[],"product_brand":[],"product_cat":[167,172],"product_tag":[],"class_list":{"0":"post-30923","1":"product","2":"type-product","3":"status-publish","4":"has-post-thumbnail","6":"product_cat-pompy-ciepla-pcco","7":"product_cat-osprzet-dodatkowy-pompy-ciepla-pcco","8":"product_shipping_class-box","10":"first","11":"instock","12":"taxable","13":"shipping-taxable","14":"purchasable","15":"product-type-simple"},"_links":{"self":[{"href":"https:\/\/sklep.hewalex.pl\/en\/wp-json\/wp\/v2\/product\/30923","targetHints":{"allow":["GET"]}}],"collection":[{"href":"https:\/\/sklep.hewalex.pl\/en\/wp-json\/wp\/v2\/product"}],"about":[{"href":"https:\/\/sklep.hewalex.pl\/en\/wp-json\/wp\/v2\/types\/product"}],"replies":[{"embeddable":true,"href":"https:\/\/sklep.hewalex.pl\/en\/wp-json\/wp\/v2\/comments?post=30923"}],"wp:featuredmedia":[{"embeddable":true,"href":"https:\/\/sklep.hewalex.pl\/en\/wp-json\/wp\/v2\/media\/30925"}],"wp:attachment":[{"href":"https:\/\/sklep.hewalex.pl\/en\/wp-json\/wp\/v2\/media?parent=30923"}],"wp:term":[{"taxonomy":"product_brand","embeddable":true,"href":"https:\/\/sklep.hewalex.pl\/en\/wp-json\/wp\/v2\/product_brand?post=30923"},{"taxonomy":"product_cat","embeddable":true,"href":"https:\/\/sklep.hewalex.pl\/en\/wp-json\/wp\/v2\/product_cat?post=30923"},{"taxonomy":"product_tag","embeddable":true,"href":"https:\/\/sklep.hewalex.pl\/en\/wp-json\/wp\/v2\/product_tag?post=30923"}],"curies":[{"name":"wp","href":"https:\/\/api.w.org\/{rel}","templated":true}]}}