{"id":2675,"date":"2019-12-04T13:31:47","date_gmt":"2019-12-04T12:31:47","guid":{"rendered":"https:\/\/sklep.hewalex.pl\/?post_type=product&#038;p=2675"},"modified":"2026-04-16T13:12:42","modified_gmt":"2026-04-16T11:12:42","slug":"zestaw-laczacy-stope-konstrukcji-z-profilem-40x40","status":"publish","type":"product","link":"https:\/\/sklep.hewalex.pl\/en\/product\/zestaw-laczacy-stope-konstrukcji-z-profilem-40x40\/","title":{"rendered":"ZESTAW \u0141\u0104CZ\u0104CY STOP\u0118 KONSTRUKCJI Z PROFILEM PV44"},"content":{"rendered":"<p><img decoding=\"async\" class=\"alignnone size-full wp-image-4859\" src=\"https:\/\/sklep.hewalex.pl\/wp-content\/uploads\/2020\/02\/workplace-skills-icons-download-free-png-and-vector-icons-311902.png\" alt=\"\" width=\"20\" height=\"20\" \/><strong> INSTRUKCJE MONTA\u017bU<\/strong> &#8211; dost\u0119pne s\u0105 na stronie hewalex.pl w dziale: <a href=\"https:\/\/www.hewalex.pl\/strefa-profesjonalisty\/do-pobrania\/dokumentacja-techniczna\/\">Strefa profesjonalisty\/Do pobrania\/<span class=\"current\">Dokumentacja techniczna<\/span><\/a>.<\/p>","protected":false},"excerpt":{"rendered":"<p>Zestaw \u0142\u0105cz\u0105cy stop\u0119 konstrukcji z profilem 40X40 pozwala przykr\u0119ci\u0107 stop\u0119 konstrukcji z uchwytem do dachu sko\u015bnego tam gdzie bezpo\u015bredni monta\u017c konstrukcji jest niemo\u017cliwy (np. dachy o niewielkim pochyleniu pokryte np. blachodach\u00f3wk\u0105 lub blach\u0105 trapezow\u0105).<\/p>","protected":false},"featured_media":2676,"comment_status":"closed","ping_status":"closed","template":"","meta":[],"product_brand":[],"product_cat":[131,135,154],"product_tag":[],"class_list":{"0":"post-2675","1":"product","2":"type-product","3":"status-publish","4":"has-post-thumbnail","6":"product_cat-fotowoltaika","7":"product_cat-systemy-mocowania","8":"product_cat-elementy-dodatkowe","9":"product_shipping_class-box","11":"first","12":"instock","13":"taxable","14":"shipping-taxable","15":"purchasable","16":"product-type-simple"},"_links":{"self":[{"href":"https:\/\/sklep.hewalex.pl\/en\/wp-json\/wp\/v2\/product\/2675","targetHints":{"allow":["GET"]}}],"collection":[{"href":"https:\/\/sklep.hewalex.pl\/en\/wp-json\/wp\/v2\/product"}],"about":[{"href":"https:\/\/sklep.hewalex.pl\/en\/wp-json\/wp\/v2\/types\/product"}],"replies":[{"embeddable":true,"href":"https:\/\/sklep.hewalex.pl\/en\/wp-json\/wp\/v2\/comments?post=2675"}],"wp:featuredmedia":[{"embeddable":true,"href":"https:\/\/sklep.hewalex.pl\/en\/wp-json\/wp\/v2\/media\/2676"}],"wp:attachment":[{"href":"https:\/\/sklep.hewalex.pl\/en\/wp-json\/wp\/v2\/media?parent=2675"}],"wp:term":[{"taxonomy":"product_brand","embeddable":true,"href":"https:\/\/sklep.hewalex.pl\/en\/wp-json\/wp\/v2\/product_brand?post=2675"},{"taxonomy":"product_cat","embeddable":true,"href":"https:\/\/sklep.hewalex.pl\/en\/wp-json\/wp\/v2\/product_cat?post=2675"},{"taxonomy":"product_tag","embeddable":true,"href":"https:\/\/sklep.hewalex.pl\/en\/wp-json\/wp\/v2\/product_tag?post=2675"}],"curies":[{"name":"wp","href":"https:\/\/api.w.org\/{rel}","templated":true}]}}