{"id":26422,"date":"2022-04-11T09:27:18","date_gmt":"2022-04-11T07:27:18","guid":{"rendered":"https:\/\/sklep.hewalex.pl\/?post_type=product&#038;p=26422"},"modified":"2026-04-21T19:34:20","modified_gmt":"2026-04-21T17:34:20","slug":"__trashed","status":"publish","type":"product","link":"https:\/\/sklep.hewalex.pl\/en\/product\/__trashed\/","title":{"rendered":"Filtr magnetyczny DN32 GW5\/4\u201d"},"content":{"rendered":"<div class=\"row\">\n<div class=\"col-xs-12\">\n<p>Sitko o oczkach wielko\u015bci 650 mikron\u00f3w wychwytuje zanieczyszczenia mechaniczne (piasek, opi\u0142ki, osad biologiczny), uniemo\u017cliwiaj\u0105c ich dalszy obieg w instalacji. Zintegrowany z zaworem spustowym magnes wychwytuje drobne cz\u0105steczki ferromagnetyczne.<\/p>\n<p>Taka ochrona zapewnia d\u0142ug\u0105 \u017cywotno\u015b\u0107 urz\u0105dze\u0144 oraz pozwala spe\u0142ni\u0107 warunki gwarancyjne wi\u0119kszo\u015bci producent\u00f3w podzespo\u0142\u00f3w urz\u0105dze\u0144 grzewczych, w szczeg\u00f3lno\u015bci pomp obiegowych oraz wymiennik\u00f3w p\u0142ytowych.<\/p>\n<h2>Pliki do pobrania:<\/h2>\n<p><img decoding=\"async\" class=\"wp-image-1324\" src=\"http:\/\/sklep.hewalex.pl\/wp-content\/uploads\/2018\/05\/pdf-ico-300x300.png\" alt=\"\" width=\"34\" height=\"34\" \/> <a href=\"https:\/\/sklep.hewalex.pl\/wp-content\/uploads\/2022\/04\/HEWALEX_Filtr_magnetyczny_30-03-2022.pdf\">Instrukcja obs\u0142ugi i monta\u017cu filtra magnetycznego<\/a><\/p>\n<\/div>\n<\/div>","protected":false},"excerpt":{"rendered":"<p>Filtr sko\u015bny z magnesem neodymowym oraz zaworem spustowym ma za zadanie wykonywa\u0107 podw\u00f3jn\u0105 filtracj\u0119 czynnika grzewczego w instalacji centralnego ogrzewania. Zaw\u00f3r spustowy zintegrowany z korpusem filtra umo\u017cliwia p\u0142ukanie siatki osadnikowej bez potrzeby odkr\u0119cania pokrywy filtra.<\/p>","protected":false},"featured_media":26476,"comment_status":"closed","ping_status":"closed","template":"","meta":[],"product_brand":[],"product_cat":[167,172],"product_tag":[],"class_list":{"0":"post-26422","1":"product","2":"type-product","3":"status-publish","4":"has-post-thumbnail","6":"product_cat-pompy-ciepla-pcco","7":"product_cat-osprzet-dodatkowy-pompy-ciepla-pcco","8":"product_shipping_class-box","10":"first","11":"instock","12":"taxable","13":"shipping-taxable","14":"purchasable","15":"product-type-simple"},"_links":{"self":[{"href":"https:\/\/sklep.hewalex.pl\/en\/wp-json\/wp\/v2\/product\/26422","targetHints":{"allow":["GET"]}}],"collection":[{"href":"https:\/\/sklep.hewalex.pl\/en\/wp-json\/wp\/v2\/product"}],"about":[{"href":"https:\/\/sklep.hewalex.pl\/en\/wp-json\/wp\/v2\/types\/product"}],"replies":[{"embeddable":true,"href":"https:\/\/sklep.hewalex.pl\/en\/wp-json\/wp\/v2\/comments?post=26422"}],"wp:featuredmedia":[{"embeddable":true,"href":"https:\/\/sklep.hewalex.pl\/en\/wp-json\/wp\/v2\/media\/26476"}],"wp:attachment":[{"href":"https:\/\/sklep.hewalex.pl\/en\/wp-json\/wp\/v2\/media?parent=26422"}],"wp:term":[{"taxonomy":"product_brand","embeddable":true,"href":"https:\/\/sklep.hewalex.pl\/en\/wp-json\/wp\/v2\/product_brand?post=26422"},{"taxonomy":"product_cat","embeddable":true,"href":"https:\/\/sklep.hewalex.pl\/en\/wp-json\/wp\/v2\/product_cat?post=26422"},{"taxonomy":"product_tag","embeddable":true,"href":"https:\/\/sklep.hewalex.pl\/en\/wp-json\/wp\/v2\/product_tag?post=26422"}],"curies":[{"name":"wp","href":"https:\/\/api.w.org\/{rel}","templated":true}]}}