{"id":24358,"date":"2022-03-01T11:54:59","date_gmt":"2022-03-01T10:54:59","guid":{"rendered":"https:\/\/sklep.hewalex.pl\/?post_type=product&#038;p=24358"},"modified":"2026-04-21T19:34:02","modified_gmt":"2026-04-21T17:34:02","slug":"ogranicznik-przepiec-pv125-bc-2npe-1000v","status":"publish","type":"product","link":"https:\/\/sklep.hewalex.pl\/en\/product\/ogranicznik-przepiec-pv125-bc-2npe-1000v\/","title":{"rendered":"OGRANICZNIK PRZEPI\u0118\u0106 PV12,5 B+C\/2+NPE \u2013 1000V"},"content":{"rendered":"<p><img decoding=\"async\" class=\"wp-image-1324\" src=\"http:\/\/sklep.hewalex.pl\/wp-content\/uploads\/2018\/05\/pdf-ico-300x300.png\" alt=\"\" width=\"34\" height=\"34\" \/> <a href=\"https:\/\/sklep.hewalex.pl\/wp-content\/uploads\/2022\/03\/125bc_2npe.pdf\">Informator produktowy\u00a0&#8211; ogranicznik PV12,5 B+C\/2+NPE &#8211; 1000V<\/a><\/p>","protected":false},"excerpt":{"rendered":"<p>Ograniczniki przepi\u0119\u0107 <strong>DC typu 1+2 (B+C)<\/strong> do ochrony instalacji fotowoltaicznych. Wyposa\u017cony we wska\u017anik dzia\u0142ania (zielony \u2013 ochrona, czerwony \u2013 brak ochrony).<\/p>","protected":false},"featured_media":24548,"comment_status":"closed","ping_status":"closed","template":"","meta":[],"product_brand":[],"product_cat":[131,137],"product_tag":[],"class_list":{"0":"post-24358","1":"product","2":"type-product","3":"status-publish","4":"has-post-thumbnail","6":"product_cat-fotowoltaika","7":"product_cat-osprzet-elektryczny","8":"product_shipping_class-box","10":"first","11":"instock","12":"taxable","13":"shipping-taxable","14":"purchasable","15":"product-type-simple"},"_links":{"self":[{"href":"https:\/\/sklep.hewalex.pl\/en\/wp-json\/wp\/v2\/product\/24358","targetHints":{"allow":["GET"]}}],"collection":[{"href":"https:\/\/sklep.hewalex.pl\/en\/wp-json\/wp\/v2\/product"}],"about":[{"href":"https:\/\/sklep.hewalex.pl\/en\/wp-json\/wp\/v2\/types\/product"}],"replies":[{"embeddable":true,"href":"https:\/\/sklep.hewalex.pl\/en\/wp-json\/wp\/v2\/comments?post=24358"}],"wp:featuredmedia":[{"embeddable":true,"href":"https:\/\/sklep.hewalex.pl\/en\/wp-json\/wp\/v2\/media\/24548"}],"wp:attachment":[{"href":"https:\/\/sklep.hewalex.pl\/en\/wp-json\/wp\/v2\/media?parent=24358"}],"wp:term":[{"taxonomy":"product_brand","embeddable":true,"href":"https:\/\/sklep.hewalex.pl\/en\/wp-json\/wp\/v2\/product_brand?post=24358"},{"taxonomy":"product_cat","embeddable":true,"href":"https:\/\/sklep.hewalex.pl\/en\/wp-json\/wp\/v2\/product_cat?post=24358"},{"taxonomy":"product_tag","embeddable":true,"href":"https:\/\/sklep.hewalex.pl\/en\/wp-json\/wp\/v2\/product_tag?post=24358"}],"curies":[{"name":"wp","href":"https:\/\/api.w.org\/{rel}","templated":true}]}}