{"id":21975,"date":"2021-12-27T11:47:10","date_gmt":"2021-12-27T10:47:10","guid":{"rendered":"https:\/\/sklep.hewalex.pl\/?post_type=product&#038;p=21975"},"modified":"2026-04-06T14:34:01","modified_gmt":"2026-04-06T12:34:01","slug":"nakladka-montazowa-zestaw","status":"publish","type":"product","link":"https:\/\/sklep.hewalex.pl\/en\/product\/nakladka-montazowa-zestaw\/","title":{"rendered":"NAK\u0141ADKA MONTA\u017bOWA &#8211; ZESTAW"},"content":{"rendered":"","protected":false},"excerpt":{"rendered":"<p>Zestaw monta\u017cowy sk\u0142ada si\u0119 z<strong> nak\u0142adki i \u015bruby monta\u017cowej<\/strong>. Zestaw montuje si\u0119 do uziomu i przed\u0142u\u017cek w celu wbijania r\u0119cznego lub za pomoc\u0105 SDS MAX.<\/p>","protected":false},"featured_media":21976,"comment_status":"closed","ping_status":"closed","template":"","meta":[],"product_brand":[],"product_cat":[131,137],"product_tag":[],"class_list":{"0":"post-21975","1":"product","2":"type-product","3":"status-publish","4":"has-post-thumbnail","6":"product_cat-fotowoltaika","7":"product_cat-osprzet-elektryczny","8":"product_shipping_class-box","10":"first","11":"instock","12":"taxable","13":"shipping-taxable","14":"purchasable","15":"product-type-simple"},"_links":{"self":[{"href":"https:\/\/sklep.hewalex.pl\/en\/wp-json\/wp\/v2\/product\/21975","targetHints":{"allow":["GET"]}}],"collection":[{"href":"https:\/\/sklep.hewalex.pl\/en\/wp-json\/wp\/v2\/product"}],"about":[{"href":"https:\/\/sklep.hewalex.pl\/en\/wp-json\/wp\/v2\/types\/product"}],"replies":[{"embeddable":true,"href":"https:\/\/sklep.hewalex.pl\/en\/wp-json\/wp\/v2\/comments?post=21975"}],"wp:featuredmedia":[{"embeddable":true,"href":"https:\/\/sklep.hewalex.pl\/en\/wp-json\/wp\/v2\/media\/21976"}],"wp:attachment":[{"href":"https:\/\/sklep.hewalex.pl\/en\/wp-json\/wp\/v2\/media?parent=21975"}],"wp:term":[{"taxonomy":"product_brand","embeddable":true,"href":"https:\/\/sklep.hewalex.pl\/en\/wp-json\/wp\/v2\/product_brand?post=21975"},{"taxonomy":"product_cat","embeddable":true,"href":"https:\/\/sklep.hewalex.pl\/en\/wp-json\/wp\/v2\/product_cat?post=21975"},{"taxonomy":"product_tag","embeddable":true,"href":"https:\/\/sklep.hewalex.pl\/en\/wp-json\/wp\/v2\/product_tag?post=21975"}],"curies":[{"name":"wp","href":"https:\/\/api.w.org\/{rel}","templated":true}]}}