{"id":21857,"date":"2022-03-25T09:49:27","date_gmt":"2022-03-25T08:49:27","guid":{"rendered":"https:\/\/sklep.hewalex.pl\/?post_type=product&#038;p=21857"},"modified":"2026-04-06T14:33:59","modified_gmt":"2026-04-06T12:33:59","slug":"uziemienie-zestaw","status":"publish","type":"product","link":"https:\/\/sklep.hewalex.pl\/en\/product\/uziemienie-zestaw\/","title":{"rendered":"UZIEMIENIE &#8211; ZESTAW"},"content":{"rendered":"","protected":false},"excerpt":{"rendered":"<p>Kompletny zestaw uziomu zawieraj\u0105cy: UZIEMIENIE PIONOWE &#8211; BAZA &#8211; L1500; UZIEMIENIE PIONOWE &#8211; PRZED\u0141U\u017bKA &#8211; L1500; MUFA \u0141\u0104CZ\u0104CA; ZACISK UZIEMIENIA;\u00a0NAK\u0141ADKA MONTA\u017bOWA &#8211; ZESTAW.<\/p>","protected":false},"featured_media":21872,"comment_status":"closed","ping_status":"closed","template":"","meta":[],"product_brand":[],"product_cat":[131,137],"product_tag":[],"class_list":{"0":"post-21857","1":"product","2":"type-product","3":"status-publish","4":"has-post-thumbnail","6":"product_cat-fotowoltaika","7":"product_cat-osprzet-elektryczny","8":"product_shipping_class-box","10":"first","11":"instock","12":"taxable","13":"shipping-taxable","14":"purchasable","15":"product-type-simple"},"_links":{"self":[{"href":"https:\/\/sklep.hewalex.pl\/en\/wp-json\/wp\/v2\/product\/21857","targetHints":{"allow":["GET"]}}],"collection":[{"href":"https:\/\/sklep.hewalex.pl\/en\/wp-json\/wp\/v2\/product"}],"about":[{"href":"https:\/\/sklep.hewalex.pl\/en\/wp-json\/wp\/v2\/types\/product"}],"replies":[{"embeddable":true,"href":"https:\/\/sklep.hewalex.pl\/en\/wp-json\/wp\/v2\/comments?post=21857"}],"wp:featuredmedia":[{"embeddable":true,"href":"https:\/\/sklep.hewalex.pl\/en\/wp-json\/wp\/v2\/media\/21872"}],"wp:attachment":[{"href":"https:\/\/sklep.hewalex.pl\/en\/wp-json\/wp\/v2\/media?parent=21857"}],"wp:term":[{"taxonomy":"product_brand","embeddable":true,"href":"https:\/\/sklep.hewalex.pl\/en\/wp-json\/wp\/v2\/product_brand?post=21857"},{"taxonomy":"product_cat","embeddable":true,"href":"https:\/\/sklep.hewalex.pl\/en\/wp-json\/wp\/v2\/product_cat?post=21857"},{"taxonomy":"product_tag","embeddable":true,"href":"https:\/\/sklep.hewalex.pl\/en\/wp-json\/wp\/v2\/product_tag?post=21857"}],"curies":[{"name":"wp","href":"https:\/\/api.w.org\/{rel}","templated":true}]}}